{"id":24583,"date":"2020-12-18T17:10:38","date_gmt":"2020-12-18T16:10:38","guid":{"rendered":"https:\/\/www.interbusinesschamber.com\/produit\/gourmadise\/"},"modified":"2020-12-29T09:42:06","modified_gmt":"2020-12-29T08:42:06","slug":"gourmadise","status":"publish","type":"product","link":"https:\/\/www.sopha-sahara.com\/en\/product\/gourmadise\/","title":{"rendered":"Gourmadise"},"content":{"rendered":"","protected":false},"excerpt":{"rendered":"<div class=\"kvgmc6g5 cxmmr5t8 oygrvhab hcukyx3x c1et5uql ii04i59q\">\n<div dir=\"auto\">Mielli La Gourmandise<\/div>\n<div dir=\"auto\">Les gourmandise C&rsquo;est un m\u00e9lange de miel onctueuse bio avec des fruits sec :<\/div>\n<div dir=\"auto\">noix, noisettes et amande Bon, frais, bio, croustillant et d\u00e9licieux pour un go\u00fbt unique.<\/div>\n<\/div>\n<div class=\"o9v6fnle cxmmr5t8 oygrvhab hcukyx3x c1et5uql ii04i59q\">\n<div dir=\"auto\">Vertus :<\/div>\n<div dir=\"auto\">Cette association est une source riche en min\u00e9raux, vitamines,oligo-\u00e9l\u00e9ment et prot\u00e9ines pour d\u00e9buter une journ\u00e9e pleine d&rsquo;\u00e9nergie.<\/div>\n<\/div>","protected":false},"featured_media":24590,"template":"","meta":{"arc_restricted_post":false},"product_cat":[49,341],"product_tag":[],"_links":{"self":[{"href":"https:\/\/www.sopha-sahara.com\/en\/wp-json\/wp\/v2\/product\/24583"}],"collection":[{"href":"https:\/\/www.sopha-sahara.com\/en\/wp-json\/wp\/v2\/product"}],"about":[{"href":"https:\/\/www.sopha-sahara.com\/en\/wp-json\/wp\/v2\/types\/product"}],"wp:featuredmedia":[{"embeddable":true,"href":"https:\/\/www.sopha-sahara.com\/en\/wp-json\/wp\/v2\/media\/24590"}],"wp:attachment":[{"href":"https:\/\/www.sopha-sahara.com\/en\/wp-json\/wp\/v2\/media?parent=24583"}],"wp:term":[{"taxonomy":"product_cat","embeddable":true,"href":"https:\/\/www.sopha-sahara.com\/en\/wp-json\/wp\/v2\/product_cat?post=24583"},{"taxonomy":"product_tag","embeddable":true,"href":"https:\/\/www.sopha-sahara.com\/en\/wp-json\/wp\/v2\/product_tag?post=24583"}],"curies":[{"name":"wp","href":"https:\/\/api.w.org\/{rel}","templated":true}]}}