{"id":24582,"date":"2020-12-18T17:10:38","date_gmt":"2020-12-18T16:10:38","guid":{"rendered":"https:\/\/www.interbusinesschamber.com\/produit\/mielii-gingembre-et-curcuma\/"},"modified":"2020-12-29T09:40:43","modified_gmt":"2020-12-29T08:40:43","slug":"mielii-gingembre-et-curcuma","status":"publish","type":"product","link":"https:\/\/www.sopha-sahara.com\/en\/product\/mielii-gingembre-et-curcuma\/","title":{"rendered":"Mielii gingembre et curcuma"},"content":{"rendered":"","protected":false},"excerpt":{"rendered":"<div dir=\"auto\">Mielii gingembre et curcuma<\/div>\n<div dir=\"auto\">Confort articulaire, anti-inflamatoire et protection de la flore intestinale<\/div>\n<div dir=\"auto\">un v\u00e9ritable concentr\u00e9 de bien-\u00eatre<\/div>","protected":false},"featured_media":24597,"template":"","meta":{"arc_restricted_post":false},"product_cat":[49,341],"product_tag":[],"_links":{"self":[{"href":"https:\/\/www.sopha-sahara.com\/en\/wp-json\/wp\/v2\/product\/24582"}],"collection":[{"href":"https:\/\/www.sopha-sahara.com\/en\/wp-json\/wp\/v2\/product"}],"about":[{"href":"https:\/\/www.sopha-sahara.com\/en\/wp-json\/wp\/v2\/types\/product"}],"wp:featuredmedia":[{"embeddable":true,"href":"https:\/\/www.sopha-sahara.com\/en\/wp-json\/wp\/v2\/media\/24597"}],"wp:attachment":[{"href":"https:\/\/www.sopha-sahara.com\/en\/wp-json\/wp\/v2\/media?parent=24582"}],"wp:term":[{"taxonomy":"product_cat","embeddable":true,"href":"https:\/\/www.sopha-sahara.com\/en\/wp-json\/wp\/v2\/product_cat?post=24582"},{"taxonomy":"product_tag","embeddable":true,"href":"https:\/\/www.sopha-sahara.com\/en\/wp-json\/wp\/v2\/product_tag?post=24582"}],"curies":[{"name":"wp","href":"https:\/\/api.w.org\/{rel}","templated":true}]}}