{"id":24581,"date":"2020-12-18T17:10:37","date_gmt":"2020-12-18T16:10:37","guid":{"rendered":"https:\/\/www.interbusinesschamber.com\/produit\/mielii-et-curcuma\/"},"modified":"2020-12-29T09:48:48","modified_gmt":"2020-12-29T08:48:48","slug":"mielii-et-curcuma","status":"publish","type":"product","link":"https:\/\/www.sopha-sahara.com\/en\/product\/mielii-et-curcuma\/","title":{"rendered":"Mielii et curcuma"},"content":{"rendered":"","protected":false},"excerpt":{"rendered":"<div dir=\"auto\">Mielii currcuma<\/div>\n<div dir=\"auto\">Fusion de Miel et curcuma pour un soulagement articulaire<\/div>\n<div dir=\"auto\">Nul besoin d\u2019attendre une maladie pour se soigner, consommez le miel de mani\u00e8re pr\u00e9ventive, \u00e0 raison d\u2019une cuill\u00e8re \u00e0 caf\u00e9 tous les matins \u00e0 jeun. C\u2019est pour \u00e7a que les produits Mielii resterons les meilleurs alli\u00e9s pour votre sant\u00e9.<\/div>","protected":false},"featured_media":24596,"template":"","meta":{"arc_restricted_post":false},"product_cat":[49,341],"product_tag":[],"_links":{"self":[{"href":"https:\/\/www.sopha-sahara.com\/en\/wp-json\/wp\/v2\/product\/24581"}],"collection":[{"href":"https:\/\/www.sopha-sahara.com\/en\/wp-json\/wp\/v2\/product"}],"about":[{"href":"https:\/\/www.sopha-sahara.com\/en\/wp-json\/wp\/v2\/types\/product"}],"wp:featuredmedia":[{"embeddable":true,"href":"https:\/\/www.sopha-sahara.com\/en\/wp-json\/wp\/v2\/media\/24596"}],"wp:attachment":[{"href":"https:\/\/www.sopha-sahara.com\/en\/wp-json\/wp\/v2\/media?parent=24581"}],"wp:term":[{"taxonomy":"product_cat","embeddable":true,"href":"https:\/\/www.sopha-sahara.com\/en\/wp-json\/wp\/v2\/product_cat?post=24581"},{"taxonomy":"product_tag","embeddable":true,"href":"https:\/\/www.sopha-sahara.com\/en\/wp-json\/wp\/v2\/product_tag?post=24581"}],"curies":[{"name":"wp","href":"https:\/\/api.w.org\/{rel}","templated":true}]}}