{"id":24580,"date":"2020-12-18T17:10:37","date_gmt":"2020-12-18T16:10:37","guid":{"rendered":"https:\/\/www.interbusinesschamber.com\/produit\/pollen-de-fleur\/"},"modified":"2020-12-29T09:47:21","modified_gmt":"2020-12-29T08:47:21","slug":"pollen-de-fleur","status":"publish","type":"product","link":"https:\/\/www.sopha-sahara.com\/en\/product\/pollen-de-fleur\/","title":{"rendered":"Pollen de fleur"},"content":{"rendered":"<h4>Les indications globales<\/h4>\n<div class=\"o9v6fnle cxmmr5t8 oygrvhab hcukyx3x c1et5uql ii04i59q\">\n<div dir=\"auto\">R\u00e9gulation de la flore intestinale<\/div>\n<div dir=\"auto\">Antioxydant<\/div>\n<div dir=\"auto\">D\u00e9fenses naturelles<\/div>\n<div dir=\"auto\">Fatigue, manque d\u2019\u00e9nergie<\/div>\n<div dir=\"auto\">Carences<\/div>\n<div dir=\"auto\">Croissance, allaitement, grossesse, convalescence<\/div>\n<\/div>\n<div class=\"o9v6fnle cxmmr5t8 oygrvhab hcukyx3x c1et5uql ii04i59q\">\n<h4 dir=\"auto\">La posologie :<\/h4>\n<div dir=\"auto\">Tout simplement 1 cueill\u00e8re \u00e0 soupe au petit d\u00e9jeuner, en cures de 3 ou 6 semaines.<\/div>\n<div dir=\"auto\">On peut l\u2019utiliser sur une tartine, dans un jus de l\u00e9gumes\/fruits, compote ou yaourt, pur.<\/div>\n<\/div>","protected":false},"excerpt":{"rendered":"<div class=\"kvgmc6g5 cxmmr5t8 oygrvhab hcukyx3x c1et5uql ii04i59q\">\n<div dir=\"auto\">\n<div class=\"o9v6fnle cxmmr5t8 oygrvhab hcukyx3x c1et5uql ii04i59q\">\n<div dir=\"auto\">le Pollen mielii<\/div>\n<div dir=\"auto\">c\u2019est l\u2019\u00e9l\u00e9ment m\u00e2le produit par la fleur, ce sont de minuscules graines de forme plus ou moins ovo\u00efde de quelques dizaines de microm\u00e8tres de diam\u00e8tre \u00e0 l\u2019extr\u00e9mit\u00e9 des \u00e9tamines. Il est r\u00e9colt\u00e9 par les abeilles et ramen\u00e9 \u00e0 la ruche pour servir de nourriture prot\u00e9ique au d\u00e9but du printemps.<\/div>\n<\/div>\n<div class=\"o9v6fnle cxmmr5t8 oygrvhab hcukyx3x c1et5uql ii04i59q\">\u00a0<\/div>\n<div class=\"o9v6fnle cxmmr5t8 oygrvhab hcukyx3x c1et5uql ii04i59q\">\n<div dir=\"auto\">\u00a0<\/div>\n<\/div>\n<\/div>\n<\/div>","protected":false},"featured_media":24600,"template":"","meta":{"arc_restricted_post":false},"product_cat":[49,341],"product_tag":[],"_links":{"self":[{"href":"https:\/\/www.sopha-sahara.com\/en\/wp-json\/wp\/v2\/product\/24580"}],"collection":[{"href":"https:\/\/www.sopha-sahara.com\/en\/wp-json\/wp\/v2\/product"}],"about":[{"href":"https:\/\/www.sopha-sahara.com\/en\/wp-json\/wp\/v2\/types\/product"}],"wp:featuredmedia":[{"embeddable":true,"href":"https:\/\/www.sopha-sahara.com\/en\/wp-json\/wp\/v2\/media\/24600"}],"wp:attachment":[{"href":"https:\/\/www.sopha-sahara.com\/en\/wp-json\/wp\/v2\/media?parent=24580"}],"wp:term":[{"taxonomy":"product_cat","embeddable":true,"href":"https:\/\/www.sopha-sahara.com\/en\/wp-json\/wp\/v2\/product_cat?post=24580"},{"taxonomy":"product_tag","embeddable":true,"href":"https:\/\/www.sopha-sahara.com\/en\/wp-json\/wp\/v2\/product_tag?post=24580"}],"curies":[{"name":"wp","href":"https:\/\/api.w.org\/{rel}","templated":true}]}}