{"id":24579,"date":"2020-12-18T17:10:37","date_gmt":"2020-12-18T16:10:37","guid":{"rendered":"https:\/\/www.interbusinesschamber.com\/produit\/miel-de-jujubier\/"},"modified":"2020-12-29T10:01:42","modified_gmt":"2020-12-29T09:01:42","slug":"miel-de-jujubier","status":"publish","type":"product","link":"https:\/\/www.sopha-sahara.com\/en\/product\/miel-de-jujubier\/","title":{"rendered":"Miel de jujubier"},"content":{"rendered":"<h4>Vertus :<\/h4>\n<p>- les infections respiratoires<\/p>\n<p>- les ulc\u00e8res d\u2019estomac<\/p>\n<p>- les probl\u00e8mes digestifs<\/p>\n<p>- la constipation<\/p>\n<p>- les br\u00fblures<\/p>\n<p>- les plaies chirurgicales (y compris la c\u00e9sarienne)<\/p>\n<p>- l\u2019an\u00e9mie<\/p>\n<h4>Conseils d\u2019utilisation :<\/h4>\n<p>D'une mani\u00e8re g\u00e9n\u00e9rale, le miel se consomme cru ou m\u00e9lang\u00e9 \u00e0 une boisson ti\u00e8de ou froide (eau, lait, ...), de pr\u00e9f\u00e9rence le matin, \u00e0 jeun.<\/p>","protected":false},"excerpt":{"rendered":"<p>Miel de jujubier (sidr)<br \/>Le miel de jujubier est tr\u00e8s concentr\u00e9 en acide ascorbique, c\u2019est un antioxydant majeur dans la lutte de l&rsquo;organisme pour pr\u00e9venir le vieillissement.<\/p>\n<p>Ce miel est \u00e9galement un v\u00e9ritable stimulant du syst\u00e8me immunitaire et s&rsquo;av\u00e8re un excellent rem\u00e8de compl\u00e8tement naturel.<\/p>\n<p>C\u2019est un miel d\u2019une puret\u00e9 et d\u2019une qualit\u00e9 incomparable, au go\u00fbt unique, aux riches propri\u00e9t\u00e9s.<\/p>\n<p><\/p>","protected":false},"featured_media":24593,"template":"","meta":{"arc_restricted_post":false},"product_cat":[49,341],"product_tag":[],"_links":{"self":[{"href":"https:\/\/www.sopha-sahara.com\/en\/wp-json\/wp\/v2\/product\/24579"}],"collection":[{"href":"https:\/\/www.sopha-sahara.com\/en\/wp-json\/wp\/v2\/product"}],"about":[{"href":"https:\/\/www.sopha-sahara.com\/en\/wp-json\/wp\/v2\/types\/product"}],"wp:featuredmedia":[{"embeddable":true,"href":"https:\/\/www.sopha-sahara.com\/en\/wp-json\/wp\/v2\/media\/24593"}],"wp:attachment":[{"href":"https:\/\/www.sopha-sahara.com\/en\/wp-json\/wp\/v2\/media?parent=24579"}],"wp:term":[{"taxonomy":"product_cat","embeddable":true,"href":"https:\/\/www.sopha-sahara.com\/en\/wp-json\/wp\/v2\/product_cat?post=24579"},{"taxonomy":"product_tag","embeddable":true,"href":"https:\/\/www.sopha-sahara.com\/en\/wp-json\/wp\/v2\/product_tag?post=24579"}],"curies":[{"name":"wp","href":"https:\/\/api.w.org\/{rel}","templated":true}]}}