{"id":24578,"date":"2020-12-18T17:10:36","date_gmt":"2020-12-18T16:10:36","guid":{"rendered":"https:\/\/www.interbusinesschamber.com\/produit\/miel-deuphorbe\/"},"modified":"2020-12-29T09:55:46","modified_gmt":"2020-12-29T08:55:46","slug":"miel-deuphorbe","status":"publish","type":"product","link":"https:\/\/www.sopha-sahara.com\/en\/product\/miel-deuphorbe\/","title":{"rendered":"Miel d&rsquo;euphorbe"},"content":{"rendered":"<div class=\"o9v6fnle cxmmr5t8 oygrvhab hcukyx3x c1et5uql ii04i59q\">\u00a0<\/div>\n<div class=\"o9v6fnle cxmmr5t8 oygrvhab hcukyx3x c1et5uql ii04i59q\">\n<h4 dir=\"auto\">Vertus :<\/h4>\n<div dir=\"auto\">- Le miel d\u2019Euphorbe est id\u00e9al en hiver pour se pr\u00e9munir ou traiter naturellement le mal de gorge et les autres maux courants en cette p\u00e9riode.<\/div>\n<\/div>\n<div class=\"o9v6fnle cxmmr5t8 oygrvhab hcukyx3x c1et5uql ii04i59q\">\n<div dir=\"auto\">- Renforce les d\u00e9fenses immunitaires.<\/div>\n<\/div>\n<div class=\"o9v6fnle cxmmr5t8 oygrvhab hcukyx3x c1et5uql ii04i59q\">\n<div dir=\"auto\">- Recherch\u00e9 par les personnes souffrant de maladies cardio-vasculaires et d\u2019hypertension.<\/div>\n<\/div>\n<div class=\"o9v6fnle cxmmr5t8 oygrvhab hcukyx3x c1et5uql ii04i59q\">\n<div dir=\"auto\">- Favorise la fertilit\u00e9.<\/div>\n<\/div>\n<div class=\"o9v6fnle cxmmr5t8 oygrvhab hcukyx3x c1et5uql ii04i59q\">\n<div dir=\"auto\">- C\u2019est le meilleur miel pour la personne qui souffre,\u00e0 la fois, d\u2019asthme et de diab\u00e8te.<\/div>\n<\/div>\n<div class=\"o9v6fnle cxmmr5t8 oygrvhab hcukyx3x c1et5uql ii04i59q\">\n<h4 dir=\"auto\">Conseils d\u2019utilisation :<\/h4>\n<div dir=\"auto\">D'une mani\u00e8re g\u00e9n\u00e9rale, le miel se consomme cru ou m\u00e9lang\u00e9 \u00e0 une boisson ti\u00e8de ou froide (eau, lait, ...), de pr\u00e9f\u00e9rence le matin, \u00e0 jeun.<\/div>\n<\/div>","protected":false},"excerpt":{"rendered":"<div>\n<div class=\"\" dir=\"auto\">\n<div id=\"jsc_c_19e\" class=\"ecm0bbzt hv4rvrfc ihqw7lf3 dati1w0a\" data-ad-comet-preview=\"message\" data-ad-preview=\"message\">\n<div class=\"j83agx80 cbu4d94t ew0dbk1b irj2b8pg\">\n<div class=\"qzhwtbm6 knvmm38d\">\n<div class=\"kvgmc6g5 cxmmr5t8 oygrvhab hcukyx3x c1et5uql ii04i59q\">\n<div dir=\"auto\">Miel d&rsquo;euphorbe (Daghmous)<\/div>\n<\/div>\n<div class=\"o9v6fnle cxmmr5t8 oygrvhab hcukyx3x c1et5uql ii04i59q\">\n<div dir=\"auto\">Produit \u00e0 partir des fleurs d\u2019euphorbe r\u00e9sinif\u00e8re, plante cacto\u00efde et \u00e9pineuse.<\/div>\n<\/div>\n<div class=\"o9v6fnle cxmmr5t8 oygrvhab hcukyx3x c1et5uql ii04i59q\">\n<div dir=\"auto\">Ce miel est originaire du Maroc, produit dans le Moyen Atlas, le Haut Atlas mais \u00e9galement dans le Souss.<\/div>\n<\/div>\n<div class=\"o9v6fnle cxmmr5t8 oygrvhab hcukyx3x c1et5uql ii04i59q\">\n<div dir=\"auto\">Ce miel est d\u2019une saveur \u00e2cre, Sa couleur va du brun fonc\u00e9 profond au noir.<\/div>\n<\/div>\n<div class=\"o9v6fnle cxmmr5t8 oygrvhab hcukyx3x c1et5uql ii04i59q\">\n<div dir=\"auto\">\n<div class=\"o9v6fnle cxmmr5t8 oygrvhab hcukyx3x c1et5uql ii04i59q\">\n<div dir=\"auto\">Son go\u00fbt est particuli\u00e8rement fort, amer et r\u00e9sineux, son action piquante tr\u00e8s chauffante de la gorge, soyez pr\u00e9venus!<\/div>\n<\/div>\n<div class=\"o9v6fnle cxmmr5t8 oygrvhab hcukyx3x c1et5uql ii04i59q\">\n<h4 dir=\"auto\">\u00a0<\/h4>\n<\/div>\n<\/div>\n<\/div>\n<\/div>\n<\/div>\n<\/div>\n<\/div>\n<div id=\"jsc_c_19f\" class=\"l9j0dhe7\">\n<div class=\"l9j0dhe7\">\n<div class=\"l9j0dhe7\">\n<div class=\"l9j0dhe7\">\n<div class=\"ni8dbmo4 stjgntxs pmk7jnqg\">\n<div class=\"stjgntxs ni8dbmo4\">\n<div class=\"do00u71z ni8dbmo4 stjgntxs l9j0dhe7\">\n<div class=\"pmk7jnqg kr520xx4\">\u00a0<\/div>\n<\/div>\n<div class=\"hzruof5a opwvks06 linmgsc8 kr520xx4 j9ispegn pmk7jnqg n7fi1qx3 rq0escxv i09qtzwb\">\u00a0<\/div>\n<\/div>\n<\/div>\n<\/div>\n<\/div>\n<\/div>\n<\/div>\n<\/div>","protected":false},"featured_media":24594,"template":"","meta":{"arc_restricted_post":false},"product_cat":[49,341],"product_tag":[],"_links":{"self":[{"href":"https:\/\/www.sopha-sahara.com\/en\/wp-json\/wp\/v2\/product\/24578"}],"collection":[{"href":"https:\/\/www.sopha-sahara.com\/en\/wp-json\/wp\/v2\/product"}],"about":[{"href":"https:\/\/www.sopha-sahara.com\/en\/wp-json\/wp\/v2\/types\/product"}],"wp:featuredmedia":[{"embeddable":true,"href":"https:\/\/www.sopha-sahara.com\/en\/wp-json\/wp\/v2\/media\/24594"}],"wp:attachment":[{"href":"https:\/\/www.sopha-sahara.com\/en\/wp-json\/wp\/v2\/media?parent=24578"}],"wp:term":[{"taxonomy":"product_cat","embeddable":true,"href":"https:\/\/www.sopha-sahara.com\/en\/wp-json\/wp\/v2\/product_cat?post=24578"},{"taxonomy":"product_tag","embeddable":true,"href":"https:\/\/www.sopha-sahara.com\/en\/wp-json\/wp\/v2\/product_tag?post=24578"}],"curies":[{"name":"wp","href":"https:\/\/api.w.org\/{rel}","templated":true}]}}