{"id":24577,"date":"2020-12-18T17:10:35","date_gmt":"2020-12-18T16:10:35","guid":{"rendered":"https:\/\/www.interbusinesschamber.com\/produit\/miel-de-fleur-doranger\/"},"modified":"2020-12-29T09:52:04","modified_gmt":"2020-12-29T08:52:04","slug":"miel-de-fleur-doranger","status":"publish","type":"product","link":"https:\/\/www.sopha-sahara.com\/en\/product\/miel-de-fleur-doranger\/","title":{"rendered":"Miel de fleur d&rsquo;oranger"},"content":{"rendered":"<div class=\"kvgmc6g5 cxmmr5t8 oygrvhab hcukyx3x c1et5uql ii04i59q\">\n<div dir=\"auto\">\n<div class=\"o9v6fnle cxmmr5t8 oygrvhab hcukyx3x c1et5uql ii04i59q\">\n<h4 dir=\"auto\">Vertus :<\/h4>\n<div dir=\"auto\">- Recommand\u00e9 en cas d'\u00e9tats nerveux, des migraines, d'angoisses et d'insomnies. - Calmant pour les enfants (plus de 12 mois). - Antispasmodique. - Soin de la peau, il rend la peau lisse et sans infections. - Aide \u00e0 stimuler l'app\u00e9tit. - Tonique g\u00e9n\u00e9ral. - Combat les \u00e9tats de grippe, de rhume.<\/div>\n<\/div>\n<div class=\"o9v6fnle cxmmr5t8 oygrvhab hcukyx3x c1et5uql ii04i59q\">\n<h4 dir=\"auto\">Conseils d\u2019utilisation :<\/h4>\n<div dir=\"auto\">D'une mani\u00e8re g\u00e9n\u00e9rale, le miel se consomme cru ou m\u00e9lang\u00e9 \u00e0 une boisson ti\u00e8de ou froide (eau, lait, ...), de pr\u00e9f\u00e9rence le matin, \u00e0 jeun.<\/div>\n<\/div>\n<div class=\"o9v6fnle cxmmr5t8 oygrvhab hcukyx3x c1et5uql ii04i59q\">\n<div dir=\"auto\">Diluer une cuiller\u00e9e de miel d\u2019oranger dans un verre d\u2019eau ti\u00e8de ou dans une tisane le soir, pour une nuit calme.Le miel d\u2019oranger est id\u00e9al pour sucrer toutles laitages et infusions.<\/div>\n<\/div>\n<\/div>\n<\/div>","protected":false},"excerpt":{"rendered":"<div class=\"kvgmc6g5 cxmmr5t8 oygrvhab hcukyx3x c1et5uql ii04i59q\">\n<div dir=\"auto\">Miel de fleur d&rsquo;oranger<\/div>\n<\/div>\n<div class=\"o9v6fnle cxmmr5t8 oygrvhab hcukyx3x c1et5uql ii04i59q\">\n<div dir=\"auto\">Le miel de fleur d\u2019oranger saura vous s\u00e9duire avec son go\u00fbt subtil de fleur d\u2019oranger et d\u2019agrumes.<\/div>\n<\/div>\n<div class=\"o9v6fnle cxmmr5t8 oygrvhab hcukyx3x c1et5uql ii04i59q\">\n<div dir=\"auto\">Tr\u00e8s parfum\u00e9, doux et fruit\u00e9, de couleur jaune&#8230; orang\u00e9.<\/div>\n<\/div>\n<div class=\"o9v6fnle cxmmr5t8 oygrvhab hcukyx3x c1et5uql ii04i59q\">\n<div dir=\"auto\">Sa cristallisation est tr\u00e8s lente, ce qui vous permettra de le conserver liquide longtemps.<\/div>\n<\/div>\n<div class=\"o9v6fnle cxmmr5t8 oygrvhab hcukyx3x c1et5uql ii04i59q\">\n<div dir=\"auto\">C\u2019est un miel qui allie parfaitement plaisir et bienfaits.<\/div>\n<\/div>","protected":false},"featured_media":24592,"template":"","meta":{"arc_restricted_post":false},"product_cat":[49,341],"product_tag":[],"_links":{"self":[{"href":"https:\/\/www.sopha-sahara.com\/en\/wp-json\/wp\/v2\/product\/24577"}],"collection":[{"href":"https:\/\/www.sopha-sahara.com\/en\/wp-json\/wp\/v2\/product"}],"about":[{"href":"https:\/\/www.sopha-sahara.com\/en\/wp-json\/wp\/v2\/types\/product"}],"wp:featuredmedia":[{"embeddable":true,"href":"https:\/\/www.sopha-sahara.com\/en\/wp-json\/wp\/v2\/media\/24592"}],"wp:attachment":[{"href":"https:\/\/www.sopha-sahara.com\/en\/wp-json\/wp\/v2\/media?parent=24577"}],"wp:term":[{"taxonomy":"product_cat","embeddable":true,"href":"https:\/\/www.sopha-sahara.com\/en\/wp-json\/wp\/v2\/product_cat?post=24577"},{"taxonomy":"product_tag","embeddable":true,"href":"https:\/\/www.sopha-sahara.com\/en\/wp-json\/wp\/v2\/product_tag?post=24577"}],"curies":[{"name":"wp","href":"https:\/\/api.w.org\/{rel}","templated":true}]}}