{"id":24528,"date":"2020-12-18T15:39:04","date_gmt":"2020-12-18T14:39:04","guid":{"rendered":"https:\/\/www.interbusinesschamber.com\/produit\/aloe-fresh-sensitive\/"},"modified":"2020-12-28T12:33:29","modified_gmt":"2020-12-28T11:33:29","slug":"aloe-fresh-sensitive","status":"publish","type":"product","link":"https:\/\/www.sopha-sahara.com\/en\/product\/aloe-fresh-sensitive\/","title":{"rendered":"ALOE FRESH\u00ae SENSITIVE"},"content":{"rendered":"<p>Son action\u00a0apaisante\u00a0\u00e0 effet retard permet de\u00a0reg\u00e9n\u00e9rer la sant\u00e9\u00a0des gencives l\u00e9s\u00e9es, saignantes et douleureuses.<\/p>\n<p>Son\u00a0microparticules\u00a0de silice lib\u00e9r\u00e9es pendnt le nettoyage assurent un\u00a0massage\u00a0doux\u00a0des gencives.<\/p>\n<p>Son emploi constant\u00a0renforce\u00a0les gencives et\u00a0calme\u00a0la douleur ainsi que le saignement gingival.<\/p>","protected":false},"excerpt":{"rendered":"<p>100 ml. Go\u00fbt: menthe forte<\/p>","protected":false},"featured_media":24530,"template":"","meta":{"arc_restricted_post":false},"product_cat":[49,340],"product_tag":[],"_links":{"self":[{"href":"https:\/\/www.sopha-sahara.com\/en\/wp-json\/wp\/v2\/product\/24528"}],"collection":[{"href":"https:\/\/www.sopha-sahara.com\/en\/wp-json\/wp\/v2\/product"}],"about":[{"href":"https:\/\/www.sopha-sahara.com\/en\/wp-json\/wp\/v2\/types\/product"}],"wp:featuredmedia":[{"embeddable":true,"href":"https:\/\/www.sopha-sahara.com\/en\/wp-json\/wp\/v2\/media\/24530"}],"wp:attachment":[{"href":"https:\/\/www.sopha-sahara.com\/en\/wp-json\/wp\/v2\/media?parent=24528"}],"wp:term":[{"taxonomy":"product_cat","embeddable":true,"href":"https:\/\/www.sopha-sahara.com\/en\/wp-json\/wp\/v2\/product_cat?post=24528"},{"taxonomy":"product_tag","embeddable":true,"href":"https:\/\/www.sopha-sahara.com\/en\/wp-json\/wp\/v2\/product_tag?post=24528"}],"curies":[{"name":"wp","href":"https:\/\/api.w.org\/{rel}","templated":true}]}}