{"id":24527,"date":"2020-12-18T15:39:04","date_gmt":"2020-12-18T14:39:04","guid":{"rendered":"https:\/\/www.interbusinesschamber.com\/produit\/ekinax\/"},"modified":"2020-12-28T12:43:02","modified_gmt":"2020-12-28T11:43:02","slug":"ekinax","status":"publish","type":"product","link":"https:\/\/www.sopha-sahara.com\/en\/product\/ekinax\/","title":{"rendered":"EKINAX \u00ae"},"content":{"rendered":"<h4><i class=\"fa fa-plus\"><\/i><a>Mode d'emploi<\/a><\/h4>\n<p>Pour adultes et enfants \u00e0 partir de 12 ans. Pr\u00e9vention: 1 g\u00e9lule 3 fois par jour. Traitement: 2 g\u00e9lules 3 fois par jour<\/p>\n<p>&nbsp;<\/p>\n<p>EKINAX\u00a0est \u00e0 base des extraits standardis\u00e9s\u00a0d\u2019Echinacea, Rhodiola et Ginseng qui convient lors des p\u00e9riodes de refroidissements.<\/p>\n<p>Avantages<\/p>\n<ul>\n<li>Complexe d\u2019actifs naturels \u00e0 base de plantes<\/li>\n<li>Efficacit\u00e9 et tol\u00e9rance prouv\u00e9e<\/li>\n<li>Sans effets ind\u00e9sirables<\/li>\n<\/ul>\n<p>Conseils d\u2019utilisation<\/p>\n<p>En cas de:<\/p>\n<ul>\n<li>Refroidissement<\/li>\n<li>Syndrome Grippal<\/li>\n<\/ul>\n<p>Adultes et Enfants \u00e0 partir de 12ans<\/p>\n<ul>\n<li>Pr\u00e9vention : 1 g\u00e9lule 3 fois par jour<\/li>\n<li>Traitement : 2 g\u00e9lules 3 fois par jour<\/li>\n<\/ul>","protected":false},"excerpt":{"rendered":"<p>Boites de 30 g\u00e9lules<\/p>","protected":false},"featured_media":24542,"template":"","meta":{"arc_restricted_post":false},"product_cat":[49,340],"product_tag":[],"_links":{"self":[{"href":"https:\/\/www.sopha-sahara.com\/en\/wp-json\/wp\/v2\/product\/24527"}],"collection":[{"href":"https:\/\/www.sopha-sahara.com\/en\/wp-json\/wp\/v2\/product"}],"about":[{"href":"https:\/\/www.sopha-sahara.com\/en\/wp-json\/wp\/v2\/types\/product"}],"wp:featuredmedia":[{"embeddable":true,"href":"https:\/\/www.sopha-sahara.com\/en\/wp-json\/wp\/v2\/media\/24542"}],"wp:attachment":[{"href":"https:\/\/www.sopha-sahara.com\/en\/wp-json\/wp\/v2\/media?parent=24527"}],"wp:term":[{"taxonomy":"product_cat","embeddable":true,"href":"https:\/\/www.sopha-sahara.com\/en\/wp-json\/wp\/v2\/product_cat?post=24527"},{"taxonomy":"product_tag","embeddable":true,"href":"https:\/\/www.sopha-sahara.com\/en\/wp-json\/wp\/v2\/product_tag?post=24527"}],"curies":[{"name":"wp","href":"https:\/\/api.w.org\/{rel}","templated":true}]}}