{"id":24524,"date":"2020-12-18T15:39:03","date_gmt":"2020-12-18T14:39:03","guid":{"rendered":"https:\/\/www.interbusinesschamber.com\/produit\/calmante\/"},"modified":"2020-12-28T12:42:01","modified_gmt":"2020-12-28T11:42:01","slug":"calmante","status":"publish","type":"product","link":"https:\/\/www.sopha-sahara.com\/en\/product\/calmante\/","title":{"rendered":"CALMANTE \u00ae"},"content":{"rendered":"<h4><i class=\"fa fa-plus\"><\/i><a>Mode d'emploi<\/a><\/h4>\n<p>1 \u00e0 2 fois par jour<\/p>\n<p>&nbsp;<\/p>\n<p>Cette tisane calmante \u00e0 base de plantes calmantes et digestives est specialement formul\u00e9e pour apaiser l'agitation de b\u00e9b\u00e9 pendant la journ\u00e9e, favoriser l'endormissement et am\u00e9liorer la qualit\u00e9 du sommeil.<\/p>\n<p>Elle le soulage en cas de douleurs abdominales et lutte contre les reflux et gazs intestinaux.<\/p>","protected":false},"excerpt":{"rendered":"<p>12 infusettes<\/p>","protected":false},"featured_media":24536,"template":"","meta":{"arc_restricted_post":false},"product_cat":[49,340],"product_tag":[],"_links":{"self":[{"href":"https:\/\/www.sopha-sahara.com\/en\/wp-json\/wp\/v2\/product\/24524"}],"collection":[{"href":"https:\/\/www.sopha-sahara.com\/en\/wp-json\/wp\/v2\/product"}],"about":[{"href":"https:\/\/www.sopha-sahara.com\/en\/wp-json\/wp\/v2\/types\/product"}],"wp:featuredmedia":[{"embeddable":true,"href":"https:\/\/www.sopha-sahara.com\/en\/wp-json\/wp\/v2\/media\/24536"}],"wp:attachment":[{"href":"https:\/\/www.sopha-sahara.com\/en\/wp-json\/wp\/v2\/media?parent=24524"}],"wp:term":[{"taxonomy":"product_cat","embeddable":true,"href":"https:\/\/www.sopha-sahara.com\/en\/wp-json\/wp\/v2\/product_cat?post=24524"},{"taxonomy":"product_tag","embeddable":true,"href":"https:\/\/www.sopha-sahara.com\/en\/wp-json\/wp\/v2\/product_tag?post=24524"}],"curies":[{"name":"wp","href":"https:\/\/api.w.org\/{rel}","templated":true}]}}