{"id":24523,"date":"2020-12-18T15:39:03","date_gmt":"2020-12-18T14:39:03","guid":{"rendered":"https:\/\/www.interbusinesschamber.com\/produit\/aloe-fresh-bain-de-bouche\/"},"modified":"2020-12-28T12:34:01","modified_gmt":"2020-12-28T11:34:01","slug":"aloe-fresh-bain-de-bouche","status":"publish","type":"product","link":"https:\/\/www.sopha-sahara.com\/en\/product\/aloe-fresh-bain-de-bouche\/","title":{"rendered":"ALOE FRESH\u00ae Bain de Bouche"},"content":{"rendered":"<p>Ce bain de bouche \u00e0 action retard et antibact\u00e9rienne est d'origine naturelle. Il r\u00e9duit la plaque de tarte et l'halitose, prot\u00e8ge les gencives et r\u00e9duit la carie.<\/p>\n<p>Sa formulation en Propolis et en Xylitol contribue \u00e0 emp\u00eacher la prolif\u00e9ration bact\u00e9rienne et \u00e0 maintenir une haleine fra\u00eeche. L'Aloe Vera exerce une action apaisante naturelle.<\/p>\n<p>Sans alcool, il ne cause pas d'inflammations, procure un go\u00fbt en bouche agr\u00e9able pour les petits comme les grands!<\/p>","protected":false},"excerpt":{"rendered":"<p>250 ml. Go\u00fbt: menthe glaciale<\/p>","protected":false},"featured_media":24529,"template":"","meta":{"arc_restricted_post":false},"product_cat":[49,340],"product_tag":[],"_links":{"self":[{"href":"https:\/\/www.sopha-sahara.com\/en\/wp-json\/wp\/v2\/product\/24523"}],"collection":[{"href":"https:\/\/www.sopha-sahara.com\/en\/wp-json\/wp\/v2\/product"}],"about":[{"href":"https:\/\/www.sopha-sahara.com\/en\/wp-json\/wp\/v2\/types\/product"}],"wp:featuredmedia":[{"embeddable":true,"href":"https:\/\/www.sopha-sahara.com\/en\/wp-json\/wp\/v2\/media\/24529"}],"wp:attachment":[{"href":"https:\/\/www.sopha-sahara.com\/en\/wp-json\/wp\/v2\/media?parent=24523"}],"wp:term":[{"taxonomy":"product_cat","embeddable":true,"href":"https:\/\/www.sopha-sahara.com\/en\/wp-json\/wp\/v2\/product_cat?post=24523"},{"taxonomy":"product_tag","embeddable":true,"href":"https:\/\/www.sopha-sahara.com\/en\/wp-json\/wp\/v2\/product_tag?post=24523"}],"curies":[{"name":"wp","href":"https:\/\/api.w.org\/{rel}","templated":true}]}}