{"id":24522,"date":"2020-12-18T15:39:03","date_gmt":"2020-12-18T14:39:03","guid":{"rendered":"https:\/\/www.interbusinesschamber.com\/produit\/aloe-fresh-whitening\/"},"modified":"2020-12-28T12:32:54","modified_gmt":"2020-12-28T11:32:54","slug":"aloe-fresh-whitening","status":"publish","type":"product","link":"https:\/\/www.sopha-sahara.com\/en\/product\/aloe-fresh-whitening\/","title":{"rendered":"ALOE FRESH\u00ae WHITENING"},"content":{"rendered":"<p>Son emploi r\u00e9gulier permet une action \u00e0 effet retard contre les t\u00e2ches afin de restaurer graduellement la blancheur naturelle de votre \u00e9mail et r\u00e9tablir l'\u00e9tat de vos gencives.<\/p>\n<p>Il pr\u00e9vient aussi l'usure de l'\u00e9mail exerc\u00e9 par les diff\u00e9rents produits colorants.<\/p>","protected":false},"excerpt":{"rendered":"<p>100 ml. Go\u00fbt: menthe forte<\/p>","protected":false},"featured_media":24532,"template":"","meta":{"arc_restricted_post":false},"product_cat":[49,340],"product_tag":[],"_links":{"self":[{"href":"https:\/\/www.sopha-sahara.com\/en\/wp-json\/wp\/v2\/product\/24522"}],"collection":[{"href":"https:\/\/www.sopha-sahara.com\/en\/wp-json\/wp\/v2\/product"}],"about":[{"href":"https:\/\/www.sopha-sahara.com\/en\/wp-json\/wp\/v2\/types\/product"}],"wp:featuredmedia":[{"embeddable":true,"href":"https:\/\/www.sopha-sahara.com\/en\/wp-json\/wp\/v2\/media\/24532"}],"wp:attachment":[{"href":"https:\/\/www.sopha-sahara.com\/en\/wp-json\/wp\/v2\/media?parent=24522"}],"wp:term":[{"taxonomy":"product_cat","embeddable":true,"href":"https:\/\/www.sopha-sahara.com\/en\/wp-json\/wp\/v2\/product_cat?post=24522"},{"taxonomy":"product_tag","embeddable":true,"href":"https:\/\/www.sopha-sahara.com\/en\/wp-json\/wp\/v2\/product_tag?post=24522"}],"curies":[{"name":"wp","href":"https:\/\/api.w.org\/{rel}","templated":true}]}}