{"id":24520,"date":"2020-12-18T15:39:00","date_gmt":"2020-12-18T14:39:00","guid":{"rendered":"https:\/\/www.interbusinesschamber.com\/produit\/calmiderm\/"},"modified":"2020-12-28T12:42:13","modified_gmt":"2020-12-28T11:42:13","slug":"calmiderm","status":"publish","type":"product","link":"https:\/\/www.sopha-sahara.com\/en\/product\/calmiderm\/","title":{"rendered":"CALMIDERM \u00ae"},"content":{"rendered":"<h4><i class=\"fa fa-plus\"><\/i><a>Mode d'emploi<\/a><\/h4>\n<p>Adultes et enfants: appliquer une fine couche. R\u00e9p\u00e9ter plusieurs fois par jour. Eviter le contact avec les yeux<\/p>\n<p>&nbsp;<\/p>\n<p><strong>Calmiderm\u00ae<\/strong>\u00a0cr\u00e8me apaise les d\u00e9mangeasions, soulage les irritations, et favorise la restauration de la peau.<\/p>\n<p><strong>Calmiderm\u00ae<\/strong>\u00a0associe les bienfaits de la camomille, du calendula et de la lavande. La camomille calme et soulage les rougeurs et les gonflements de la peau. En cas d'irritations et de piq\u00fbres d'insectes ou de plantes, le calendula exerce surl '\u00e9piderme une action protectrice et apaisante. La lavance apaise et contribue donc tant aux peaux normales qu'aux peaux s\u00e8ches et irrit\u00e9es.<\/p>\n<p><strong>Calmiderm\u00ae<\/strong>\u00a0cr\u00e8me peut \u00eatre utilis\u00e9e chez la femme enceinte, lors de l'allaitelment et chez les enfants.<\/p>","protected":false},"excerpt":{"rendered":"<p>Cr\u00e8me 40 g<\/p>","protected":false},"featured_media":24537,"template":"","meta":{"arc_restricted_post":false},"product_cat":[49,340],"product_tag":[],"_links":{"self":[{"href":"https:\/\/www.sopha-sahara.com\/en\/wp-json\/wp\/v2\/product\/24520"}],"collection":[{"href":"https:\/\/www.sopha-sahara.com\/en\/wp-json\/wp\/v2\/product"}],"about":[{"href":"https:\/\/www.sopha-sahara.com\/en\/wp-json\/wp\/v2\/types\/product"}],"wp:featuredmedia":[{"embeddable":true,"href":"https:\/\/www.sopha-sahara.com\/en\/wp-json\/wp\/v2\/media\/24537"}],"wp:attachment":[{"href":"https:\/\/www.sopha-sahara.com\/en\/wp-json\/wp\/v2\/media?parent=24520"}],"wp:term":[{"taxonomy":"product_cat","embeddable":true,"href":"https:\/\/www.sopha-sahara.com\/en\/wp-json\/wp\/v2\/product_cat?post=24520"},{"taxonomy":"product_tag","embeddable":true,"href":"https:\/\/www.sopha-sahara.com\/en\/wp-json\/wp\/v2\/product_tag?post=24520"}],"curies":[{"name":"wp","href":"https:\/\/api.w.org\/{rel}","templated":true}]}}