{"id":24519,"date":"2020-12-18T15:39:00","date_gmt":"2020-12-18T14:39:00","guid":{"rendered":"https:\/\/www.interbusinesschamber.com\/produit\/centelys\/"},"modified":"2020-12-28T12:30:26","modified_gmt":"2020-12-28T11:30:26","slug":"centelys","status":"publish","type":"product","link":"https:\/\/www.sopha-sahara.com\/en\/product\/centelys\/","title":{"rendered":"CENTELYS \u00ae"},"content":{"rendered":"<p>Adultes et enfants: 2 \u00e0 4 fois par jour, appliquer en massant les zines crevass\u00e9es ou gerc\u00e9es<\/p>\n<p><strong>Centelys\u00ae<\/strong>\u00a0est une cr\u00e8me non grasse, qui peut \u00eatre appliqu\u00e9e sur toutes les parties du corps sans restriction, ainsi que sur les ger\u00e7ures et les \u00e9gratignures.<\/p>\n<p>Pour r\u00e9parer rapidement les crevasses des mains, des pieds ou des seins,\u00a0\u00a0<strong>Centelys\u00ae<\/strong>\u00a0Cr\u00e8me concentre les propri\u00e9t\u00e9s de 10 actifs naturels tr\u00e8s efficaces.<\/p>\n<p>Sa fonction r\u00e9paratrice est assur\u00e9e par la propolis, les extraits v\u00e9g\u00e9taux de Centella asiatica, de Souci officinal, de Plantain, ainsi que par les huiles essentielles de la Lavande, d'H\u00e9lichryse Italienne et par l'huile v\u00e9g\u00e9tale d'avocat.<\/p>","protected":false},"excerpt":{"rendered":"<p>Cr\u00e8me 30 g<\/p>","protected":false},"featured_media":24539,"template":"","meta":{"arc_restricted_post":false},"product_cat":[49,340],"product_tag":[],"_links":{"self":[{"href":"https:\/\/www.sopha-sahara.com\/en\/wp-json\/wp\/v2\/product\/24519"}],"collection":[{"href":"https:\/\/www.sopha-sahara.com\/en\/wp-json\/wp\/v2\/product"}],"about":[{"href":"https:\/\/www.sopha-sahara.com\/en\/wp-json\/wp\/v2\/types\/product"}],"wp:featuredmedia":[{"embeddable":true,"href":"https:\/\/www.sopha-sahara.com\/en\/wp-json\/wp\/v2\/media\/24539"}],"wp:attachment":[{"href":"https:\/\/www.sopha-sahara.com\/en\/wp-json\/wp\/v2\/media?parent=24519"}],"wp:term":[{"taxonomy":"product_cat","embeddable":true,"href":"https:\/\/www.sopha-sahara.com\/en\/wp-json\/wp\/v2\/product_cat?post=24519"},{"taxonomy":"product_tag","embeddable":true,"href":"https:\/\/www.sopha-sahara.com\/en\/wp-json\/wp\/v2\/product_tag?post=24519"}],"curies":[{"name":"wp","href":"https:\/\/api.w.org\/{rel}","templated":true}]}}