{"id":24516,"date":"2020-12-18T15:38:59","date_gmt":"2020-12-18T14:38:59","guid":{"rendered":"https:\/\/www.interbusinesschamber.com\/produit\/capilev\/"},"modified":"2020-12-28T12:27:56","modified_gmt":"2020-12-28T11:27:56","slug":"capilev","status":"publish","type":"product","link":"https:\/\/www.sopha-sahara.com\/en\/product\/capilev\/","title":{"rendered":"CAPILEV \u00ae"},"content":{"rendered":"<p>100% levure de bi\u00e8re enrichie en Biotine &amp; B-Complex Zinc - S\u00e9l\u00e9nium - L-methionine &amp; L-cyteine<\/p>\n<p>Capilev\u00a0constitue un support nutritionnel premium pour sublimer la beaut\u00e9 de la femme et son bien \u00eatre de l'int\u00e9rieur.<\/p>\n<p>Capilev\u00a0est une formule optimale \u00e0 base de levure bio-optimis\u00e9e enrichie en min\u00e9raux d'origine organique hautement biodisponibles:<\/p>\n<p><strong>Zinc\u00a0<\/strong>organique qui contribue \u00e0 la synth\u00e8se normale des prot\u00e9ines et assure la protection de la peau.<\/p>\n<p><strong>S\u00e9l\u00e9nium<\/strong>\u00a0sous forme de s\u00e9l\u00e9no-m\u00e9thionine qui contribue au maintien, \u00e0 la croissance et au renforcement des cheveux et ongles.<\/p>\n<p><strong>B-complex<\/strong>\u00a04 fois plus biodisponibles dans l'organisme que les formes purifi\u00e9es existantes: La B2 renforce la structure protidique du cheveu, B3 vasodilatatrice, accroit le flux du sang jusqu'\u00e0 la racine du cheveu, B5 hydrate et aide au d\u00e9veloppement du follicule pileux.<\/p>\n<p><strong>Biotine<\/strong>\u00a0assainit les racines des cheveux, dissout leurs impuret\u00e9s, stimule le cuir chevelu et antis\u00e9borr\u00e9ique, en plus de son r\u00f4le primordial pour le repousse cheveux et ongles.<\/p>\n<p><strong>L-M\u00e9thionine<\/strong>\u00a0et\u00a0<strong>L-Cyst\u00e9ine<\/strong>\u00a0forment la structure de k\u00e9ratine, am\u00e9liore la robustesse des repousses et aide leur croissance.<\/p>\n<p>&nbsp;<\/p>","protected":false},"excerpt":{"rendered":"<p>Boite de 60 g\u00e9lules<\/p>","protected":false},"featured_media":24538,"template":"","meta":{"arc_restricted_post":false},"product_cat":[49,340],"product_tag":[],"_links":{"self":[{"href":"https:\/\/www.sopha-sahara.com\/en\/wp-json\/wp\/v2\/product\/24516"}],"collection":[{"href":"https:\/\/www.sopha-sahara.com\/en\/wp-json\/wp\/v2\/product"}],"about":[{"href":"https:\/\/www.sopha-sahara.com\/en\/wp-json\/wp\/v2\/types\/product"}],"wp:featuredmedia":[{"embeddable":true,"href":"https:\/\/www.sopha-sahara.com\/en\/wp-json\/wp\/v2\/media\/24538"}],"wp:attachment":[{"href":"https:\/\/www.sopha-sahara.com\/en\/wp-json\/wp\/v2\/media?parent=24516"}],"wp:term":[{"taxonomy":"product_cat","embeddable":true,"href":"https:\/\/www.sopha-sahara.com\/en\/wp-json\/wp\/v2\/product_cat?post=24516"},{"taxonomy":"product_tag","embeddable":true,"href":"https:\/\/www.sopha-sahara.com\/en\/wp-json\/wp\/v2\/product_tag?post=24516"}],"curies":[{"name":"wp","href":"https:\/\/api.w.org\/{rel}","templated":true}]}}