{"id":24515,"date":"2020-12-18T15:38:59","date_gmt":"2020-12-18T14:38:59","guid":{"rendered":"https:\/\/www.interbusinesschamber.com\/produit\/norin\/"},"modified":"2020-12-28T12:48:58","modified_gmt":"2020-12-28T11:48:58","slug":"norin","status":"publish","type":"product","link":"https:\/\/www.sopha-sahara.com\/en\/product\/norin\/","title":{"rendered":"NORIN \u00ae"},"content":{"rendered":"<h4><a>Ingr\u00e9dients<\/a><\/h4>\n<p>Gentiana lutea - Primula officianlis - Rumex crispus - Sambuscus nigro<\/p>\n<p>Extrait de verbena officinalis<\/p>\n<h4><i class=\"fa fa-plus\"><\/i><a>Mode d'emploi<\/a><\/h4>\n<p>1 g\u00e9lule 3 fois par jour<\/p>\n<p>&nbsp;<\/p>\n<p><strong>Norin<\/strong>\u00a0est un complexe d'actifs naturels \u00e0 base de plantes sp\u00e9cifiquement formul\u00e9 pour:<\/p>\n<p>-Lib\u00e9rer la congestion nasale<\/p>\n<p>-Dissoudre les mucosit\u00e9s tenaces<\/p>\n<p>-Am\u00e9liorer l'\u00e9coulement nasal<\/p>\n<p><strong>Conseils d'utilisation<\/strong><\/p>\n<p>En cas d\u2019inflammation aigu\u00eb et chronique des sinus paranasaux\u00a0<\/p>\n<p>Adultes et enfants d\u00e8s 12ans. 1 g\u00e9lule 3 fois par jour, \u00e0 prendre avec un grand verre d'eau<\/p>","protected":false},"excerpt":{"rendered":"<p>Boite de 20 g\u00e9lules<\/p>","protected":false},"featured_media":24557,"template":"","meta":{"arc_restricted_post":false},"product_cat":[49,340],"product_tag":[],"_links":{"self":[{"href":"https:\/\/www.sopha-sahara.com\/en\/wp-json\/wp\/v2\/product\/24515"}],"collection":[{"href":"https:\/\/www.sopha-sahara.com\/en\/wp-json\/wp\/v2\/product"}],"about":[{"href":"https:\/\/www.sopha-sahara.com\/en\/wp-json\/wp\/v2\/types\/product"}],"wp:featuredmedia":[{"embeddable":true,"href":"https:\/\/www.sopha-sahara.com\/en\/wp-json\/wp\/v2\/media\/24557"}],"wp:attachment":[{"href":"https:\/\/www.sopha-sahara.com\/en\/wp-json\/wp\/v2\/media?parent=24515"}],"wp:term":[{"taxonomy":"product_cat","embeddable":true,"href":"https:\/\/www.sopha-sahara.com\/en\/wp-json\/wp\/v2\/product_cat?post=24515"},{"taxonomy":"product_tag","embeddable":true,"href":"https:\/\/www.sopha-sahara.com\/en\/wp-json\/wp\/v2\/product_tag?post=24515"}],"curies":[{"name":"wp","href":"https:\/\/api.w.org\/{rel}","templated":true}]}}