{"id":24514,"date":"2020-12-18T15:38:59","date_gmt":"2020-12-18T14:38:59","guid":{"rendered":"https:\/\/www.interbusinesschamber.com\/produit\/notux\/"},"modified":"2020-12-28T12:49:08","modified_gmt":"2020-12-28T11:49:08","slug":"notux","status":"publish","type":"product","link":"https:\/\/www.sopha-sahara.com\/en\/product\/notux\/","title":{"rendered":"NOTUX \u00ae"},"content":{"rendered":"<h4><a>Ingr\u00e9dients<\/a><\/h4>\n<p>Extraits de: Thymus officinalis - Primula officinalis<\/p>\n<h4><i class=\"fa fa-plus\"><\/i><a>Mode d'emploi<\/a><\/h4>\n<p>Adultes et enfant d\u00e8s 12 ans. 1 g\u00e9lule 3 fois par jour, \u00e0 prendre avec un grand verre d'eau<\/p>\n<p>&nbsp;<\/p>\n<p><strong>Notux<\/strong>\u00a0est un complexe d'actifs naturels \u00e0 base d'extraits de plantes, sp\u00e9cifiquement formul\u00e9 pour:<\/p>\n<p>-Dissoudre les mucus<\/p>\n<p>-Calmer la toux<\/p>\n<p>-Lib\u00e9rer la respiration<\/p>\n<p><strong>Conseils d'utilisation<\/strong><\/p>\n<p>Toux en cas de bronchite aigu\u00eb et refroidissement<\/p>\n<p>Adultes et enfant d\u00e8s 12 ans. 1 g\u00e9lule 3 fois par jour, \u00e0 prendre avec un grand verre d'eau<\/p>\n<p>&nbsp;<\/p>","protected":false},"excerpt":{"rendered":"<p>Boites de 20 g\u00e9lules<\/p>","protected":false},"featured_media":24558,"template":"","meta":{"arc_restricted_post":false},"product_cat":[49,340],"product_tag":[],"_links":{"self":[{"href":"https:\/\/www.sopha-sahara.com\/en\/wp-json\/wp\/v2\/product\/24514"}],"collection":[{"href":"https:\/\/www.sopha-sahara.com\/en\/wp-json\/wp\/v2\/product"}],"about":[{"href":"https:\/\/www.sopha-sahara.com\/en\/wp-json\/wp\/v2\/types\/product"}],"wp:featuredmedia":[{"embeddable":true,"href":"https:\/\/www.sopha-sahara.com\/en\/wp-json\/wp\/v2\/media\/24558"}],"wp:attachment":[{"href":"https:\/\/www.sopha-sahara.com\/en\/wp-json\/wp\/v2\/media?parent=24514"}],"wp:term":[{"taxonomy":"product_cat","embeddable":true,"href":"https:\/\/www.sopha-sahara.com\/en\/wp-json\/wp\/v2\/product_cat?post=24514"},{"taxonomy":"product_tag","embeddable":true,"href":"https:\/\/www.sopha-sahara.com\/en\/wp-json\/wp\/v2\/product_tag?post=24514"}],"curies":[{"name":"wp","href":"https:\/\/api.w.org\/{rel}","templated":true}]}}