{"id":24513,"date":"2020-12-18T15:38:59","date_gmt":"2020-12-18T14:38:59","guid":{"rendered":"https:\/\/www.interbusinesschamber.com\/produit\/thymotabs\/"},"modified":"2021-02-09T12:34:50","modified_gmt":"2021-02-09T11:34:50","slug":"thymotabs","status":"publish","type":"product","link":"https:\/\/www.sopha-sahara.com\/en\/product\/thymotabs\/","title":{"rendered":"THYMOTABS \u00ae"},"content":{"rendered":"<h4><i class=\"fa fa-plus\"><\/i><a>Mode d'emploi<\/a><\/h4>\n<p>Enfants \u00e0 partir de 6 ans: max 4 pastilles\/jour. Adultes et enfants d\u00e8s 12 ans: max 6 pastilles\/jour. Femmes enceintes d\u00e8s le premier mois: max 4 pastilles\/jour.<\/p>\n<p>&nbsp;<\/p>\n<p><strong>Thymo<\/strong>tabs\u00ae, est une association unique de Thym, d\u2019Eucalyptus et de vitamine C en comprim\u00e9 \u00e0 sucer pour lutter contre les agressions hivernales et apaiser les gorges encombr\u00e9es, enrou\u00e9es ou irrit\u00e9es.\u00a0<strong>Thymo<\/strong>tabs\u00ae\u00a0augmente aussi la r\u00e9sistance de l\u2019organisme au froid de l\u2019hiver et \u00e0 l\u2019air climatis\u00e9 de l\u2019\u00e9t\u00e9.<\/p>\n<p>Gr\u00e2ce \u00e0 sa composition en Thym riche en thymol et carvacrol,\u00a0<strong>Thymo<\/strong>tabs\u00ae\u00a0poss\u00e8de \u00e0 la fois des vertus antalgiques pour apaiser l\u2019inflammation au niveau de la gorge, des vertus spasmolytiques qui permettent d\u2019att\u00e9nuer la toux et \u00e9galement des propri\u00e9t\u00e9s antiseptiques pour lutter contre l\u2019irritation de la gorge.<\/p>\n<p>Ces propri\u00e9t\u00e9s calmantes et antiseptiques sont potentialit\u00e9s gr\u00e2ce \u00e0 la synergie de l\u2019Eucalyptus pr\u00e9sent dans\u00a0<strong>Thymo<\/strong>tabs\u00ae, ou l\u2019on retrouve du 1,8-cin\u00e9ole sa substance phytoactive qui att\u00e9nue l\u2019inflammation des voies respiratoires, de la gorge ou des muqueuses de la bouche. L\u2019ajout de vitamine C dans sa formulation permet \u00e0 Thymo Tabs de stimuler les d\u00e9fenses naturelles et de donner du tonus \u00e0 l\u2019organisme. Une prise r\u00e9guli\u00e8re allant jusqu\u2019\u00e0 6 tablettes par jour d\u00e8s l'apparition des premiers sympt\u00f4mes de maux de gorge ou d\u2019enrouement peut freiner l'infection et att\u00e9nue sa s\u00e9v\u00e9rit\u00e9 sans effets ind\u00e9sirables.<\/p>\n<p><strong>Thymo<\/strong>tabs\u00ae\u00a0convient aux enfants d\u00e8s 6 ans et aux femmes enceintes \u00e0 raison de 4 comprim\u00e9s maximum par jour. Sans sucre, il est parfaitement adapt\u00e9 aux personnes diab\u00e9tiques.<\/p>","protected":false},"excerpt":{"rendered":"<p>Boites de 24 pastilles<\/p>","protected":false},"featured_media":29472,"template":"","meta":{"arc_restricted_post":false},"product_cat":[49,340],"product_tag":[],"_links":{"self":[{"href":"https:\/\/www.sopha-sahara.com\/en\/wp-json\/wp\/v2\/product\/24513"}],"collection":[{"href":"https:\/\/www.sopha-sahara.com\/en\/wp-json\/wp\/v2\/product"}],"about":[{"href":"https:\/\/www.sopha-sahara.com\/en\/wp-json\/wp\/v2\/types\/product"}],"wp:featuredmedia":[{"embeddable":true,"href":"https:\/\/www.sopha-sahara.com\/en\/wp-json\/wp\/v2\/media\/29472"}],"wp:attachment":[{"href":"https:\/\/www.sopha-sahara.com\/en\/wp-json\/wp\/v2\/media?parent=24513"}],"wp:term":[{"taxonomy":"product_cat","embeddable":true,"href":"https:\/\/www.sopha-sahara.com\/en\/wp-json\/wp\/v2\/product_cat?post=24513"},{"taxonomy":"product_tag","embeddable":true,"href":"https:\/\/www.sopha-sahara.com\/en\/wp-json\/wp\/v2\/product_tag?post=24513"}],"curies":[{"name":"wp","href":"https:\/\/api.w.org\/{rel}","templated":true}]}}