{"id":24512,"date":"2020-12-18T15:38:59","date_gmt":"2020-12-18T14:38:59","guid":{"rendered":"https:\/\/www.interbusinesschamber.com\/produit\/forcar\/"},"modified":"2020-12-28T12:44:17","modified_gmt":"2020-12-28T11:44:17","slug":"forcar","status":"publish","type":"product","link":"https:\/\/www.sopha-sahara.com\/en\/product\/forcar\/","title":{"rendered":"FORCAR \u00ae"},"content":{"rendered":"<h4><i class=\"fa fa-plus\"><\/i><a>Ingr\u00e9dients<\/a><\/h4>\n<p>Extrait de crataegus oxycantha monogyna<\/p>\n<p>Extrait de passiflora incarnata<\/p>\n<h4><i class=\"fa fa-plus\"><\/i><a>Mode d'emploi<\/a><\/h4>\n<p>En cas de troubles du c\u0153ur d\u2019origine nerveuse: 1 g\u00e9lule 3 fois par jour. En pr\u00e9vention des troubles du c\u0153ur d\u2019origine nerveuse: 1 g\u00e9lule 1 fois par jour<\/p>\n<p>&nbsp;<\/p>\n<p>FORCAR\u00a0aide \u00e0 soulager les sympt\u00f4mes temporaires d\u2019origine nerveuse.<\/p>\n<p>Par son complexe Aub\u00e9pine-Passiflore,\u00a0FORCAR \u00ae\u00a0est sp\u00e9cialement d\u00e9velopp\u00e9 pour aider \u00e0 :<\/p>\n<ul>\n<li>Apaiser les palpitations<\/li>\n<li>R\u00e9gulariser le rythme cardiaque et la tension art\u00e9rielle<\/li>\n<li>Temp\u00e9rer la nervosit\u00e9<\/li>\n<li>Favoriser la relaxation et e retour du sommeil r\u00e9parateur<\/li>\n<\/ul>\n<p>&nbsp;<\/p>\n<p>Avantages<\/p>\n<ul>\n<li>Complexe d\u2019actifs naturels \u00e0 base de plantes<\/li>\n<li>Efficacit\u00e9 et tol\u00e9rance prouv\u00e9e<\/li>\n<li>Sans effet ind\u00e9sirables<\/li>\n<\/ul>\n<p>&nbsp;<\/p>\n<p>Conseils d\u2019utilisation<\/p>\n<p>Adultes et enfants d\u00e8s 12 ans<\/p>\n<p>En cas de troubles du c\u0153ur d\u2019origine nerveuse<\/p>\n<ul>\n<li>1 g\u00e9lule 3 fois par jour (\u00e0 prendre avec un grand verre d\u2019eau)<\/li>\n<\/ul>\n<p>En pr\u00e9vention des troubles du c\u0153ur d\u2019origine nerveuse<\/p>\n<ul>\n<li>1 g\u00e9lule 1 fois par jour (\u00e0 prendre avec un grand verre d\u2019eau)<\/li>\n<\/ul>","protected":false},"excerpt":{"rendered":"<p>Boite de 30 g\u00e9lules<\/p>","protected":false},"featured_media":24546,"template":"","meta":{"arc_restricted_post":false},"product_cat":[49,340],"product_tag":[],"_links":{"self":[{"href":"https:\/\/www.sopha-sahara.com\/en\/wp-json\/wp\/v2\/product\/24512"}],"collection":[{"href":"https:\/\/www.sopha-sahara.com\/en\/wp-json\/wp\/v2\/product"}],"about":[{"href":"https:\/\/www.sopha-sahara.com\/en\/wp-json\/wp\/v2\/types\/product"}],"wp:featuredmedia":[{"embeddable":true,"href":"https:\/\/www.sopha-sahara.com\/en\/wp-json\/wp\/v2\/media\/24546"}],"wp:attachment":[{"href":"https:\/\/www.sopha-sahara.com\/en\/wp-json\/wp\/v2\/media?parent=24512"}],"wp:term":[{"taxonomy":"product_cat","embeddable":true,"href":"https:\/\/www.sopha-sahara.com\/en\/wp-json\/wp\/v2\/product_cat?post=24512"},{"taxonomy":"product_tag","embeddable":true,"href":"https:\/\/www.sopha-sahara.com\/en\/wp-json\/wp\/v2\/product_tag?post=24512"}],"curies":[{"name":"wp","href":"https:\/\/api.w.org\/{rel}","templated":true}]}}