{"id":24511,"date":"2020-12-18T15:38:59","date_gmt":"2020-12-18T14:38:59","guid":{"rendered":"https:\/\/www.interbusinesschamber.com\/produit\/venactiv-gelules\/"},"modified":"2020-12-28T12:50:23","modified_gmt":"2020-12-28T11:50:23","slug":"venactiv-gelules","status":"publish","type":"product","link":"https:\/\/www.sopha-sahara.com\/en\/product\/venactiv-gelules\/","title":{"rendered":"VENACTIV G\u00e9lules \u00ae"},"content":{"rendered":"<h4><a>Ingr\u00e9dients<\/a><\/h4>\n<p>Extrait de: Marronnier d'inde<\/p>\n<p>Vigne rouge - Fragon - Myrtille<\/p>\n<h4><i class=\"fa fa-plus\"><\/i><a>Mode d'emploi<\/a><\/h4>\n<p>Adultes: 1 \u00e0 2 fois par jour<\/p>\n<p>&nbsp;<\/p>\n<p><strong>VENACTIV G\u00e9lules\u00ae<\/strong>\u00a0est un compl\u00e9ment alimentaire issu d'une association d'extraits de plantes.\u00a0 \u00a0 \u00a0 \u00a0 \u00a0 \u00a0 \u00a0 \u00a0 \u00a0 \u00a0 \u00a0 \u00a0 \u00a0\u00a0<strong>VENACTIV G\u00e9lules\u00ae<\/strong>\u00a0apporte tonicit\u00e9 aux veines, contribue au r\u00e9tablissement de la circulation veineuse des membres inf\u00e9rieurs et emp\u00eache la formation d'oed\u00e8mes.<\/p>\n<p>Gra\u00e7e aux extraits actifs du Marronnier d'Inde, de la Centella et de la Vigne,\u00a0<strong>VENACTIV G\u00e9lules\u00ae<\/strong>\u00a0favorise la vasoconstruction et tonifie les veines et la circulation veineuse. Il favorise le retour veineux et dimunie la sensation des jambes lourdes.Les bienfaits du Fragon et la Myrtille lui permettent de renforcer les parois veineuses et de favoriser l'\u00e9limination hydrique pour diminuer la r\u00e9tention d'eau.<\/p>\n<p>Son tefficacit\u00e9 et tol\u00e9rance sont prouv\u00e9es par des \u00e9tudes cliniques et aucun effet secondaire n'est \u00e0 signaler.<\/p>","protected":false},"excerpt":{"rendered":"<p>Boite de 30 g\u00e9lules<\/p>","protected":false},"featured_media":24566,"template":"","meta":{"arc_restricted_post":false},"product_cat":[49,340],"product_tag":[],"_links":{"self":[{"href":"https:\/\/www.sopha-sahara.com\/en\/wp-json\/wp\/v2\/product\/24511"}],"collection":[{"href":"https:\/\/www.sopha-sahara.com\/en\/wp-json\/wp\/v2\/product"}],"about":[{"href":"https:\/\/www.sopha-sahara.com\/en\/wp-json\/wp\/v2\/types\/product"}],"wp:featuredmedia":[{"embeddable":true,"href":"https:\/\/www.sopha-sahara.com\/en\/wp-json\/wp\/v2\/media\/24566"}],"wp:attachment":[{"href":"https:\/\/www.sopha-sahara.com\/en\/wp-json\/wp\/v2\/media?parent=24511"}],"wp:term":[{"taxonomy":"product_cat","embeddable":true,"href":"https:\/\/www.sopha-sahara.com\/en\/wp-json\/wp\/v2\/product_cat?post=24511"},{"taxonomy":"product_tag","embeddable":true,"href":"https:\/\/www.sopha-sahara.com\/en\/wp-json\/wp\/v2\/product_tag?post=24511"}],"curies":[{"name":"wp","href":"https:\/\/api.w.org\/{rel}","templated":true}]}}