{"id":24510,"date":"2020-12-18T15:38:59","date_gmt":"2020-12-18T14:38:59","guid":{"rendered":"https:\/\/www.interbusinesschamber.com\/produit\/venactiv-erbagel\/"},"modified":"2020-12-28T12:49:59","modified_gmt":"2020-12-28T11:49:59","slug":"venactiv-erbagel","status":"publish","type":"product","link":"https:\/\/www.sopha-sahara.com\/en\/product\/venactiv-erbagel\/","title":{"rendered":"VENACTIV ERBAGEL \u00ae"},"content":{"rendered":"<h4><a>Ingr\u00e9dients<\/a><\/h4>\n<p>Ext. :Trox\u00e9rutine - Verge d'or - Fragon<\/p>\n<h4><i class=\"fa fa-plus\"><\/i><a>Mode d'emploi<\/a><\/h4>\n<p>Appliquer en massage l\u00e9ger des chevilles vers le haut des jambes, matin et soir<\/p>\n<p>&nbsp;<\/p>\n<p><strong>VENACTIV Erbagel\u00ae<\/strong>\u00a0permet de soulager imm\u00e9diatement la sensation de lourdeur des jambes et offre ainsi une meilleure irrigation des vaisseaux sanguins gra\u00e7e \u00e0 sa formule naturelle unique, riche en actifs v\u00e9g\u00e9taux. Ces actifs sont reconnus pour leur propri\u00e9t\u00e9s anti-oxydantes mais aussi pour leurs effets tonifiants des vaisseaux sanguins et fluidifiants de la circulation sanguine.<\/p>\n<p><strong>VENACTIV Erbagel\u00ae<\/strong>\u00a0\u00e0 base de verge d'or connu pour sa richesse en flavonoides, agit efficacement sur les varices. Le limon\u00e8ne issu du Citron fluidifie le sang, renforce les vaisseaux sanguins, et limite les risques de phl\u00e9bite et de thrombose<\/p>\n<p>Gra\u00e7e aux saponosides et \u00e0 la rescug\u00e9nine du Fragon,\u00a0<strong>VENACTIV Erbagel\u00ae\u00a0<\/strong>paise la sensation de jambes lourdes. La pr\u00e9sence d'huiles essentielles du Romarain et sa richesse en troxerutine offrent \u00e0\u00a0<strong>VENACTIV Erbagel\u00ae<\/strong>\u00a0le pouvoir de stimuler la circulation sanguine p\u00e9riph\u00e9rique et de r\u00e9duire les inflammations.\u00a0<strong>VENACTIV Erbagel\u00ae\u00a0<\/strong>agit sur les douleurs et les crampes et apporte aux jambes une agr\u00e9able sensation de bien \u00eatre et de l\u00e9g\u00e8ret\u00e9.<\/p>\n<p><strong>VENACTIV Erbagel\u00ae\u00a0<\/strong>est donc pr\u00e9conis\u00e9 dans le traitement symptomatique des jambes lourdes et fatigu\u00e9es, des douleurs et gonflements des jambes et en cas de mauvais drainage lymphatique signaler.<\/p>","protected":false},"excerpt":{"rendered":"<p>Gel 75 ml<\/p>","protected":false},"featured_media":24565,"template":"","meta":{"arc_restricted_post":false},"product_cat":[49,340],"product_tag":[],"_links":{"self":[{"href":"https:\/\/www.sopha-sahara.com\/en\/wp-json\/wp\/v2\/product\/24510"}],"collection":[{"href":"https:\/\/www.sopha-sahara.com\/en\/wp-json\/wp\/v2\/product"}],"about":[{"href":"https:\/\/www.sopha-sahara.com\/en\/wp-json\/wp\/v2\/types\/product"}],"wp:featuredmedia":[{"embeddable":true,"href":"https:\/\/www.sopha-sahara.com\/en\/wp-json\/wp\/v2\/media\/24565"}],"wp:attachment":[{"href":"https:\/\/www.sopha-sahara.com\/en\/wp-json\/wp\/v2\/media?parent=24510"}],"wp:term":[{"taxonomy":"product_cat","embeddable":true,"href":"https:\/\/www.sopha-sahara.com\/en\/wp-json\/wp\/v2\/product_cat?post=24510"},{"taxonomy":"product_tag","embeddable":true,"href":"https:\/\/www.sopha-sahara.com\/en\/wp-json\/wp\/v2\/product_tag?post=24510"}],"curies":[{"name":"wp","href":"https:\/\/api.w.org\/{rel}","templated":true}]}}