{"id":24509,"date":"2020-12-18T15:38:59","date_gmt":"2020-12-18T14:38:59","guid":{"rendered":"https:\/\/www.interbusinesschamber.com\/produit\/flexofytol\/"},"modified":"2020-12-28T12:43:35","modified_gmt":"2020-12-28T11:43:35","slug":"flexofytol","status":"publish","type":"product","link":"https:\/\/www.sopha-sahara.com\/en\/product\/flexofytol\/","title":{"rendered":"FLEXOFYTOL \u00ae"},"content":{"rendered":"<h4><i class=\"fa fa-plus\"><\/i><a>Ingr\u00e9dients<\/a><\/h4>\n<p>Extrait bio-optimis\u00e9 de Curcuma longa<\/p>\n<p>&nbsp;<\/p>\n<h4><i class=\"fa fa-plus\"><\/i><a>Mode d'emploi<\/a><\/h4>\n<p>Adultes et enfants d\u00e8s 6 ans. Traitement d'attaque: 4 fois\/j. Traitement d'entretien: 2 fois\/j<\/p>\n<p>&nbsp;<\/p>\n<p>Le rhizome de curcuma contient un ensemble de substances appel\u00e9es curcumino\u00efdes, dont la curcumine est la plus importante. Elle est un puissant antioxydant qui contribue \u00e0 la souplesse des articulations, des muscles et des tendons. Pour b\u00e9n\u00e9ficier d\u2019une activit\u00e9 optimale, il faudrait ing\u00e9rer quotidiennement des quantit\u00e9s tr\u00e8s importantes de curcuma car la curcumine n\u2019est que tr\u00e8s faiblement absorb\u00e9e par l\u2019organisme et ne p\u00e9n\u00e8tre pas bien dans le sang.\u00a0<strong>Flexo<\/strong><strong>fytol\u00ae<\/strong>, \u00e0 base d'extrait bio-optimis\u00e9 de curcuma, contribue \u00e0 maintenir la souplesse articulaire et \u00e0 limiter le vieillissement du car tilage. Ces capsules \u00e0 base d'extrait de curcuma standardis\u00e9 \u00e0 42 mg de curcumine sont obtenus par un nouveau proc\u00e9d\u00e9 brevet\u00e9 et perettent une concentration dans le sang 1350 fois plus \u00e9lev\u00e9e que la curcumine native. La curcumine bio-optimis\u00e9e passe bien dans le sang et garantit ainsi un effet optimal. L\u2019extrait bio-optimis\u00e9, exclusivit\u00e9 de\u00a0<strong>Flexofytol\u00ae<\/strong>, est obtenu par un proc\u00e9d\u00e9 de formulation qui rend la curcumine plus assimilable.\u00a0<strong>Flexofytol\u00ae<\/strong>\u00a0est pr\u00e9conis\u00e9 pour les articulations sensibles et raideurs articulaires associ\u00e9es ou non \u00e0 une fragilit\u00e9 digestive, les tendons sensibles et lors d\u2018usure du cartilage due au vieillissement ou \u00e0 une surcharge tels que le sport ou le travail.\u00a0<strong>Flexofytol\u00ae<\/strong>\u00a0se caract\u00e9rise par sa rapidit\u00e9 d\u2019action et peut \u00eatre utilis\u00e9 sur de longues p\u00e9riodes sans complications digestives.<\/p>","protected":false},"excerpt":{"rendered":"<p>Boite de 60 capsules<\/p>","protected":false},"featured_media":24544,"template":"","meta":{"arc_restricted_post":false},"product_cat":[49,340],"product_tag":[],"_links":{"self":[{"href":"https:\/\/www.sopha-sahara.com\/en\/wp-json\/wp\/v2\/product\/24509"}],"collection":[{"href":"https:\/\/www.sopha-sahara.com\/en\/wp-json\/wp\/v2\/product"}],"about":[{"href":"https:\/\/www.sopha-sahara.com\/en\/wp-json\/wp\/v2\/types\/product"}],"wp:featuredmedia":[{"embeddable":true,"href":"https:\/\/www.sopha-sahara.com\/en\/wp-json\/wp\/v2\/media\/24544"}],"wp:attachment":[{"href":"https:\/\/www.sopha-sahara.com\/en\/wp-json\/wp\/v2\/media?parent=24509"}],"wp:term":[{"taxonomy":"product_cat","embeddable":true,"href":"https:\/\/www.sopha-sahara.com\/en\/wp-json\/wp\/v2\/product_cat?post=24509"},{"taxonomy":"product_tag","embeddable":true,"href":"https:\/\/www.sopha-sahara.com\/en\/wp-json\/wp\/v2\/product_tag?post=24509"}],"curies":[{"name":"wp","href":"https:\/\/api.w.org\/{rel}","templated":true}]}}