{"id":24508,"date":"2020-12-18T15:38:58","date_gmt":"2020-12-18T14:38:58","guid":{"rendered":"https:\/\/www.interbusinesschamber.com\/produit\/florafit\/"},"modified":"2020-12-28T12:44:03","modified_gmt":"2020-12-28T11:44:03","slug":"florafit","status":"publish","type":"product","link":"https:\/\/www.sopha-sahara.com\/en\/product\/florafit\/","title":{"rendered":"FLORAFIT \u00ae"},"content":{"rendered":"<h4><i class=\"fa fa-plus\"><\/i><a>Ingr\u00e9dients<\/a><\/h4>\n<p>FLORAFIT\u00ae\u00a0est \u00e0 base de 6 extraits standardis\u00e9s de plantes et de 2 souches probiotiques dont les actions sont scientifiquement et cliniquement prouv\u00e9es pour r\u00e9tablir le CONFORT INTESTINAL.<i class=\"fa fa-plus\"><\/i><\/p>\n<p>&nbsp;<\/p>\n<p>\u00a0FLORAFIT\u00a0:<\/p>\n<ul>\n<li>R\u00e9tablit une digestion normale,<\/li>\n<li>Calme l\u2019inflammation ainsi que les spasmes et les crampes intestinaux<\/li>\n<li>Soulage des gaz et ballonnements et pr\u00e9vient leur formation<\/li>\n<li>R\u00e9gule le transit en cas de constipation\/diarrh\u00e9e ou alternance des deux<\/li>\n<li>Equilibre la flore intestinale et la r\u00e9g\u00e9n\u00e8re<\/li>\n<\/ul>\n<p>\u00a0Conseil d\u2019utilisation:<\/p>\n<p>Adultes et enfants d\u00e8s 12 ans<\/p>\n<p>1 \u00e0 4 g\u00e9lules \u00e0 prendre avec un grand verre d\u2019eau, selon le besoin, le soir de pr\u00e9f\u00e9rence.<\/p>","protected":false},"excerpt":{"rendered":"<p>Boite de 30 comprim\u00e9s<\/p>","protected":false},"featured_media":24545,"template":"","meta":{"arc_restricted_post":false},"product_cat":[49,340],"product_tag":[],"_links":{"self":[{"href":"https:\/\/www.sopha-sahara.com\/en\/wp-json\/wp\/v2\/product\/24508"}],"collection":[{"href":"https:\/\/www.sopha-sahara.com\/en\/wp-json\/wp\/v2\/product"}],"about":[{"href":"https:\/\/www.sopha-sahara.com\/en\/wp-json\/wp\/v2\/types\/product"}],"wp:featuredmedia":[{"embeddable":true,"href":"https:\/\/www.sopha-sahara.com\/en\/wp-json\/wp\/v2\/media\/24545"}],"wp:attachment":[{"href":"https:\/\/www.sopha-sahara.com\/en\/wp-json\/wp\/v2\/media?parent=24508"}],"wp:term":[{"taxonomy":"product_cat","embeddable":true,"href":"https:\/\/www.sopha-sahara.com\/en\/wp-json\/wp\/v2\/product_cat?post=24508"},{"taxonomy":"product_tag","embeddable":true,"href":"https:\/\/www.sopha-sahara.com\/en\/wp-json\/wp\/v2\/product_tag?post=24508"}],"curies":[{"name":"wp","href":"https:\/\/api.w.org\/{rel}","templated":true}]}}