{"id":24507,"date":"2020-12-18T15:38:58","date_gmt":"2020-12-18T14:38:58","guid":{"rendered":"https:\/\/www.interbusinesschamber.com\/produit\/hepaflor\/"},"modified":"2020-12-28T12:44:32","modified_gmt":"2020-12-28T11:44:32","slug":"hepaflor","status":"publish","type":"product","link":"https:\/\/www.sopha-sahara.com\/en\/product\/hepaflor\/","title":{"rendered":"HEPAFLOR \u00ae"},"content":{"rendered":"<h4><i class=\"fa fa-plus\"><\/i><a>Ingr\u00e9dients<\/a><\/h4>\n<p>FOS (Pr\u00e9biotiques): les bifidobact\u00e9ries m\u00e9tabolisent les FOS et produisent des acides gras qui limitent la prolif\u00e9ration de nombreuses bact\u00e9ries pathog\u00e8nes<\/p>\n<p>Vitamines B1, B2, B6<\/p>\n<p>Cr\u00e9ent un environnement favorable pour la survie et la croissance des probiotiques dans l'intestin<\/p>\n<p>10 xtraits Actifs<\/p>\n<p>Effets purgatifs, laxatifs et digestifs<\/p>\n<p>&nbsp;<\/p>\n<h4><i class=\"fa fa-plus\"><\/i><a>Mode d'emploi<\/a><\/h4>\n<p>1 \u00e0 2 g\u00e9lules le soir avant le coucher<\/p>\n<p>&nbsp;<\/p>\n<p>Active et purge le syst\u00e8me Gastro-intestinal<\/p>\n<p>R\u00e9g\u00e9n\u00e8re la flore intestinale<\/p>\n<p>Procure un \u00e9tat de l\u00e9g\u00e8ret\u00e9 et vitalit\u00e9<\/p>\n<p>&nbsp;<\/p>","protected":false},"excerpt":{"rendered":"<p>Boite de 30 g\u00e9lules<\/p>","protected":false},"featured_media":24548,"template":"","meta":{"arc_restricted_post":false},"product_cat":[49,340],"product_tag":[],"_links":{"self":[{"href":"https:\/\/www.sopha-sahara.com\/en\/wp-json\/wp\/v2\/product\/24507"}],"collection":[{"href":"https:\/\/www.sopha-sahara.com\/en\/wp-json\/wp\/v2\/product"}],"about":[{"href":"https:\/\/www.sopha-sahara.com\/en\/wp-json\/wp\/v2\/types\/product"}],"wp:featuredmedia":[{"embeddable":true,"href":"https:\/\/www.sopha-sahara.com\/en\/wp-json\/wp\/v2\/media\/24548"}],"wp:attachment":[{"href":"https:\/\/www.sopha-sahara.com\/en\/wp-json\/wp\/v2\/media?parent=24507"}],"wp:term":[{"taxonomy":"product_cat","embeddable":true,"href":"https:\/\/www.sopha-sahara.com\/en\/wp-json\/wp\/v2\/product_cat?post=24507"},{"taxonomy":"product_tag","embeddable":true,"href":"https:\/\/www.sopha-sahara.com\/en\/wp-json\/wp\/v2\/product_tag?post=24507"}],"curies":[{"name":"wp","href":"https:\/\/api.w.org\/{rel}","templated":true}]}}