{"id":24505,"date":"2020-12-18T15:38:58","date_gmt":"2020-12-18T14:38:58","guid":{"rendered":"https:\/\/www.interbusinesschamber.com\/produit\/hepanat\/"},"modified":"2021-02-24T13:02:00","modified_gmt":"2021-02-24T12:02:00","slug":"hepanat","status":"publish","type":"product","link":"https:\/\/www.sopha-sahara.com\/en\/product\/hepanat\/","title":{"rendered":"HEPANAT\u00ae"},"content":{"rendered":"<h4><a>Ingr\u00e9dients<\/a><\/h4>\n<p>Extrait de 10 plantes<\/p>\n<h4><i class=\"fa fa-plus\"><\/i><a>Mode d'emploi<\/a><\/h4>\n<p>Adultes et enfants d\u00e8s 10 ans. 2 \u00e0 4 comprim\u00e9s par jour<\/p>\n<p>&nbsp;<\/p>\n<p>HEPANAT\u00ae est un r\u00e9gulateur naturel du transit gastro-intestinal qui agit sur la motilit\u00e9 intestinale gr\u00e2ce \u00e0 la combinaison de propri\u00e9t\u00e9s diff\u00e9rentes issues de la synergie de ses composants phytoactifs. HEPANAT\u00ae exerce des propri\u00e9t\u00e9s laxatives proches de l\u2019\u00e9tat physiologique gr\u00e2ce \u00e0 sa richesse en fibres (plus de 79%), en anthraquinones, lactones et unilines qui lui permettent d\u2019agir sur la contraction de l\u2019intestin par effet de lest (gonfle l\u2019intestin par hydratation), effet stimulant (force sa contraction par une l\u00e9g\u00e8re irritation qui stimule ses s\u00e9cr\u00e9tions) et effet \u00e9mollient (lubrifie le bol alimentaire) pour soulager efficacement et de mani\u00e8re naturelle le tractus gastro-intestinal sans engendrer d\u2019\u00e9tat spastique.En ce sens, il est particuli\u00e8rement bien indique en traitement pour la constipation (occasionnelle ou chronique) ou lors de colopathie fonctionnelle. HEPANAT\u00ae est dou\u00e9 de propri\u00e9t\u00e9s digestives et antispasmodiques remarquables, trouvant leur origine dans la synergie de ses principes amers, unilines, anethols et saponines pour traiter efficacement les indigestions produisant dispepsies et ballonnements. HEPANAT\u00ae est un produit polyvalent aux indications multiples qui peut \u00eatre pris d\u00e8s l\u2019\u00e2ge de 10 ans. Il peut \u00eatre pris sur le long terme et demeure sans effets ind\u00e9sirables pour autant qu\u2019il ne soit pas administr\u00e9 chez les femmes enceintes ou allaitantes, en cas d\u2019occlusions intestinales ou de maladies inflammatoires du colon. Sa formule est 100% naturelle est innovante et demeure bien tol\u00e9r\u00e9e. La synergie de ses composants offre une action efficace tout le long du tractus gastro-intestinal et permet de diminuer au maximum leur concentration avec un maximum d\u2019action.<\/p>","protected":false},"excerpt":{"rendered":"<p>Boites de 10 et 20 comprim\u00e9s<\/p>","protected":false},"featured_media":30846,"template":"","meta":{"arc_restricted_post":false},"product_cat":[49,340],"product_tag":[],"_links":{"self":[{"href":"https:\/\/www.sopha-sahara.com\/en\/wp-json\/wp\/v2\/product\/24505"}],"collection":[{"href":"https:\/\/www.sopha-sahara.com\/en\/wp-json\/wp\/v2\/product"}],"about":[{"href":"https:\/\/www.sopha-sahara.com\/en\/wp-json\/wp\/v2\/types\/product"}],"wp:featuredmedia":[{"embeddable":true,"href":"https:\/\/www.sopha-sahara.com\/en\/wp-json\/wp\/v2\/media\/30846"}],"wp:attachment":[{"href":"https:\/\/www.sopha-sahara.com\/en\/wp-json\/wp\/v2\/media?parent=24505"}],"wp:term":[{"taxonomy":"product_cat","embeddable":true,"href":"https:\/\/www.sopha-sahara.com\/en\/wp-json\/wp\/v2\/product_cat?post=24505"},{"taxonomy":"product_tag","embeddable":true,"href":"https:\/\/www.sopha-sahara.com\/en\/wp-json\/wp\/v2\/product_tag?post=24505"}],"curies":[{"name":"wp","href":"https:\/\/api.w.org\/{rel}","templated":true}]}}