{"id":24504,"date":"2020-12-18T15:38:58","date_gmt":"2020-12-18T14:38:58","guid":{"rendered":"https:\/\/www.interbusinesschamber.com\/produit\/antimetil\/"},"modified":"2021-02-19T09:40:38","modified_gmt":"2021-02-19T08:40:38","slug":"antimetil","status":"publish","type":"product","link":"https:\/\/www.sopha-sahara.com\/en\/product\/antimetil\/","title":{"rendered":"ANTIMETIL\u00ae"},"content":{"rendered":"<h4><i class=\"fa fa-plus\"><\/i><a>Mode d'emploi<\/a><\/h4>\n<p>Enfants de plus de 3ans: 1 \u00e0 4 comprim\u00e9s\/j. Femmes enceintes: comprim\u00e9 matin et midi. Adultes et enfants de 12ans: 1 \u00e0 4 comprim\u00e9s\/j. A prendre avec un verre d'eau, pendant ou en dehors des repas<\/p>\n<p>&nbsp;<\/p>\n<p>Gr\u00e2ce \u00e0 sa formule naturelle, Antimetil\u00ae est parfaitement adapt\u00e9 pour aider \u00e0 retrouver un \u00e9quilibre digestif optimal en cas d\u2019exc\u00e8s alimentaires ou de r\u00e9gime alimentaire inhabituel (en vacances par exemple), en cas de grossesse ou lors de d\u00e9placements. L\u2019extrait de gingembre utilis\u00e9 dans Antimetil\u00ae est 10 fois plus concentr\u00e9 qu\u2019une poudre de gingembre traditionnelle, chaque comprim\u00e9 contient 50 mg d\u2019extrait de gingembre sec. De nombreuses \u00e9tudes, r\u00e9alis\u00e9es entre autres aupr\u00e8s de femmes enceintes, ont permis de d\u00e9montrer la fiabilit\u00e9 du gingembre pour les naus\u00e9es et troubles digestifs dus \u00e0 la grossesse. Antimetil\u00ae poss\u00e8de en effet une grande activit\u00e9 sans provoquer d\u2019effets contraires, et se pr\u00e9sente sous forme de petits comprim\u00e9s faciles \u00e0 avaler. Il am\u00e9liore la digestion en cas d'exc\u00e8s alimentaires, en cas de lenteurs et lourdeurs digestives est en cas d'irritations de l'estomac. La formule naturelle d\u2019Antimetil\u00ae contribue \u00e0 pr\u00e9server l\u2019\u00e9quilibre digestif et convient parfaitement aux enfants d\u00e8s 3 ans et aux femmes enceintes d\u00e8s le 1er mois de grossesse.<\/p>","protected":false},"excerpt":{"rendered":"<p>Boites de 15 et 30 comprim\u00e9s<\/p>","protected":false},"featured_media":30307,"template":"","meta":{"arc_restricted_post":false},"product_cat":[49,340],"product_tag":[],"_links":{"self":[{"href":"https:\/\/www.sopha-sahara.com\/en\/wp-json\/wp\/v2\/product\/24504"}],"collection":[{"href":"https:\/\/www.sopha-sahara.com\/en\/wp-json\/wp\/v2\/product"}],"about":[{"href":"https:\/\/www.sopha-sahara.com\/en\/wp-json\/wp\/v2\/types\/product"}],"wp:featuredmedia":[{"embeddable":true,"href":"https:\/\/www.sopha-sahara.com\/en\/wp-json\/wp\/v2\/media\/30307"}],"wp:attachment":[{"href":"https:\/\/www.sopha-sahara.com\/en\/wp-json\/wp\/v2\/media?parent=24504"}],"wp:term":[{"taxonomy":"product_cat","embeddable":true,"href":"https:\/\/www.sopha-sahara.com\/en\/wp-json\/wp\/v2\/product_cat?post=24504"},{"taxonomy":"product_tag","embeddable":true,"href":"https:\/\/www.sopha-sahara.com\/en\/wp-json\/wp\/v2\/product_tag?post=24504"}],"curies":[{"name":"wp","href":"https:\/\/api.w.org\/{rel}","templated":true}]}}