{"id":24502,"date":"2020-12-18T15:38:58","date_gmt":"2020-12-18T14:38:58","guid":{"rendered":"https:\/\/www.interbusinesschamber.com\/produit\/trivimag\/"},"modified":"2020-12-28T12:49:57","modified_gmt":"2020-12-28T11:49:57","slug":"trivimag","status":"publish","type":"product","link":"https:\/\/www.sopha-sahara.com\/en\/product\/trivimag\/","title":{"rendered":"TRIVIMAG \u00ae"},"content":{"rendered":"<h4><a>Ingr\u00e9dients<\/a><\/h4>\n<p>Mg 300 mg, Vit: B1, B6, B12<\/p>\n<h4><i class=\"fa fa-plus\"><\/i><a>Mode d'emploi<\/a><\/h4>\n<p>Adultes: 1 comprim\u00e9 \/ jour. Enfants: 1\/2 \/ jour<\/p>\n<p>&nbsp;<\/p>\n<p>Le magn\u00e9sium est un min\u00e9ral essentiel au bon fonctionnement de l'organisme. Il participe \u00e0 plusieurs r\u00e9actions m\u00e9taboliques dans le corps et contribue notamment \u00e0 la transmission nerveuse et \u00e0 la relaxation musculaire apr\u00e8s la contraction.<\/p>\n<p><strong>Trivimag<\/strong>\u00a0est un compl\u00e9ment alimentaire qui se caract\u00e9rise par sa formulation riche en magn\u00e9sium \u00e0 300 mg par comprim\u00e9 et sa suppl\u00e9mentation en vitamines B1, B6 et B12 (tout en respectant les AQR*). L\u2019utilisation de carbonate de Magn\u00e9sium dans sa formulation permet un \u00e9quilibre optimal entre la teneur en magn\u00e9sium \u00e9l\u00e9mentaire et sa biodisponibilit\u00e9 dans le corps pour un effet des plus rapides. Ce magn\u00e9sium pr\u00e9sent dans\u00a0<strong>Trivimag<\/strong>\u00a0est impliqu\u00e9 dans la protection des cellules contre le stress oxydatif qui constitue un facteur important dans de nombreuses maladies chroniques telles que le cancer, le diab\u00e8te, la maladie d\u2019Alzheimer ou encore la cataracte,etc. Les signes pr\u00e9coces les plus visibles de cette agression sont l\u2019apparition de rides, signe d\u2019un vieillissement acc\u00e9l\u00e9r\u00e9 des tissus organiques. L\u2019administration d'un comprim\u00e9 de\u00a0<strong>Trivimag<\/strong>\u00a0permet une r\u00e9duction de la fatigue et de l\u2019asth\u00e9nie mentale. Il prodigue des effets au niveau psychique et physique et au niveau des fonctions vitales en accordant un retour \u00e0 une fonction psychologique normale et une am\u00e9lioration des performances mentales. Il agit tant sur le m\u00e9tabolisme \u00e9nerg\u00e9tique que sur la r\u00e9gulation de l'activit\u00e9 hormonale, le fonctionnement du syst\u00e8me immunitaire, le syst\u00e8me cardiaque et le syst\u00e8me nerveux.<\/p>\n<p>*AQR: apport quotidien recommand\u00e9<\/p>","protected":false},"excerpt":{"rendered":"<div id=\"t3-mainbody\" class=\"container t3-mainbody\">\n<div class=\"row\">\n<div id=\"t3-content\" class=\"t3-content col-xs-12 col-sm-8 col-sm-push-4 col-md-9 col-md-push-3\">\n<div class=\"item-page\">\n<div id=\"j2store-product-11\" class=\"j2store j2store-product-info col-md-12\">\n<div id=\"portfoliolist\">\n<div class=\"col-md-12 portfolio cnk\" data-cat=\"cnk\" data-bound=\"\">\n<p class=\"block portfolio-wrapper\">Boites de 20 comprim\u00e9s effervescents. Sans sucre. Go\u00fbt: Orange<\/p>\n<\/div>\n<\/div>\n<\/div>\n<\/div>\n<\/div>\n<\/div>\n<\/div>","protected":false},"featured_media":24564,"template":"","meta":{"arc_restricted_post":false},"product_cat":[49,340],"product_tag":[],"_links":{"self":[{"href":"https:\/\/www.sopha-sahara.com\/en\/wp-json\/wp\/v2\/product\/24502"}],"collection":[{"href":"https:\/\/www.sopha-sahara.com\/en\/wp-json\/wp\/v2\/product"}],"about":[{"href":"https:\/\/www.sopha-sahara.com\/en\/wp-json\/wp\/v2\/types\/product"}],"wp:featuredmedia":[{"embeddable":true,"href":"https:\/\/www.sopha-sahara.com\/en\/wp-json\/wp\/v2\/media\/24564"}],"wp:attachment":[{"href":"https:\/\/www.sopha-sahara.com\/en\/wp-json\/wp\/v2\/media?parent=24502"}],"wp:term":[{"taxonomy":"product_cat","embeddable":true,"href":"https:\/\/www.sopha-sahara.com\/en\/wp-json\/wp\/v2\/product_cat?post=24502"},{"taxonomy":"product_tag","embeddable":true,"href":"https:\/\/www.sopha-sahara.com\/en\/wp-json\/wp\/v2\/product_tag?post=24502"}],"curies":[{"name":"wp","href":"https:\/\/api.w.org\/{rel}","templated":true}]}}