{"id":24501,"date":"2020-12-18T15:38:58","date_gmt":"2020-12-18T14:38:58","guid":{"rendered":"https:\/\/www.interbusinesschamber.com\/produit\/dornat-plus\/"},"modified":"2021-02-22T11:27:40","modified_gmt":"2021-02-22T10:27:40","slug":"dornat-plus","status":"publish","type":"product","link":"https:\/\/www.sopha-sahara.com\/en\/product\/dornat-plus\/","title":{"rendered":"DORNAT PLUS \u00ae"},"content":{"rendered":"<h4><i class=\"fa fa-plus\"><\/i><a>Ingr\u00e9dients<\/a><\/h4>\n<p>Origine v\u00e9g\u00e9tale<\/p>\n<h4><i class=\"fa fa-plus\"><\/i><a>Mode d'emploi<\/a><\/h4>\n<p>Adultes: 2 g\u00e9lules \/ jour. Enfants &gt; 8ans: 1 g\u00e9lule \/ jour<\/p>\n<p>&nbsp;<\/p>\n<p><strong>DORNAT Plus\u00ae<\/strong>\u00a0est une combinaison unique de plusieurs extraits phytoactifs et de suppl\u00e9ments qui agissent principalement contre les troubles li\u00e9s au stress et \u00e0 l\u2019insomnie de par leurs propri\u00e9t\u00e9s relaxantes et s\u00e9datives. De par leur synergie, les effets de chacun de ses composants sont amplifi\u00e9s afin d\u2019am\u00e9liorer la qualit\u00e9 du sommeil et traiter les diff\u00e9rents troubles physio-pathologiques li\u00e9s \u00e0 l\u2019insomnie chronique.<\/p>\n<p>Mais l\u2019action de\u00a0<strong>DORNAT Plus\u00ae<\/strong>\u00a0va au de-l\u00e0 du simple effet s\u00e9datif, il fournit une r\u00e9ponse efficace contre le stress et ses diff\u00e9rentes manifestations en att\u00e9nuant les probl\u00e8mes de nervosit\u00e9 et d\u2019agitation trouvant comme origine l\u2019anxi\u00e9t\u00e9 et l\u2019irritabilit\u00e9, chez l\u2019adulte et l\u2019enfant \u00e0 partir de 8 ans. Contrairement \u00e0 ce qui se produit souvent avec les somnif\u00e8res de synth\u00e8se, la prise de\u00a0<strong>DORNAT Plus\u00ae\u00a0<\/strong>au coucher et aux doses recommand\u00e9es ne procure pas de sensation de \u00ab lendemain de veille \u00bb. Le r\u00e9sultat est donc une action compl\u00e8te et cibl\u00e9e sur les diff\u00e9rents sympt\u00f4mes de mal psycho-somatique, gr\u00e2ce aux effets conjugu\u00e9s de ses diff\u00e9rents constituants, sans les effets ind\u00e9sirables rencontr\u00e9s dans les m\u00e9dicaments allopathiques portant les m\u00eames indications.<\/p>\n<p>Gr\u00e2ce \u00e0 sa nouvelle formulation gal\u00e9nique enti\u00e8rement naturelle,\u00a0<strong>DORNAT Plus\u00ae<\/strong>\u00a0offre une prise par voie orale facile et une bonne assimilation de ses actifs.<\/p>","protected":false},"excerpt":{"rendered":"<p>Boites de 30 et de 40 g\u00e9lules<\/p>","protected":false},"featured_media":30526,"template":"","meta":{"arc_restricted_post":false},"product_cat":[49,340],"product_tag":[],"_links":{"self":[{"href":"https:\/\/www.sopha-sahara.com\/en\/wp-json\/wp\/v2\/product\/24501"}],"collection":[{"href":"https:\/\/www.sopha-sahara.com\/en\/wp-json\/wp\/v2\/product"}],"about":[{"href":"https:\/\/www.sopha-sahara.com\/en\/wp-json\/wp\/v2\/types\/product"}],"wp:featuredmedia":[{"embeddable":true,"href":"https:\/\/www.sopha-sahara.com\/en\/wp-json\/wp\/v2\/media\/30526"}],"wp:attachment":[{"href":"https:\/\/www.sopha-sahara.com\/en\/wp-json\/wp\/v2\/media?parent=24501"}],"wp:term":[{"taxonomy":"product_cat","embeddable":true,"href":"https:\/\/www.sopha-sahara.com\/en\/wp-json\/wp\/v2\/product_cat?post=24501"},{"taxonomy":"product_tag","embeddable":true,"href":"https:\/\/www.sopha-sahara.com\/en\/wp-json\/wp\/v2\/product_tag?post=24501"}],"curies":[{"name":"wp","href":"https:\/\/api.w.org\/{rel}","templated":true}]}}