{"id":24500,"date":"2020-12-18T15:38:57","date_gmt":"2020-12-18T14:38:57","guid":{"rendered":"https:\/\/www.interbusinesschamber.com\/produit\/masvitam-memoire\/"},"modified":"2020-12-31T11:51:21","modified_gmt":"2020-12-31T10:51:21","slug":"masvitam-memoire","status":"publish","type":"product","link":"https:\/\/www.sopha-sahara.com\/en\/product\/masvitam-memoire\/","title":{"rendered":"MASVITAM M\u00c9MOIRE \u00ae"},"content":{"rendered":"","protected":false},"excerpt":{"rendered":"<p>Masvitam m\u00e9moire 150 ml \u00e0 base de phosphore et de vitamine B12, qui contribue au m\u00e9tabolisme \u00e9nerg\u00e9tique normal. La vitamine B12 contribue au fonctionnement psychologique normal et au fonctionnement normal du syst\u00e8me nerveux, tandis que le phosphore contribue au fonctionnement normal des membranes cellulaires.<\/p>","protected":false},"featured_media":24553,"template":"","meta":{"arc_restricted_post":false},"product_cat":[49,340],"product_tag":[],"_links":{"self":[{"href":"https:\/\/www.sopha-sahara.com\/en\/wp-json\/wp\/v2\/product\/24500"}],"collection":[{"href":"https:\/\/www.sopha-sahara.com\/en\/wp-json\/wp\/v2\/product"}],"about":[{"href":"https:\/\/www.sopha-sahara.com\/en\/wp-json\/wp\/v2\/types\/product"}],"wp:featuredmedia":[{"embeddable":true,"href":"https:\/\/www.sopha-sahara.com\/en\/wp-json\/wp\/v2\/media\/24553"}],"wp:attachment":[{"href":"https:\/\/www.sopha-sahara.com\/en\/wp-json\/wp\/v2\/media?parent=24500"}],"wp:term":[{"taxonomy":"product_cat","embeddable":true,"href":"https:\/\/www.sopha-sahara.com\/en\/wp-json\/wp\/v2\/product_cat?post=24500"},{"taxonomy":"product_tag","embeddable":true,"href":"https:\/\/www.sopha-sahara.com\/en\/wp-json\/wp\/v2\/product_tag?post=24500"}],"curies":[{"name":"wp","href":"https:\/\/api.w.org\/{rel}","templated":true}]}}