{"id":24499,"date":"2020-12-18T15:38:57","date_gmt":"2020-12-18T14:38:57","guid":{"rendered":"https:\/\/www.interbusinesschamber.com\/produit\/masvitam-protect\/"},"modified":"2020-12-31T11:52:13","modified_gmt":"2020-12-31T10:52:13","slug":"masvitam-protect","status":"publish","type":"product","link":"https:\/\/www.sopha-sahara.com\/en\/product\/masvitam-protect\/","title":{"rendered":"MASVITAM PROTECT \u00ae"},"content":{"rendered":"","protected":false},"excerpt":{"rendered":"<p>C\u2019est un produit 100% naturel sans effets ind\u00e9sirables d\u00e9clar\u00e9s et au Gout Citron<\/p>\n<p>Enfants \u00e0 partir de 3 ans et adultes<\/p>\n<p>Masvitam Protect est disponible en flacon de 150ml<\/p>","protected":false},"featured_media":24554,"template":"","meta":{"arc_restricted_post":false},"product_cat":[49,340],"product_tag":[],"_links":{"self":[{"href":"https:\/\/www.sopha-sahara.com\/en\/wp-json\/wp\/v2\/product\/24499"}],"collection":[{"href":"https:\/\/www.sopha-sahara.com\/en\/wp-json\/wp\/v2\/product"}],"about":[{"href":"https:\/\/www.sopha-sahara.com\/en\/wp-json\/wp\/v2\/types\/product"}],"wp:featuredmedia":[{"embeddable":true,"href":"https:\/\/www.sopha-sahara.com\/en\/wp-json\/wp\/v2\/media\/24554"}],"wp:attachment":[{"href":"https:\/\/www.sopha-sahara.com\/en\/wp-json\/wp\/v2\/media?parent=24499"}],"wp:term":[{"taxonomy":"product_cat","embeddable":true,"href":"https:\/\/www.sopha-sahara.com\/en\/wp-json\/wp\/v2\/product_cat?post=24499"},{"taxonomy":"product_tag","embeddable":true,"href":"https:\/\/www.sopha-sahara.com\/en\/wp-json\/wp\/v2\/product_tag?post=24499"}],"curies":[{"name":"wp","href":"https:\/\/api.w.org\/{rel}","templated":true}]}}