{"id":24498,"date":"2020-12-18T15:38:57","date_gmt":"2020-12-18T14:38:57","guid":{"rendered":"https:\/\/www.interbusinesschamber.com\/produit\/masvitam-energie\/"},"modified":"2020-12-31T11:50:23","modified_gmt":"2020-12-31T10:50:23","slug":"masvitam-energie","status":"publish","type":"product","link":"https:\/\/www.sopha-sahara.com\/en\/product\/masvitam-energie\/","title":{"rendered":"MASVITAM ENERGIE \u00ae"},"content":{"rendered":"","protected":false},"excerpt":{"rendered":"<p>MASVITAM ENERGIE aide l\u2019organisme \u00e0 maintenir sa vitalit\u00e9 et \u00e0 r\u00e9sister aux fatigues passag\u00e8res.<\/p>\n<p>On utilise Masvitam En\u00e9rgie en cas de faiblesse, malnutrition ou convalescence et pour renforcer les performances du corps.<\/p>\n<p>Masvitam En\u00e9rgie est compos\u00e9 de gel\u00e9e royale qui poss\u00e8de plusieurs propri\u00e9t\u00e9s nutritives th\u00e9rapeutique et di\u00e9t\u00e9tiques et de la Vitamine C qui est un nutritif essentiel pour un m\u00e9tabolisme \u00e9nerg\u00e9tique optimal<\/p>","protected":false},"featured_media":24552,"template":"","meta":{"arc_restricted_post":false},"product_cat":[49,340],"product_tag":[],"_links":{"self":[{"href":"https:\/\/www.sopha-sahara.com\/en\/wp-json\/wp\/v2\/product\/24498"}],"collection":[{"href":"https:\/\/www.sopha-sahara.com\/en\/wp-json\/wp\/v2\/product"}],"about":[{"href":"https:\/\/www.sopha-sahara.com\/en\/wp-json\/wp\/v2\/types\/product"}],"wp:featuredmedia":[{"embeddable":true,"href":"https:\/\/www.sopha-sahara.com\/en\/wp-json\/wp\/v2\/media\/24552"}],"wp:attachment":[{"href":"https:\/\/www.sopha-sahara.com\/en\/wp-json\/wp\/v2\/media?parent=24498"}],"wp:term":[{"taxonomy":"product_cat","embeddable":true,"href":"https:\/\/www.sopha-sahara.com\/en\/wp-json\/wp\/v2\/product_cat?post=24498"},{"taxonomy":"product_tag","embeddable":true,"href":"https:\/\/www.sopha-sahara.com\/en\/wp-json\/wp\/v2\/product_tag?post=24498"}],"curies":[{"name":"wp","href":"https:\/\/api.w.org\/{rel}","templated":true}]}}