{"id":24497,"date":"2020-12-18T15:38:57","date_gmt":"2020-12-18T14:38:57","guid":{"rendered":"https:\/\/www.interbusinesschamber.com\/produit\/masvitam-calcium\/"},"modified":"2020-12-31T11:48:44","modified_gmt":"2020-12-31T10:48:44","slug":"masvitam-calcium","status":"publish","type":"product","link":"https:\/\/www.sopha-sahara.com\/en\/product\/masvitam-calcium\/","title":{"rendered":"MASVITAM CALCIUM \u00ae"},"content":{"rendered":"","protected":false},"excerpt":{"rendered":"<p>Masvitam R\u00e9sistance \u00e0 base de Calcium et Vitamine D3 aide \u00e0 renforcer le syst\u00e8me immunitaire, et maintenir une bonne sant\u00e9 osseuse et dentaire.<br \/>Il procure un apport optimal en:<br \/>Calcium,<br \/>Vitamine D3.<\/p>\n<p>Sans sucre, sans gluten.<br \/>Disponible en flacon de 150 ml.<\/p>","protected":false},"featured_media":24551,"template":"","meta":{"arc_restricted_post":false},"product_cat":[49,340],"product_tag":[],"_links":{"self":[{"href":"https:\/\/www.sopha-sahara.com\/en\/wp-json\/wp\/v2\/product\/24497"}],"collection":[{"href":"https:\/\/www.sopha-sahara.com\/en\/wp-json\/wp\/v2\/product"}],"about":[{"href":"https:\/\/www.sopha-sahara.com\/en\/wp-json\/wp\/v2\/types\/product"}],"wp:featuredmedia":[{"embeddable":true,"href":"https:\/\/www.sopha-sahara.com\/en\/wp-json\/wp\/v2\/media\/24551"}],"wp:attachment":[{"href":"https:\/\/www.sopha-sahara.com\/en\/wp-json\/wp\/v2\/media?parent=24497"}],"wp:term":[{"taxonomy":"product_cat","embeddable":true,"href":"https:\/\/www.sopha-sahara.com\/en\/wp-json\/wp\/v2\/product_cat?post=24497"},{"taxonomy":"product_tag","embeddable":true,"href":"https:\/\/www.sopha-sahara.com\/en\/wp-json\/wp\/v2\/product_tag?post=24497"}],"curies":[{"name":"wp","href":"https:\/\/api.w.org\/{rel}","templated":true}]}}