{"id":24495,"date":"2020-12-18T15:38:57","date_gmt":"2020-12-18T14:38:57","guid":{"rendered":"https:\/\/www.interbusinesschamber.com\/produit\/panax-gelules\/"},"modified":"2020-12-28T12:49:26","modified_gmt":"2020-12-28T11:49:26","slug":"panax-gelules","status":"publish","type":"product","link":"https:\/\/www.sopha-sahara.com\/en\/product\/panax-gelules\/","title":{"rendered":"PANAX G\u00c9LULES \u00ae"},"content":{"rendered":"<h4><a>Ingr\u00e9dients<\/a><\/h4>\n<p>Extrait de ginseng rouge standardis\u00e9 \u00e0 8% de gins\u00e9nosides<\/p>","protected":false},"excerpt":{"rendered":"<p>Boites de 10 &#8211; 20 et 30 g\u00e9lules<\/p>","protected":false},"featured_media":24560,"template":"","meta":{"arc_restricted_post":false},"product_cat":[49,340],"product_tag":[],"_links":{"self":[{"href":"https:\/\/www.sopha-sahara.com\/en\/wp-json\/wp\/v2\/product\/24495"}],"collection":[{"href":"https:\/\/www.sopha-sahara.com\/en\/wp-json\/wp\/v2\/product"}],"about":[{"href":"https:\/\/www.sopha-sahara.com\/en\/wp-json\/wp\/v2\/types\/product"}],"wp:featuredmedia":[{"embeddable":true,"href":"https:\/\/www.sopha-sahara.com\/en\/wp-json\/wp\/v2\/media\/24560"}],"wp:attachment":[{"href":"https:\/\/www.sopha-sahara.com\/en\/wp-json\/wp\/v2\/media?parent=24495"}],"wp:term":[{"taxonomy":"product_cat","embeddable":true,"href":"https:\/\/www.sopha-sahara.com\/en\/wp-json\/wp\/v2\/product_cat?post=24495"},{"taxonomy":"product_tag","embeddable":true,"href":"https:\/\/www.sopha-sahara.com\/en\/wp-json\/wp\/v2\/product_tag?post=24495"}],"curies":[{"name":"wp","href":"https:\/\/api.w.org\/{rel}","templated":true}]}}