{"id":24494,"date":"2020-12-18T15:38:56","date_gmt":"2020-12-18T14:38:56","guid":{"rendered":"https:\/\/www.interbusinesschamber.com\/produit\/maxi-20\/"},"modified":"2021-02-24T15:23:46","modified_gmt":"2021-02-24T14:23:46","slug":"maxi-20","status":"publish","type":"product","link":"https:\/\/www.sopha-sahara.com\/en\/product\/maxi-20\/","title":{"rendered":"MAXI 20 \u00ae"},"content":{"rendered":"<div id=\"t3-mainbody\" class=\"container t3-mainbody\">\n<div class=\"row\">\n<div id=\"t3-content\" class=\"t3-content col-xs-12 col-sm-8 col-sm-push-4 col-md-9 col-md-push-3\">\n<div class=\"item-page\">\n<div id=\"j2store-product-11\" class=\"j2store j2store-product-info col-md-12\">\n<div id=\"portfoliolist\">\n<div class=\"col-md-12 portfolio ing\" data-cat=\"ing\" data-bound=\"\">\n<h4><a>Ingr\u00e9dients<\/a><\/h4>\n<p>10 vitamines - 10 min\u00e9raux<\/p>\n<\/div>\n<h4><i class=\"fa fa-plus\"><\/i><a>Mode d'emploi<\/a><\/h4>\n<p>Adultes: 1 comprim\u00e9 par jour. Enfants: 1\/2 comprim\u00e9 par jour.<\/p>\n<p>&nbsp;<\/p>\n<p><strong>Maxi<\/strong>20\u00a0\u00ae\u00a0est un compl\u00e9ment alimentaire qui associe divers vitamines, min\u00e9raux et oligo-\u00e9l\u00e9ments pour retrouver un maximum d\u2019\u00e9nergie et de bien-\u00eatre physique et mental.Un comprim\u00e9 permet d\u2019assurer \u00e0 l\u2019organisme 100% de ses besoins journaliers en vitamines, min\u00e9raux et oligo-\u00e9l\u00e9ments.\u00a0<strong>Maxi<\/strong>20\u00a0\u00ae\u00a0est tr\u00e8s riche en vitamines hydrosolubles telles que les vitamines C, E ainsi que le complexe de vitamines B (B1, B2, B3, B5, B6, B8, B9, B12 ) qui sont indispensables au m\u00e9tabolisme, aux diff\u00e9rents syst\u00e8mes de l\u2019organisme et \u00e0 la production d\u2019\u00e9nergie. En plus de ces 10 vitamines,\u00a0<strong>Maxi<\/strong>20\u00a0\u00ae\u00a0est enrichi en 10 min\u00e9raux et oligo-\u00e9l\u00e9ments qui interviennent dans de nombreuses fonctions physiologiques : min\u00e9ralisation osseuse, r\u00e9gulation du syst\u00e8me musculaire, de l'\u00e9quilibre hydrique, de la glyc\u00e9mie, synth\u00e8se des globules rouges et blancs et bien d'autres fonctions de l\u2019organisme. La prise quotidienne d\u2019un comprim\u00e9 effervescent permet d\u2019apporter un soutien efficace durant diff\u00e9rentes \u00e9tapes de la vie ou \u00e9tats physio-pathologiques, chez la femme comme chez l\u2019homme. Une suppl\u00e9mentation en\u00a0<strong>Maxi<\/strong>20\u00a0\u00ae\u00a0s\u2019av\u00e8re utile chez les personnes stress\u00e9es et surmen\u00e9es, les femmes enceintes, allaitantes ou approchant la m\u00e9nopause ou celles en carences ou d\u00e9s\u00e9quilibre nutritionnel d\u00fb \u00e0 un r\u00e9gime alimentaire non adapt\u00e9. L\u2019absence de sucre fait de\u00a0<strong>Maxi<\/strong>20<strong>\u00a0<\/strong>\u00ae\u00a0le multivitamin\u00e9 de choix pour retrouver un maximum de force et \u00e9nergie chez les patients diab\u00e9tiques.<\/p>\n<\/div>\n<\/div>\n<\/div>\n<\/div>\n<\/div>\n<\/div>","protected":false},"excerpt":{"rendered":"<p>Boites de 10 et 20 comprim\u00e9s effervescents. Sans Sucre. Go\u00fbt Orange<\/p>","protected":false},"featured_media":30884,"template":"","meta":{"arc_restricted_post":false},"product_cat":[49,340],"product_tag":[],"_links":{"self":[{"href":"https:\/\/www.sopha-sahara.com\/en\/wp-json\/wp\/v2\/product\/24494"}],"collection":[{"href":"https:\/\/www.sopha-sahara.com\/en\/wp-json\/wp\/v2\/product"}],"about":[{"href":"https:\/\/www.sopha-sahara.com\/en\/wp-json\/wp\/v2\/types\/product"}],"wp:featuredmedia":[{"embeddable":true,"href":"https:\/\/www.sopha-sahara.com\/en\/wp-json\/wp\/v2\/media\/30884"}],"wp:attachment":[{"href":"https:\/\/www.sopha-sahara.com\/en\/wp-json\/wp\/v2\/media?parent=24494"}],"wp:term":[{"taxonomy":"product_cat","embeddable":true,"href":"https:\/\/www.sopha-sahara.com\/en\/wp-json\/wp\/v2\/product_cat?post=24494"},{"taxonomy":"product_tag","embeddable":true,"href":"https:\/\/www.sopha-sahara.com\/en\/wp-json\/wp\/v2\/product_tag?post=24494"}],"curies":[{"name":"wp","href":"https:\/\/api.w.org\/{rel}","templated":true}]}}