{"id":24493,"date":"2020-12-18T15:38:56","date_gmt":"2020-12-18T14:38:56","guid":{"rendered":"https:\/\/www.interbusinesschamber.com\/produit\/maxi-g\/"},"modified":"2021-02-24T15:16:07","modified_gmt":"2021-02-24T14:16:07","slug":"maxi-g","status":"publish","type":"product","link":"https:\/\/www.sopha-sahara.com\/en\/product\/maxi-g\/","title":{"rendered":"MAXI G \u00ae"},"content":{"rendered":"<div id=\"t3-mainbody\" class=\"container t3-mainbody\">\n<div class=\"row\">\n<div id=\"t3-content\" class=\"t3-content col-xs-12 col-sm-8 col-sm-push-4 col-md-9 col-md-push-3\">\n<div class=\"item-page\">\n<div id=\"j2store-product-11\" class=\"j2store j2store-product-info col-md-12\">\n<div id=\"portfoliolist\">\n<div class=\"col-md-12 portfolio ing\" data-cat=\"ing\" data-bound=\"\">\n<h4><a>Ingr\u00e9dients<\/a><\/h4>\n<p>Fer - Vit C - Vit B9 - Ca- Mg<\/p>\n<\/div>\n<h4><i class=\"fa fa-plus\"><\/i><a>Mode d'emploi<\/a><\/h4>\n<p>Adultes et enfants: 1 comprim\u00e9 par jour<\/p>\n<p>&nbsp;<\/p>\n<p><img src=\"http:\/\/esna1.icoz.ma\/app\/webroot\/img\/maxigpage.png\" alt=\"\" \/>Les besoins en Fer \u00e9voluent au cours de la vie, chez l'homme comme chez la femme. Le corps humain n'est pas capable de le synth\u00e9tiser mais peut seulement le ctocker. Durant certaines \u00e9tapes cl\u00e9s ou ces besoins s'accroissent, ce statut nutritionnel joue un r\u00f4le capital car des carences peuvent avoir des cons\u00e9quences n\u00e9fastes sur l'organisme.<\/p>\n<p>Chez la femme enceinte, le crops travaille plus ins\u00e9ment et ces besoins augmentent. Sans suppl\u00e9mentation ad\u00e9quate, celle ci puise dans ces r\u00e9serves et diminue son capital stock\u00e9 dans le foie, pouvant conduire ainsi \u00e0 une an\u00e9mie. Le fer est aussi indispensable pour garantir le bon d\u00e9veloppement du b\u00e9b\u00e9, mais aussi pour les organes li\u00e9s \u00e0 la grossesse tels que le placenta ou le cordon ombilical.Si les r\u00e9serves en fer venaient \u00e0 manquer, il y'aurait un risque de donner naissance \u00e0 un enfant pr\u00e9matur\u00e9 ou d'un poids trop faible.<\/p>\n<p><strong>MAXI<\/strong>\u00a0<strong>G\u00ae<\/strong>\u00a0est sp\u00e9cialement formul\u00e9 pour palier \u00e0 ces besoins, il est destin\u00e9 \u00e0 r\u00e9pondre efficacement aux diff\u00e9rents troubles d'absorption du fer, causant un d\u00e9ficit pouvant conduire \u00e0 une an\u00e9mie ferriprive, ainsi qu'en cas de carences fonctionnelles. Les comprim\u00e9s effervescents de\u00a0<strong>MAXI<\/strong>\u00a0<strong>G\u00ae\u00a0<\/strong>comprennent 100% des AQR* en Fer, min\u00e9raux et vitamines essentiels chez l'enfant comme chez l'adulte sans exc\u00e8s de micronutriments pouvant conduire \u00e0 des effets secondaires.<\/p>\n<p><strong>MAXI<\/strong>\u00a0<strong>G\u00ae<\/strong>\u00a0apporte une quantit\u00e9 suffisante de fer hautement assimilable afin d'assurer une meilleure r\u00e9cup\u00e9ration apr\u00e8s l'accouchement, rendnat l'organisme mieux arm\u00e9 face aux pertes de sang La vitamine C am\u00e9liore son absorption et permet sa fixation dans l'organisme. L'acide folique est essentiel \u00e0 l'h\u00e9matopoi\u00e8se ainsi que lors du d\u00e9veloppement de l'embryon afin d'\u00e9viter des maformations. Le cCalcium limite le risque de d\u00e9calcification osseuse chez la femme et assure la robustesse de squelette du foetus et le Magnesium soulage la femme enceinte des crampes et garantit un meilleur \u00e9quilibre neuro-musculaire.<\/p>\n<\/div>\n<\/div>\n<\/div>\n<\/div>\n<\/div>\n<\/div>","protected":false},"excerpt":{"rendered":"<p>Boites de 20 comprim\u00e9s effervescents. Sans sucre. Go\u00fbt: Grapefruit<\/p>","protected":false},"featured_media":30878,"template":"","meta":{"arc_restricted_post":false},"product_cat":[49,340],"product_tag":[],"_links":{"self":[{"href":"https:\/\/www.sopha-sahara.com\/en\/wp-json\/wp\/v2\/product\/24493"}],"collection":[{"href":"https:\/\/www.sopha-sahara.com\/en\/wp-json\/wp\/v2\/product"}],"about":[{"href":"https:\/\/www.sopha-sahara.com\/en\/wp-json\/wp\/v2\/types\/product"}],"wp:featuredmedia":[{"embeddable":true,"href":"https:\/\/www.sopha-sahara.com\/en\/wp-json\/wp\/v2\/media\/30878"}],"wp:attachment":[{"href":"https:\/\/www.sopha-sahara.com\/en\/wp-json\/wp\/v2\/media?parent=24493"}],"wp:term":[{"taxonomy":"product_cat","embeddable":true,"href":"https:\/\/www.sopha-sahara.com\/en\/wp-json\/wp\/v2\/product_cat?post=24493"},{"taxonomy":"product_tag","embeddable":true,"href":"https:\/\/www.sopha-sahara.com\/en\/wp-json\/wp\/v2\/product_tag?post=24493"}],"curies":[{"name":"wp","href":"https:\/\/api.w.org\/{rel}","templated":true}]}}