{"id":24492,"date":"2020-12-18T15:38:56","date_gmt":"2020-12-18T14:38:56","guid":{"rendered":"https:\/\/www.interbusinesschamber.com\/produit\/panax-effervescent\/"},"modified":"2021-02-11T09:57:16","modified_gmt":"2021-02-11T08:57:16","slug":"panax-effervescent","status":"publish","type":"product","link":"https:\/\/www.sopha-sahara.com\/en\/product\/panax-effervescent\/","title":{"rendered":"PANAX EFFERVESCENT\u00ae"},"content":{"rendered":"<h4><a>Ingr\u00e9dients<\/a><\/h4>\n<p>Extrait de Ginseng +B-complex, Vitamine C, Vitamine E et Vitamine H<\/p>\n<h4><i class=\"fa fa-plus\"><\/i><a>Mode d'emploi<\/a><\/h4>\n<p>1 \u00e0 2 comprim\u00e9s par jour avec un grand verre d'eau, selon les besoins.<\/p>\n<p>&nbsp;<\/p>\n<p>Le Panax Ginseng ou Ginseng Rouge de Cor\u00e9e est une plante d\u2019origine asiatique \u00e0 laquelle on attribue de multiples propri\u00e9t\u00e9s th\u00e9rapeutiques, d\u2019o\u00f9 son nom synonyme de \u00abrem\u00e8de universel \u00bb. Il s\u2019agit de la plante tonifiante par excellence ayant le pouvoir d\u2019am\u00e9liorer les capacit\u00e9s physiques et intellectuelles chez les sujets affaiblis, stress\u00e9s, asth\u00e9niques ou encore en convalescence. Les comprim\u00e9s effervescents de\u00a0<strong>Panax<\/strong>\u00ae\u00a0contiennent ses extraits riches en gins\u00e9nosides et en phytost\u00e9rols, les phytoactifs responsables de ses effets multiples et vari\u00e9s. Les personnes souffrant de troubles de la libido ou de dysfonctions \u00e9rectiles y trouveront une grande aide. Son administration par voie orale permet de r\u00e9v\u00e9ler ses vertus antioxydantes, anti inflammatoires, immunostimulantes et anabolisantes musculaire et c\u00e9r\u00e9brales. Sa teneur riche\u00a0 en complexe\u00a0 vitaminique B etoligo \u00e9l\u00e9ments, \u00e0 laquelle s'ajoute une formulation enrichie en vitamines C, E et H, en fait le suppl\u00e9ment multi vitamin\u00e9 par excellence (dans le respect de leur ANR*)<\/p>\n<p>Ce produit constitue un excellent support dans le traitement de nombreuses maladies aigues et chroniques, telles que les probl\u00e8mes cardio-vasculaires, le diab\u00e8te, les troubles li\u00e9s au cholesterol, et les maladies touchant le syst\u00e8me nerveux (troubles neurov\u00e9g\u00e9tatifs et fonctions cognitives)<\/p>\n<p>En cons\u00e9quence,\u00a0<strong>Panax<\/strong>\u00ae\u00a0est recommand\u00e9 pour am\u00e9liorer l'endurance physique et les performances intellectuelles, stimuler la virilit\u00e9, lutter contre le stress de diff\u00e9rentes natures ainsi que la d\u00e9pression, renforcer le syst\u00e8me immunitaire et compl\u00e9ter le traitement de divers troubles fonctionnels...<\/p>\n<p>(*L'apport nutritionnel quotidien moyen permettant de combler les besoins nutritionnels de la quasi totalit\u00e9 des sujets en bonne sant\u00e9 appartenant \u00e0 un groupe donn\u00e9, d\u00e9fini en fonction de l'\u00e9tape de la vide et du sexe)<\/p>","protected":false},"excerpt":{"rendered":"<p>Boite de 20 comprim\u00e9s effervescents. Sans Sucre. Go\u00fbt Cola<\/p>","protected":false},"featured_media":29681,"template":"","meta":{"arc_restricted_post":false},"product_cat":[49,340],"product_tag":[],"_links":{"self":[{"href":"https:\/\/www.sopha-sahara.com\/en\/wp-json\/wp\/v2\/product\/24492"}],"collection":[{"href":"https:\/\/www.sopha-sahara.com\/en\/wp-json\/wp\/v2\/product"}],"about":[{"href":"https:\/\/www.sopha-sahara.com\/en\/wp-json\/wp\/v2\/types\/product"}],"wp:featuredmedia":[{"embeddable":true,"href":"https:\/\/www.sopha-sahara.com\/en\/wp-json\/wp\/v2\/media\/29681"}],"wp:attachment":[{"href":"https:\/\/www.sopha-sahara.com\/en\/wp-json\/wp\/v2\/media?parent=24492"}],"wp:term":[{"taxonomy":"product_cat","embeddable":true,"href":"https:\/\/www.sopha-sahara.com\/en\/wp-json\/wp\/v2\/product_cat?post=24492"},{"taxonomy":"product_tag","embeddable":true,"href":"https:\/\/www.sopha-sahara.com\/en\/wp-json\/wp\/v2\/product_tag?post=24492"}],"curies":[{"name":"wp","href":"https:\/\/api.w.org\/{rel}","templated":true}]}}