{"id":24491,"date":"2020-12-18T15:38:55","date_gmt":"2020-12-18T14:38:55","guid":{"rendered":"https:\/\/www.interbusinesschamber.com\/produit\/extraform-sirop\/"},"modified":"2020-12-28T12:43:14","modified_gmt":"2020-12-28T11:43:14","slug":"extraform-sirop","status":"publish","type":"product","link":"https:\/\/www.sopha-sahara.com\/en\/product\/extraform-sirop\/","title":{"rendered":"EXTRAFORM SIROP \u00ae"},"content":{"rendered":"<h4><i class=\"fa fa-plus\"><\/i><a>Ingr\u00e9dients<\/a><\/h4>\n<p><strong>Extraits de: Hibiscus-Fenugrec-Gentiane-Fenouil - Vit: B1- B2- B6 et Vit C<\/strong><\/p>\n<h4><i class=\"fa fa-plus\"><\/i><a>Mode d'emploi<\/a><\/h4>\n<p>Enfant &lt;5ans: 1 cuill\u00e8re \u00e0 caf\u00e9 par jour. Enfant &gt;5ans: 2 cuill\u00e8res \u00e0 caf\u00e9 par jour. Adultes: 2 Cuill\u00e8res \u00e0 caf\u00e9 par jour. A prendre avant les repas pur ou dilu\u00e9 dans un jus<\/p>\n<p>&nbsp;<\/p>\n<p><strong>EXTRA<\/strong><strong>FORM<\/strong>\u00ae\u00a0Sirop, riche en Fenugrec, poss\u00e8de la facult\u00e9 de stimuler la prise de poids chez les personnes \u00abmaigres \u00bb, et constitue un tr\u00e8s bon fortifiant et \u00ab anabolisant \u00bb gr\u00e2ce \u00e0 son abondance naturelle de prot\u00e9ines.<\/p>\n<p>L\u2019Hibiscus et la Gentiane associ\u00e9s dans sa formule sont pr\u00e9conis\u00e9s dans le traitement des troubles digestifs.<br \/>Gr\u00e2ce \u00e0 leur synergie avec le Fenugrec, la r\u00e9gulation du poids et l'effet ap\u00e9ritif de l\u2019<strong>EXTRA<\/strong><strong>FORM<\/strong>\u00ae\u00a0Sirop sont augment\u00e9s. Cette alliance est soutenue par le Fenouil qui joue un r\u00f4le diur\u00e9tique et carminatif efficace.<br \/>Afin d\u2019am\u00e9liorer les propri\u00e9t\u00e9s tonifiantes naturelles de ses extraits v\u00e9g\u00e9taux, diff\u00e9rentes vitamines ont \u00e9t\u00e9 incluses dans sa formulation : la vitamine C, immuno-stimulant et anti-asth\u00e9nique naturel ainsi que les vitamines B1, B2 et B6 qui pr\u00e9viennent les carences alimentaires gr\u00e2ce \u00e0 leurs actions diverses sur le m\u00e9tablisme prot\u00e9ique, lipidique, glucidique<br \/>et \u00e9nerg\u00e9tique.<br \/>Remin\u00e9ralisant et nourrissant,\u00a0<strong>EXTRA<\/strong><strong>FORM<\/strong>\u00ae\u00a0Sirop poss\u00e8de des propri\u00e9t\u00e9s ap\u00e9ritives, digestives et tonifiantes qui conviennent parfaitement aux convalescents et aux personnes en manque de vitalit\u00e9 comme aux sportifs.<\/p>\n<p>&nbsp;<\/p>","protected":false},"excerpt":{"rendered":"<p>Sirop 100 ml et 200 ml. Go\u00fbt Fraise<\/p>","protected":false},"featured_media":24543,"template":"","meta":{"arc_restricted_post":false},"product_cat":[49,340],"product_tag":[],"_links":{"self":[{"href":"https:\/\/www.sopha-sahara.com\/en\/wp-json\/wp\/v2\/product\/24491"}],"collection":[{"href":"https:\/\/www.sopha-sahara.com\/en\/wp-json\/wp\/v2\/product"}],"about":[{"href":"https:\/\/www.sopha-sahara.com\/en\/wp-json\/wp\/v2\/types\/product"}],"wp:featuredmedia":[{"embeddable":true,"href":"https:\/\/www.sopha-sahara.com\/en\/wp-json\/wp\/v2\/media\/24543"}],"wp:attachment":[{"href":"https:\/\/www.sopha-sahara.com\/en\/wp-json\/wp\/v2\/media?parent=24491"}],"wp:term":[{"taxonomy":"product_cat","embeddable":true,"href":"https:\/\/www.sopha-sahara.com\/en\/wp-json\/wp\/v2\/product_cat?post=24491"},{"taxonomy":"product_tag","embeddable":true,"href":"https:\/\/www.sopha-sahara.com\/en\/wp-json\/wp\/v2\/product_tag?post=24491"}],"curies":[{"name":"wp","href":"https:\/\/api.w.org\/{rel}","templated":true}]}}