{"id":24474,"date":"2020-12-18T14:53:49","date_gmt":"2020-12-18T13:53:49","guid":{"rendered":"https:\/\/www.interbusinesschamber.com\/produit\/fradiolex-gelule\/"},"modified":"2020-12-29T10:14:23","modified_gmt":"2020-12-29T09:14:23","slug":"fradiolex-gelule","status":"publish","type":"product","link":"https:\/\/www.sopha-sahara.com\/en\/product\/fradiolex-gelule\/","title":{"rendered":"Fradiolex G\u00e9lule"},"content":{"rendered":"<p><b>Utilisation\u00a0:<\/b><\/p>\n<p>Prendre 1 \u00e0 2 G\u00e9lule(s) par jour.<\/p>\n<p>Ne pas d\u00e9passer la dose journali\u00e8re recommand\u00e9e.<\/p>\n<p><a href=\"https:\/\/www.interbusinesschamber.com\/wp-content\/uploads\/2020\/12\/Fradiolex-Gelule.jpg\"><img loading=\"lazy\" class=\"alignnone size-medium wp-image-25729\" src=\"https:\/\/www.interbusinesschamber.com\/wp-content\/uploads\/2020\/12\/Fradiolex-Gelule-211x300.jpg\" alt=\"\" width=\"211\" height=\"300\" srcset=\"https:\/\/www.sopha-sahara.com\/wp-content\/uploads\/2020\/12\/Fradiolex-Gelule-211x300.jpg 211w, https:\/\/www.sopha-sahara.com\/wp-content\/uploads\/2020\/12\/Fradiolex-Gelule-600x851.jpg 600w, https:\/\/www.sopha-sahara.com\/wp-content\/uploads\/2020\/12\/Fradiolex-Gelule-64x91.jpg 64w, https:\/\/www.sopha-sahara.com\/wp-content\/uploads\/2020\/12\/Fradiolex-Gelule-722x1024.jpg 722w, https:\/\/www.sopha-sahara.com\/wp-content\/uploads\/2020\/12\/Fradiolex-Gelule-768x1090.jpg 768w, https:\/\/www.sopha-sahara.com\/wp-content\/uploads\/2020\/12\/Fradiolex-Gelule-1082x1536.jpg 1082w, https:\/\/www.sopha-sahara.com\/wp-content\/uploads\/2020\/12\/Fradiolex-Gelule-1443x2048.jpg 1443w, https:\/\/www.sopha-sahara.com\/wp-content\/uploads\/2020\/12\/Fradiolex-Gelule.jpg 1749w\" sizes=\"(max-width: 211px) 100vw, 211px\" \/><\/a><\/p>","protected":false},"excerpt":{"rendered":"<p><b>FRADIOLEX Confort des Articulations 30 G\u00e9lules<\/b><\/p>\n<p>Compl\u00e9ment alimentaire \u00e0 base d\u2019extraits de Plantes (Pr\u00eale des champs+ Curcuma+ Harpagophytum+ Reine des pr\u00e8s), cuivre, magn\u00e9sium et mangan\u00e8se.<\/p>\n<p>Soulage les douleurs inflammatoires.<\/p>\n<p>Aide \u00e0 maintenir les articulations souples.<\/p>\n<p>Aide \u00e0 maintenir la sant\u00e9 du cartilage et \u00e0 la flexibilit\u00e9 des tendons et des cartilages.<\/p>\n<p>Fabriqu\u00e9 en France.<\/p>","protected":false},"featured_media":24477,"template":"","meta":{"arc_restricted_post":false},"product_cat":[49,339],"product_tag":[],"_links":{"self":[{"href":"https:\/\/www.sopha-sahara.com\/en\/wp-json\/wp\/v2\/product\/24474"}],"collection":[{"href":"https:\/\/www.sopha-sahara.com\/en\/wp-json\/wp\/v2\/product"}],"about":[{"href":"https:\/\/www.sopha-sahara.com\/en\/wp-json\/wp\/v2\/types\/product"}],"wp:featuredmedia":[{"embeddable":true,"href":"https:\/\/www.sopha-sahara.com\/en\/wp-json\/wp\/v2\/media\/24477"}],"wp:attachment":[{"href":"https:\/\/www.sopha-sahara.com\/en\/wp-json\/wp\/v2\/media?parent=24474"}],"wp:term":[{"taxonomy":"product_cat","embeddable":true,"href":"https:\/\/www.sopha-sahara.com\/en\/wp-json\/wp\/v2\/product_cat?post=24474"},{"taxonomy":"product_tag","embeddable":true,"href":"https:\/\/www.sopha-sahara.com\/en\/wp-json\/wp\/v2\/product_tag?post=24474"}],"curies":[{"name":"wp","href":"https:\/\/api.w.org\/{rel}","templated":true}]}}