{"id":24473,"date":"2020-12-18T14:53:49","date_gmt":"2020-12-18T13:53:49","guid":{"rendered":"https:\/\/www.interbusinesschamber.com\/produit\/vitatonix\/"},"modified":"2020-12-29T10:16:08","modified_gmt":"2020-12-29T09:16:08","slug":"vitatonix","status":"publish","type":"product","link":"https:\/\/www.sopha-sahara.com\/en\/product\/vitatonix\/","title":{"rendered":"Vitatonix"},"content":{"rendered":"<p>mode d'utilisation:\u00a0<\/p>\n<p>Prendre un comprim\u00e9 par jour \u00e0 dissoudre dans un verre d'eau pendant un mois, \u00e0 renouveler<\/p>\n<p><a href=\"https:\/\/www.interbusinesschamber.com\/wp-content\/uploads\/2020\/12\/Vitatonix-1.jpg\"><img loading=\"lazy\" class=\"alignnone size-medium wp-image-25732\" src=\"https:\/\/www.interbusinesschamber.com\/wp-content\/uploads\/2020\/12\/Vitatonix-1-212x300.jpg\" alt=\"\" width=\"212\" height=\"300\" srcset=\"https:\/\/www.sopha-sahara.com\/wp-content\/uploads\/2020\/12\/Vitatonix-1-212x300.jpg 212w, https:\/\/www.sopha-sahara.com\/wp-content\/uploads\/2020\/12\/Vitatonix-1-600x851.jpg 600w, https:\/\/www.sopha-sahara.com\/wp-content\/uploads\/2020\/12\/Vitatonix-1-64x91.jpg 64w, https:\/\/www.sopha-sahara.com\/wp-content\/uploads\/2020\/12\/Vitatonix-1-722x1024.jpg 722w, https:\/\/www.sopha-sahara.com\/wp-content\/uploads\/2020\/12\/Vitatonix-1-768x1089.jpg 768w, https:\/\/www.sopha-sahara.com\/wp-content\/uploads\/2020\/12\/Vitatonix-1.jpg 875w\" sizes=\"(max-width: 212px) 100vw, 212px\" \/><\/a><\/p>","protected":false},"excerpt":{"rendered":"<p>boite de 15 comprim\u00e9s effervescents sans sucre avec \u00e9dulcorants, avec ar\u00f4me d&rsquo;orange qui donne une \u00e9nergie normale pendant la toute la journ\u00e9e\u00a0<\/p>","protected":false},"featured_media":24484,"template":"","meta":{"arc_restricted_post":false},"product_cat":[49,339],"product_tag":[],"_links":{"self":[{"href":"https:\/\/www.sopha-sahara.com\/en\/wp-json\/wp\/v2\/product\/24473"}],"collection":[{"href":"https:\/\/www.sopha-sahara.com\/en\/wp-json\/wp\/v2\/product"}],"about":[{"href":"https:\/\/www.sopha-sahara.com\/en\/wp-json\/wp\/v2\/types\/product"}],"wp:featuredmedia":[{"embeddable":true,"href":"https:\/\/www.sopha-sahara.com\/en\/wp-json\/wp\/v2\/media\/24484"}],"wp:attachment":[{"href":"https:\/\/www.sopha-sahara.com\/en\/wp-json\/wp\/v2\/media?parent=24473"}],"wp:term":[{"taxonomy":"product_cat","embeddable":true,"href":"https:\/\/www.sopha-sahara.com\/en\/wp-json\/wp\/v2\/product_cat?post=24473"},{"taxonomy":"product_tag","embeddable":true,"href":"https:\/\/www.sopha-sahara.com\/en\/wp-json\/wp\/v2\/product_tag?post=24473"}],"curies":[{"name":"wp","href":"https:\/\/api.w.org\/{rel}","templated":true}]}}