{"id":24472,"date":"2020-12-18T14:53:49","date_gmt":"2020-12-18T13:53:49","guid":{"rendered":"https:\/\/www.interbusinesschamber.com\/produit\/magmarin\/"},"modified":"2020-12-29T10:17:42","modified_gmt":"2020-12-29T09:17:42","slug":"magmarin","status":"publish","type":"product","link":"https:\/\/www.sopha-sahara.com\/en\/product\/magmarin\/","title":{"rendered":"Magmarin"},"content":{"rendered":"<p><b>Mode d'emploi:<\/b>1 comprim\u00e9 par jour , \u00e0 avaler avec un grand verre d'eau,de pr\u00e9f\u00e9rence la nuit au cours ou apr\u00e8s le d\u00eener.Cure d'un mois renouvelable.Veillez garder un mode de vie sain et un r\u00e9gime alimentaire vari\u00e9 et \u00e9quilibr\u00e9.Ne pas d\u00e9passer la dose journali\u00e8re recommand\u00e9e.<\/p>\n<p><a href=\"https:\/\/www.interbusinesschamber.com\/wp-content\/uploads\/2020\/12\/Magmarin-1.jpg\"><img loading=\"lazy\" class=\"alignnone size-medium wp-image-25727\" src=\"https:\/\/www.interbusinesschamber.com\/wp-content\/uploads\/2020\/12\/Magmarin-1-212x300.jpg\" alt=\"\" width=\"212\" height=\"300\" srcset=\"https:\/\/www.sopha-sahara.com\/wp-content\/uploads\/2020\/12\/Magmarin-1-212x300.jpg 212w, https:\/\/www.sopha-sahara.com\/wp-content\/uploads\/2020\/12\/Magmarin-1-600x851.jpg 600w, https:\/\/www.sopha-sahara.com\/wp-content\/uploads\/2020\/12\/Magmarin-1-64x91.jpg 64w, https:\/\/www.sopha-sahara.com\/wp-content\/uploads\/2020\/12\/Magmarin-1-722x1024.jpg 722w, https:\/\/www.sopha-sahara.com\/wp-content\/uploads\/2020\/12\/Magmarin-1-768x1089.jpg 768w, https:\/\/www.sopha-sahara.com\/wp-content\/uploads\/2020\/12\/Magmarin-1.jpg 875w\" sizes=\"(max-width: 212px) 100vw, 212px\" \/><\/a><\/p>","protected":false},"excerpt":{"rendered":"<p><b>MAGMARIN &#8211; MAGN\u00c9SIUM ET VITAMINE B6 &#8211; 30COMPRIM\u00c9S<\/b>MAGMARIN est un compl\u00e9ment alimentaire \u00e0 base de Magn\u00e9sium marin 300mg et de Vitamine B6 2mg.Le Magn\u00e9sium et la Vitamine B6 contribuent \u00e0 r\u00e9duire la fatigue.Ils contribuent aussi \u00e0 maintenir un bon fonctionnement du syst\u00e8me nerveux.Cette combinaison est in\u00e9dite car elle associe du Magn\u00e9sium marin directement extrait de l&rsquo;eau de mer et de la Vitamine B6 qui en augmente sa fixation, son assimilation et son action.Fabriqu\u00e9 en France selon des proc\u00e9d\u00e9s rigoureux et la conservation est id\u00e9ale assur\u00e9e par une protection individuelle de chaque comprim\u00e9 sous blister.En Boite de 30comprim\u00e9s,MAGMARIN est utile en cas de :\u00a0 \u00a0 -Fatigue.\u00a0 \u00a0 -Stress,Anxi\u00e9t\u00e9.\u00a0 \u00a0 -Nervosit\u00e9.\u00a0 \u00a0 -Troubles de Sommeil.\u00a0 \u00a0 -Douleurs et contractions musculaires : Spasmes digestifs\u00a0 ou Crampes musculaires.<\/p>","protected":false},"featured_media":24482,"template":"","meta":{"arc_restricted_post":false},"product_cat":[49,339],"product_tag":[],"_links":{"self":[{"href":"https:\/\/www.sopha-sahara.com\/en\/wp-json\/wp\/v2\/product\/24472"}],"collection":[{"href":"https:\/\/www.sopha-sahara.com\/en\/wp-json\/wp\/v2\/product"}],"about":[{"href":"https:\/\/www.sopha-sahara.com\/en\/wp-json\/wp\/v2\/types\/product"}],"wp:featuredmedia":[{"embeddable":true,"href":"https:\/\/www.sopha-sahara.com\/en\/wp-json\/wp\/v2\/media\/24482"}],"wp:attachment":[{"href":"https:\/\/www.sopha-sahara.com\/en\/wp-json\/wp\/v2\/media?parent=24472"}],"wp:term":[{"taxonomy":"product_cat","embeddable":true,"href":"https:\/\/www.sopha-sahara.com\/en\/wp-json\/wp\/v2\/product_cat?post=24472"},{"taxonomy":"product_tag","embeddable":true,"href":"https:\/\/www.sopha-sahara.com\/en\/wp-json\/wp\/v2\/product_tag?post=24472"}],"curies":[{"name":"wp","href":"https:\/\/api.w.org\/{rel}","templated":true}]}}