{"id":24467,"date":"2020-12-18T14:53:48","date_gmt":"2020-12-18T13:53:48","guid":{"rendered":"https:\/\/www.interbusinesschamber.com\/produit\/fer-plus-b9\/"},"modified":"2020-12-29T10:10:25","modified_gmt":"2020-12-29T09:10:25","slug":"fer-plus-b9","status":"publish","type":"product","link":"https:\/\/www.sopha-sahara.com\/en\/product\/fer-plus-b9\/","title":{"rendered":"Fer Plus B9"},"content":{"rendered":"<p><b>Mode d'utilisation:<\/b>1e g\u00e9lule par jour de pr\u00e9f\u00e9rence le Matin apr\u00e8s le petit-d\u00e9jeuner.Eviter de prendre du th\u00e9 ou du caf\u00e9 avec la g\u00e9lule.<\/p>\n<p><a href=\"https:\/\/www.interbusinesschamber.com\/wp-content\/uploads\/2020\/12\/Fer-Plus-B9-1.jpg\"><img loading=\"lazy\" class=\"alignnone size-medium wp-image-25722\" src=\"https:\/\/www.interbusinesschamber.com\/wp-content\/uploads\/2020\/12\/Fer-Plus-B9-1-212x300.jpg\" alt=\"\" width=\"212\" height=\"300\" srcset=\"https:\/\/www.sopha-sahara.com\/wp-content\/uploads\/2020\/12\/Fer-Plus-B9-1-212x300.jpg 212w, https:\/\/www.sopha-sahara.com\/wp-content\/uploads\/2020\/12\/Fer-Plus-B9-1-600x851.jpg 600w, https:\/\/www.sopha-sahara.com\/wp-content\/uploads\/2020\/12\/Fer-Plus-B9-1-64x91.jpg 64w, https:\/\/www.sopha-sahara.com\/wp-content\/uploads\/2020\/12\/Fer-Plus-B9-1-722x1024.jpg 722w, https:\/\/www.sopha-sahara.com\/wp-content\/uploads\/2020\/12\/Fer-Plus-B9-1-768x1089.jpg 768w, https:\/\/www.sopha-sahara.com\/wp-content\/uploads\/2020\/12\/Fer-Plus-B9-1.jpg 875w\" sizes=\"(max-width: 212px) 100vw, 212px\" \/><\/a><\/p>","protected":false},"excerpt":{"rendered":"<p><b>FER PLUS B9 &#8211; FER+VITAMINE B12 &#8211; 30G\u00e9lules<\/b>C&rsquo;est le meilleur compl\u00e9ment alimentaire qui garantit un apport journalier de 100% en Fer , Vitamines B9 (acide folique) et et B12 (cobalamine).Il est tr\u00e8s utile avant (en pr\u00e9conception), au cours et apr\u00e8s la grossesse (pendant l&rsquo;allaitement).Il se caract\u00e9rise par une excellente tol\u00e9rance gastrique.Il est utilis\u00e9 en cas d&rsquo;an\u00e9mie par carence en Fer lorsque le r\u00e9gime alimentaire est perturb\u00e9 ou insuffisant pour couvrir les besoins du corps en ce min\u00e9ral.<\/p>","protected":false},"featured_media":24476,"template":"","meta":{"arc_restricted_post":false},"product_cat":[49,339],"product_tag":[],"_links":{"self":[{"href":"https:\/\/www.sopha-sahara.com\/en\/wp-json\/wp\/v2\/product\/24467"}],"collection":[{"href":"https:\/\/www.sopha-sahara.com\/en\/wp-json\/wp\/v2\/product"}],"about":[{"href":"https:\/\/www.sopha-sahara.com\/en\/wp-json\/wp\/v2\/types\/product"}],"wp:featuredmedia":[{"embeddable":true,"href":"https:\/\/www.sopha-sahara.com\/en\/wp-json\/wp\/v2\/media\/24476"}],"wp:attachment":[{"href":"https:\/\/www.sopha-sahara.com\/en\/wp-json\/wp\/v2\/media?parent=24467"}],"wp:term":[{"taxonomy":"product_cat","embeddable":true,"href":"https:\/\/www.sopha-sahara.com\/en\/wp-json\/wp\/v2\/product_cat?post=24467"},{"taxonomy":"product_tag","embeddable":true,"href":"https:\/\/www.sopha-sahara.com\/en\/wp-json\/wp\/v2\/product_tag?post=24467"}],"curies":[{"name":"wp","href":"https:\/\/api.w.org\/{rel}","templated":true}]}}