{"id":24432,"date":"2020-12-18T13:11:03","date_gmt":"2020-12-18T12:11:03","guid":{"rendered":"https:\/\/www.interbusinesschamber.com\/produit\/ultra-k2-d3-direct\/"},"modified":"2020-12-28T15:02:11","modified_gmt":"2020-12-28T14:02:11","slug":"ultra-k2-d3-direct","status":"publish","type":"product","link":"https:\/\/www.sopha-sahara.com\/en\/product\/ultra-k2-d3-direct\/","title":{"rendered":"ULTRA K2 D3 DIRECT"},"content":{"rendered":"<div class=\"uabb-adv-accordion-button uabb-adv-accordion-button5b59bf7b13521 uabb-adv-after-text\">\n<h4 class=\"uabb-adv-accordion-button-label\">COMPOSITION<\/h4>\n<\/div>\n<div class=\"uabb-adv-accordion-content uabb-adv-accordion-content5b59bf7b13521 fl-clearfix uabb-accordion-desc uabb-text-editor\">\n<table class=\"tableau_nutritionnel\">\n<tbody>\n<tr>\n<th>Analyse nutritionnelle<\/th>\n<th>Par stick<\/th>\n<th>AR<sup>*<\/sup><\/th>\n<\/tr>\n<tr>\n<td>Vitamine K2 (M\u00e9naquinone-7)<br \/>Vitamine D3<br \/>Vitamine C<\/td>\n<td>75 \u00b5g<br \/>10 \u00b5g<br \/>80 mg<\/td>\n<td>100%<br \/>200%<br \/>100%<\/td>\n<\/tr>\n<tr>\n<td>Phyto-Matrix<sup>\u2122<\/sup><br \/>dont polyph\u00e9nols<\/td>\n<td>120 mg<br \/>28 mg<\/td>\n<td>-<br \/>-<\/td>\n<\/tr>\n<\/tbody>\n<\/table>\n<\/div>\n<p>&nbsp;<\/p>\n<div class=\"uabb-adv-accordion-button uabb-adv-accordion-button5b59bf7b13521 uabb-adv-after-text\">\n<h4 class=\"uabb-adv-accordion-button-label\">CONSEILS D'UTILISATION<\/h4>\n<\/div>\n<div class=\"uabb-adv-accordion-content uabb-adv-accordion-content5b59bf7b13521 fl-clearfix uabb-accordion-desc uabb-text-editor\">\n<p>Ultra K2-D3 Direct\u00a0est un compl\u00e9ment alimentaire r\u00e9serv\u00e9 \u00e0 l\u2019adulte.<\/p>\n<p>1 stick par jour, \u00e0 prendre sans eau, de pr\u00e9f\u00e9rence le matin apr\u00e8s le petit d\u00e9jeuner. Verser directement le contenu du stick sur la langue.<\/p>\n<p>En programme de 14 jours, \u00e0 renouveler plusieurs fois dans l\u2019ann\u00e9e si n\u00e9cessaire.<\/p>\n<p><strong>Le plus ?<\/strong>\u00a0Une forme tr\u00e8s pratique, facile \u00e0 transporter et sans eau !<\/p>\n<p>Les produits Biofar Direct sont\u00a0<strong>sans sucre, sans aspartame, sans colorant artificiel\u00a0<\/strong>et\u00a0<strong>au bon go\u00fbt fruit\u00e9.<\/strong><\/p>\n<p>Demandez conseil \u00e0 votre pharmacien ou \u00e0 votre m\u00e9decin.<\/p>\n<\/div>","protected":false},"excerpt":{"rendered":"<div class=\"fl-module fl-module-heading fl-node-5b597ce00d6ac smooth majuscules\" data-node=\"5b597ce00d6ac\">\n<div class=\"fl-module-content fl-node-content\">\n<div class=\"woocommerce-product-details__short-description\">\n<p>POUR LA SOLIDIT\u00c9 DES OS<\/p>\n<\/div>\n<\/div>\n<\/div>\n<div class=\"fl-module fl-module-fl-woo-product-description fl-node-5b5857323f430\" data-node=\"5b5857323f430\">\n<div class=\"fl-module-content fl-node-content\">\n<p>Nos os se reconstruisent en permanence, c\u2019est pourquoi il est important d\u2019en prendre soin tous les jours. Certaines p\u00e9riodes sont particuli\u00e8rement cruciales comme la croissance ou lors du vieillissement puisque les besoins de notre squelette sont plus importants. Prenez soin de vos os avec les Laboratoires Biofar gr\u00e2ce \u00e0 \u00ab\u00a0<strong>Ultra K2-D3 Direct<\/strong>\u00a0\u00bb, une formule\u00a0<strong>synergique\u00a0<\/strong>au bon\u00a0<strong>go\u00fbt fruit\u00e9<\/strong>, sp\u00e9cialement con\u00e7ue pour des\u00a0<strong>os forts et sains<\/strong>.<\/p>\n<p>Des vitamines K2, D3 et C\u00a0<strong>hautement biodisponibles<\/strong>\u00a0et combin\u00e9es pour une efficacit\u00e9 optimale\u2026 Les Laboratoires Biofar ont r\u00e9uni les \u00e9l\u00e9ments n\u00e9cessaires pour\u00a0<strong>soutenir votre syst\u00e8me osseux<\/strong>\u00a0! En effet, les vitamines K2 et D3 participent au maintien d\u2019une\u00a0<strong>ossature normale<\/strong>\u00a0et la vitamine C \u00e0 la formation du collag\u00e8ne pour assurer la fonction des os, des dents et des cartilages.<\/p>\n<\/div>\n<\/div>","protected":false},"featured_media":24455,"template":"","meta":{"arc_restricted_post":false},"product_cat":[338,49],"product_tag":[],"_links":{"self":[{"href":"https:\/\/www.sopha-sahara.com\/en\/wp-json\/wp\/v2\/product\/24432"}],"collection":[{"href":"https:\/\/www.sopha-sahara.com\/en\/wp-json\/wp\/v2\/product"}],"about":[{"href":"https:\/\/www.sopha-sahara.com\/en\/wp-json\/wp\/v2\/types\/product"}],"wp:featuredmedia":[{"embeddable":true,"href":"https:\/\/www.sopha-sahara.com\/en\/wp-json\/wp\/v2\/media\/24455"}],"wp:attachment":[{"href":"https:\/\/www.sopha-sahara.com\/en\/wp-json\/wp\/v2\/media?parent=24432"}],"wp:term":[{"taxonomy":"product_cat","embeddable":true,"href":"https:\/\/www.sopha-sahara.com\/en\/wp-json\/wp\/v2\/product_cat?post=24432"},{"taxonomy":"product_tag","embeddable":true,"href":"https:\/\/www.sopha-sahara.com\/en\/wp-json\/wp\/v2\/product_tag?post=24432"}],"curies":[{"name":"wp","href":"https:\/\/api.w.org\/{rel}","templated":true}]}}