{"id":24431,"date":"2020-12-18T13:11:03","date_gmt":"2020-12-18T12:11:03","guid":{"rendered":"https:\/\/www.interbusinesschamber.com\/produit\/magne-time-360-direct\/"},"modified":"2020-12-28T15:10:09","modified_gmt":"2020-12-28T14:10:09","slug":"magne-time-360-direct","status":"publish","type":"product","link":"https:\/\/www.sopha-sahara.com\/en\/product\/magne-time-360-direct\/","title":{"rendered":"MAGNE-TIME 360 DIRECT"},"content":{"rendered":"<div class=\"uabb-adv-accordion-button uabb-adv-accordion-button5b59bf7b13521 uabb-adv-after-text\">\n<h4 class=\"uabb-adv-accordion-button-label\">COMPOSITION<\/h4>\n<\/div>\n<div class=\"uabb-adv-accordion-content uabb-adv-accordion-content5b59bf7b13521 fl-clearfix uabb-accordion-desc uabb-text-editor\">\n<table class=\"tableau_nutritionnel\">\n<tbody>\n<tr>\n<th>Analyse nutritionnelle<\/th>\n<th>Par stick<\/th>\n<th>AR<sup>*<\/sup><\/th>\n<\/tr>\n<tr>\n<td>Magn\u00e9sium<br \/>Zinc<\/td>\n<td>360 mg<br \/>10 mg<\/td>\n<td>96%<br \/>100%<\/td>\n<\/tr>\n<tr>\n<td>Vitamine B1<br \/>Vitamine B2<br \/>Vitamine B3<br \/>Vitamine B5<br \/>Vitamine B6<br \/>Vitamine B8<br \/>Vitamine B9<br \/>Vitamine B12<br \/>Vitamine C<br \/>Vitamine D3<\/td>\n<td>1,1 mg<br \/>1,4 mg<br \/>16 mg<br \/>6 mg<br \/>1,4 mg<br \/>50 \u00b5g<br \/>200 \u00b5g<br \/>2,5 \u00b5g<br \/>80 mg<br \/>5 \u00b5g<\/td>\n<td>100%<br \/>100%<br \/>100%<br \/>100%<br \/>100%<br \/>100%<br \/>100%<br \/>100%<br \/>100%<br \/>100%<\/td>\n<\/tr>\n<tr>\n<td>Taurine<\/td>\n<td>150 mg<\/td>\n<td>-<\/td>\n<\/tr>\n<tr>\n<td>Phyto-Matrix<sup>\u2122<\/sup><br \/>dont polyph\u00e9nols<\/td>\n<td>120 mg<br \/>28 mg<\/td>\n<td>-<br \/>-<\/td>\n<\/tr>\n<\/tbody>\n<\/table>\n<\/div>\n<div class=\"uabb-adv-accordion-button uabb-adv-accordion-button5b59bf7b13521 uabb-adv-after-text\">\n<h4>\u00a0<\/h4>\n<h4 class=\"uabb-adv-accordion-button-label\">CONSEILS D'UTILISATION<\/h4>\n<\/div>\n<div class=\"uabb-adv-accordion-content uabb-adv-accordion-content5b59bf7b13521 fl-clearfix uabb-accordion-desc uabb-text-editor\">\n<p>Magne-Time 360 Direct\u00a0est un compl\u00e9ment alimentaire r\u00e9serv\u00e9 \u00e0 l\u2019adulte.<\/p>\n<p>1 stick par jour, \u00e0 prendre sans eau, de pr\u00e9f\u00e9rence le matin apr\u00e8s le petit d\u00e9jeuner. Verser directement le contenu du stick sur la langue.<\/p>\n<p>En programme de 14 jours, \u00e0 renouveler plusieurs fois dans l\u2019ann\u00e9e si n\u00e9cessaire.<\/p>\n<p><strong>Le plus ?<\/strong>\u00a0Une forme tr\u00e8s pratique, facile \u00e0 transporter et sans eau !<\/p>\n<p>Les produits Biofar Direct sont\u00a0<strong>sans sucre, sans aspartame, sans colorant artificiel\u00a0<\/strong>et\u00a0<strong>au bon go\u00fbt fruit\u00e9.<\/strong><\/p>\n<p>Demandez conseil \u00e0 votre pharmacien ou \u00e0 votre m\u00e9decin.<\/p>\n<\/div>","protected":false},"excerpt":{"rendered":"<div class=\"fl-module fl-module-heading fl-node-5b597ce00d6ac smooth majuscules\" data-node=\"5b597ce00d6ac\">\n<div class=\"fl-module-content fl-node-content\">\n<div class=\"woocommerce-product-details__short-description\">\n<p>CONTRE LA FATIGUE PHYSIQUE ET \u00c9MOTIONNELLE<\/p>\n<\/div>\n<\/div>\n<\/div>\n<div class=\"fl-module fl-module-fl-woo-product-description fl-node-5b5857323f430\" data-node=\"5b5857323f430\">\n<div class=\"fl-module-content fl-node-content\">\n<p>Stress, surmenage, effort physique intense\u2026 Ne laissez pas la fatigue et l\u2019\u00e9motion vous envahir\u00a0! Les Laboratoires Biofar ont d\u00e9velopp\u00e9 pour vous \u00ab\u00a0<strong>Magne-Time 360 Direct<\/strong>\u00a0\u00bb, une formule\u00a0<strong>riche et compl\u00e8te\u00a0<\/strong>au bon\u00a0<strong>go\u00fbt fruit\u00e9<\/strong>, pour vous aider \u00e0 lutter contre la fatigue physique et\/ou \u00e9motionnelle\u00a0\u00e0 tout moment de la journ\u00e9e !<\/p>\n<p>Un dosage optimal en\u00a0<strong>magn\u00e9sium<\/strong>, avec\u00a0<strong>4 sources d\u2019apport synergiques<\/strong>, pour\u00a0<strong>un effet optimal,<\/strong>\u00a0une combinaison de\u00a0<strong>vitamines<\/strong>\u00a0<strong>B, C, D3<\/strong>\u00a0et<strong>\u00a0taurine<\/strong>. Les Laboratoires Biofar ont r\u00e9uni les \u00e9l\u00e9ments n\u00e9cessaires pour lutter contre votre\u00a0<strong>fatigue physique et \u00e9motionnelle<\/strong>. En effet, le magn\u00e9sium et les vitamines B et C participent au\u00a0<strong>bon fonctionnement de votre syst\u00e8me nerveux\u00a0<\/strong>et \u00e0 la\u00a0<strong>r\u00e9duction de votre \u00e9tat de fatigue<\/strong>.<\/p>\n<p><em>Existe aussi, \u00e0 l\u2019export, avec d\u2019autres doses de magn\u00e9sium.<\/em><\/p>\n<\/div>\n<\/div>","protected":false},"featured_media":24448,"template":"","meta":{"arc_restricted_post":false},"product_cat":[338,49],"product_tag":[],"_links":{"self":[{"href":"https:\/\/www.sopha-sahara.com\/en\/wp-json\/wp\/v2\/product\/24431"}],"collection":[{"href":"https:\/\/www.sopha-sahara.com\/en\/wp-json\/wp\/v2\/product"}],"about":[{"href":"https:\/\/www.sopha-sahara.com\/en\/wp-json\/wp\/v2\/types\/product"}],"wp:featuredmedia":[{"embeddable":true,"href":"https:\/\/www.sopha-sahara.com\/en\/wp-json\/wp\/v2\/media\/24448"}],"wp:attachment":[{"href":"https:\/\/www.sopha-sahara.com\/en\/wp-json\/wp\/v2\/media?parent=24431"}],"wp:term":[{"taxonomy":"product_cat","embeddable":true,"href":"https:\/\/www.sopha-sahara.com\/en\/wp-json\/wp\/v2\/product_cat?post=24431"},{"taxonomy":"product_tag","embeddable":true,"href":"https:\/\/www.sopha-sahara.com\/en\/wp-json\/wp\/v2\/product_tag?post=24431"}],"curies":[{"name":"wp","href":"https:\/\/api.w.org\/{rel}","templated":true}]}}