{"id":24430,"date":"2020-12-18T13:11:03","date_gmt":"2020-12-18T12:11:03","guid":{"rendered":"https:\/\/www.interbusinesschamber.com\/produit\/ultra-b12-1000-direct\/"},"modified":"2020-12-28T14:57:37","modified_gmt":"2020-12-28T13:57:37","slug":"ultra-b12-1000-direct","status":"publish","type":"product","link":"https:\/\/www.sopha-sahara.com\/en\/product\/ultra-b12-1000-direct\/","title":{"rendered":"ULTRA B12 1000 DIRECT"},"content":{"rendered":"<div class=\"uabb-adv-accordion-button uabb-adv-accordion-button5b59bf7b13521 uabb-adv-after-text\">\n<h4 class=\"uabb-adv-accordion-button-label\">COMPOSITION<\/h4>\n<\/div>\n<div class=\"uabb-adv-accordion-content uabb-adv-accordion-content5b59bf7b13521 fl-clearfix uabb-accordion-desc uabb-text-editor\">\n<table class=\"tableau_nutritionnel\">\n<tbody>\n<tr>\n<th>Analyse nutritionnelle<\/th>\n<th>Par stick<\/th>\n<th>AR<sup>*<\/sup><\/th>\n<\/tr>\n<tr>\n<td>Vitamine B12 (m\u00e9thylcobalamine)<br \/>Vitamine B9 (Quatrefolic<sup>\u00ae<\/sup>)<br \/>Vitamine B8<br \/>Vitamine B6<br \/>Vitamine B5<br \/>Vitamine B3<br \/>Vitamine B2<br \/>Vitamine B1<br \/>Vitamine D3<\/td>\n<td>1000 \u00b5g<br \/>400 \u00b5g<br \/>150 \u00b5g<br \/>4,2 mg<br \/>12 mg<br \/>12 mg<br \/>2,8 mg<br \/>3,3 mg<br \/>10 \u00b5g<\/td>\n<td>40000%<br \/>200%<br \/>300%<br \/>300%<br \/>200%<br \/>75%<br \/>200%<br \/>300%<br \/>200%<\/td>\n<\/tr>\n<tr>\n<td>Phyto-Matrix<sup>\u2122<\/sup><br \/>dont polyph\u00e9nols<\/td>\n<td>120 mg<br \/>28 mg<\/td>\n<td>-<br \/>-<\/td>\n<\/tr>\n<\/tbody>\n<\/table>\n<div class=\"uabb-adv-accordion-button uabb-adv-accordion-button5b59bf7b13521 uabb-adv-after-text\">\n<h4>\u00a0<\/h4>\n<h4 class=\"uabb-adv-accordion-button-label\">CONSEILS D'UTILISATION<\/h4>\n<\/div>\n<div class=\"uabb-adv-accordion-content uabb-adv-accordion-content5b59bf7b13521 fl-clearfix uabb-accordion-desc uabb-text-editor\">\n<p>Ultra B12 1000 Direct\u00a0est un compl\u00e9ment alimentaire r\u00e9serv\u00e9 \u00e0 l\u2019adulte.<\/p>\n<p>1 stick par jour, \u00e0 prendre sans eau, de pr\u00e9f\u00e9rence le matin apr\u00e8s le petit d\u00e9jeuner. Verser directement le contenu du stick sur la langue.<\/p>\n<p>En programme de 14 jours, \u00e0 renouveler plusieurs fois dans l\u2019ann\u00e9e si n\u00e9cessaire.<\/p>\n<p><strong>Le plus ?<\/strong>\u00a0Une forme tr\u00e8s pratique, facile \u00e0 transporter et sans eau !<\/p>\n<p>Les produits Biofar Direct sont\u00a0<strong>sans sucre, sans aspartame, sans colorant artificiel\u00a0<\/strong>et\u00a0<strong>au bon go\u00fbt fruit\u00e9.<\/strong><\/p>\n<p>Demandez conseil \u00e0 votre pharmacien ou \u00e0 votre m\u00e9decin.<\/p>\n<\/div>\n<\/div>","protected":false},"excerpt":{"rendered":"<div class=\"fl-module fl-module-heading fl-node-5b597ce00d6ac smooth majuscules\" data-node=\"5b597ce00d6ac\">\n<div class=\"fl-module-content fl-node-content\">\n<div class=\"woocommerce-product-details__short-description\">\n<p>POUR VOTRE SYST\u00c8ME NERVEUX<\/p>\n<\/div>\n<\/div>\n<\/div>\n<div class=\"fl-module fl-module-fl-woo-product-description fl-node-5b5857323f430\" data-node=\"5b5857323f430\">\n<div class=\"fl-module-content fl-node-content\">\n<p>Manque de vigilance et de concentration, perte de m\u00e9moire ou troubles de l\u2019humeur\u00a0? Reprenez le contr\u00f4le de vos \u00e9motions\u00a0!\u00a0 Les Laboratoires Biofar ont d\u00e9velopp\u00e9 \u00ab\u00a0<strong>Ultra B12 1000 Direct<\/strong>\u00a0\u00bb, une formule\u00a0<strong>synergique hautement dos\u00e9e\u00a0<\/strong>au\u00a0<strong>go\u00fbt fruit\u00e9<\/strong>, sp\u00e9cialement con\u00e7ue pour retrouver un fonctionnement normal de votre syst\u00e8me nerveux.<\/p>\n<p>Une\u00a0<strong>source bioactive<\/strong>\u00a0de vitamine B12 en association avec d\u2019autres vitamines B. Les Laboratoires Biofar ont r\u00e9uni les \u00e9l\u00e9ments n\u00e9cessaires pour votre cerveau. En effet, les vitamines du groupe B (B1, B5, B6, B9 et B12) participent au\u00a0<strong>fonctionnement normal de votre syst\u00e8me nerveux<\/strong>.<\/p>\n<\/div>\n<\/div>","protected":false},"featured_media":24454,"template":"","meta":{"arc_restricted_post":false},"product_cat":[338,49],"product_tag":[],"_links":{"self":[{"href":"https:\/\/www.sopha-sahara.com\/en\/wp-json\/wp\/v2\/product\/24430"}],"collection":[{"href":"https:\/\/www.sopha-sahara.com\/en\/wp-json\/wp\/v2\/product"}],"about":[{"href":"https:\/\/www.sopha-sahara.com\/en\/wp-json\/wp\/v2\/types\/product"}],"wp:featuredmedia":[{"embeddable":true,"href":"https:\/\/www.sopha-sahara.com\/en\/wp-json\/wp\/v2\/media\/24454"}],"wp:attachment":[{"href":"https:\/\/www.sopha-sahara.com\/en\/wp-json\/wp\/v2\/media?parent=24430"}],"wp:term":[{"taxonomy":"product_cat","embeddable":true,"href":"https:\/\/www.sopha-sahara.com\/en\/wp-json\/wp\/v2\/product_cat?post=24430"},{"taxonomy":"product_tag","embeddable":true,"href":"https:\/\/www.sopha-sahara.com\/en\/wp-json\/wp\/v2\/product_tag?post=24430"}],"curies":[{"name":"wp","href":"https:\/\/api.w.org\/{rel}","templated":true}]}}