{"id":24429,"date":"2020-12-18T13:11:03","date_gmt":"2020-12-18T12:11:03","guid":{"rendered":"https:\/\/www.interbusinesschamber.com\/produit\/ltra-folate-400-direct\/"},"modified":"2020-12-28T15:09:55","modified_gmt":"2020-12-28T14:09:55","slug":"ltra-folate-400-direct","status":"publish","type":"product","link":"https:\/\/www.sopha-sahara.com\/en\/product\/ltra-folate-400-direct\/","title":{"rendered":"ULTRA FOLATE 400 DIRECT"},"content":{"rendered":"<div class=\"uabb-adv-accordion-button uabb-adv-accordion-button5b59bf7b13521 uabb-adv-after-text\">\n<h4 class=\"uabb-adv-accordion-button-label\">COMPOSITION<\/h4>\n<\/div>\n<div class=\"uabb-adv-accordion-content uabb-adv-accordion-content5b59bf7b13521 fl-clearfix uabb-accordion-desc uabb-text-editor\">\n<table class=\"tableau_nutritionnel\">\n<tbody>\n<tr>\n<th>Analyse nutritionnelle<\/th>\n<th>Par stick<\/th>\n<th>AR<sup>*<\/sup><\/th>\n<\/tr>\n<tr>\n<td>Vitamine B6<br \/>Vitamine B9 (Quatrefolic<sup>\u00ae<\/sup>)<br \/>Vitamine B12<br \/>Vitamine C<br \/>Vitamine D3<br \/>Vitamine E<\/td>\n<td>1,4 mg<br \/>400 \u00b5g<br \/>2,5 \u00b5g<br \/>80 mg<br \/>5 \u00b5g<br \/>12 mg<\/td>\n<td>100%<br \/>200%<br \/>100%<br \/>100%<br \/>100%<br \/>100%<\/td>\n<\/tr>\n<tr>\n<td>S\u00e9l\u00e9nium<br \/>Zinc<br \/>Iode<\/td>\n<td>50 \u00b5g<br \/>10 mg<br \/>150 \u00b5g<\/td>\n<td>91%<br \/>100%<br \/>100%<\/td>\n<\/tr>\n<tr>\n<td>Phyto-Matrix<sup>\u2122<\/sup><br \/>dont polyph\u00e9nols<\/td>\n<td>120 mg<br \/>28 mg<\/td>\n<td>-<br \/>-<\/td>\n<\/tr>\n<\/tbody>\n<\/table>\n<div class=\"uabb-adv-accordion-button uabb-adv-accordion-button5b59bf7b13521 uabb-adv-after-text\">\n<h4>\u00a0<\/h4>\n<h4 class=\"uabb-adv-accordion-button-label\">CONSEILS D'UTILISATION<\/h4>\n<\/div>\n<div class=\"uabb-adv-accordion-content uabb-adv-accordion-content5b59bf7b13521 fl-clearfix uabb-accordion-desc uabb-text-editor\">\n<p>Ultra Folate 400 Direct\u00a0est un compl\u00e9ment alimentaire r\u00e9serv\u00e9 \u00e0 l\u2019adulte.<\/p>\n<p>1 stick par jour, \u00e0 prendre sans eau, de pr\u00e9f\u00e9rence le matin apr\u00e8s le petit d\u00e9jeuner. Verser directement le contenu du stick sur la langue.<\/p>\n<p>D\u00e9buter le programme au moins 1 mois avant la conception et le continuer jusqu\u2019\u00e0 3 mois apr\u00e8s.<\/p>\n<p><strong>Le plus ?<\/strong>\u00a0Une forme tr\u00e8s pratique, facile \u00e0 transporter et sans eau !<\/p>\n<p>Les produits Biofar Direct sont\u00a0<strong>sans sucre, sans aspartame, sans colorant artificiel\u00a0<\/strong>et\u00a0<strong>au bon go\u00fbt fruit\u00e9.<\/strong><\/p>\n<p>Demandez conseil \u00e0 votre pharmacien ou \u00e0 votre m\u00e9decin.<\/p>\n<\/div>\n<\/div>","protected":false},"excerpt":{"rendered":"<div class=\"fl-module fl-module-heading fl-node-5b597ce00d6ac smooth majuscules\" data-node=\"5b597ce00d6ac\">\n<div class=\"fl-module-content fl-node-content\">\n<div class=\"woocommerce-product-details__short-description\">\n<p>POUR LA PR\u00c9-CONCEPTION ET LA GROSSESSE<\/p>\n<\/div>\n<\/div>\n<\/div>\n<div class=\"fl-module fl-module-fl-woo-product-description fl-node-5b5857323f430\" data-node=\"5b5857323f430\">\n<div class=\"fl-module-content fl-node-content\">\n<p>La grossesse n\u00e9cessite une attention particuli\u00e8re \u00e0 la fois pour la maman et le futur b\u00e9b\u00e9. En effet, les besoins nutritionnels changent et l\u2019aide d\u2019un compl\u00e9ment alimentaire peut s\u2019av\u00e9rer n\u00e9cessaire pour appr\u00e9hender cette p\u00e9riode en toute tranquillit\u00e9. C\u2019est notamment le cas pour les\u00a0<strong>folates<\/strong>\u00a0dont les besoins augmentent\u00a0<strong>un mois avant la conception<\/strong>\u00a0et se maintiennent durant les\u00a0<strong>premiers mois de la grossesse<\/strong>\u00a0pour la bonne sant\u00e9 du b\u00e9b\u00e9. Les Laboratoires Biofar ont d\u00e9velopp\u00e9 pour vous \u00ab\u00a0<strong>Ultra Folate 400 Direct<\/strong>\u00a0\u00bb, une formule\u00a0<strong>synergique\u00a0<\/strong>au bon go\u00fbt fruit\u00e9, pour\u00a0<strong>vous accompagner dans votre projet de grossesse<\/strong>.<\/p>\n<p>Un\u00a0<strong>dosage optimal\u00a0<\/strong>et<strong>\u00a0hautement biodisponible<\/strong>\u00a0en folates actifs, r\u00e9pondant aux besoins journaliers de la femme en \u00e2ge de procr\u00e9er et de la femme enceinte, combin\u00e9s \u00e0 d\u2019autres vitamines, du s\u00e9l\u00e9nium, du zinc et de l\u2019iode. Les Laboratoires Biofar ont r\u00e9uni les \u00e9l\u00e9ments n\u00e9cessaires pour que votre grossesse se passe au mieux et pour la sant\u00e9 de votre b\u00e9b\u00e9. En effet, les\u00a0<strong>folates et le zinc participent au fonctionnement de la division cellulaire, \u00e9tape cruciale pour le bon d\u00e9veloppement du b\u00e9b\u00e9.<\/strong><\/p>\n<\/div>\n<\/div>","protected":false},"featured_media":24446,"template":"","meta":{"arc_restricted_post":false},"product_cat":[338,49],"product_tag":[],"_links":{"self":[{"href":"https:\/\/www.sopha-sahara.com\/en\/wp-json\/wp\/v2\/product\/24429"}],"collection":[{"href":"https:\/\/www.sopha-sahara.com\/en\/wp-json\/wp\/v2\/product"}],"about":[{"href":"https:\/\/www.sopha-sahara.com\/en\/wp-json\/wp\/v2\/types\/product"}],"wp:featuredmedia":[{"embeddable":true,"href":"https:\/\/www.sopha-sahara.com\/en\/wp-json\/wp\/v2\/media\/24446"}],"wp:attachment":[{"href":"https:\/\/www.sopha-sahara.com\/en\/wp-json\/wp\/v2\/media?parent=24429"}],"wp:term":[{"taxonomy":"product_cat","embeddable":true,"href":"https:\/\/www.sopha-sahara.com\/en\/wp-json\/wp\/v2\/product_cat?post=24429"},{"taxonomy":"product_tag","embeddable":true,"href":"https:\/\/www.sopha-sahara.com\/en\/wp-json\/wp\/v2\/product_tag?post=24429"}],"curies":[{"name":"wp","href":"https:\/\/api.w.org\/{rel}","templated":true}]}}