{"id":24428,"date":"2020-12-18T13:11:03","date_gmt":"2020-12-18T12:11:03","guid":{"rendered":"https:\/\/www.interbusinesschamber.com\/produit\/chrono-c-zinc-direct\/"},"modified":"2020-12-28T15:08:04","modified_gmt":"2020-12-28T14:08:04","slug":"chrono-c-zinc-direct","status":"publish","type":"product","link":"https:\/\/www.sopha-sahara.com\/en\/product\/chrono-c-zinc-direct\/","title":{"rendered":"CHRONO C ZINC DIRECT"},"content":{"rendered":"<div class=\"uabb-adv-accordion-button uabb-adv-accordion-button5b59bf7b13521 uabb-adv-after-text\">\n<h4 class=\"uabb-adv-accordion-button-label\">COMPOSITION<\/h4>\n<\/div>\n<div class=\"uabb-adv-accordion-content uabb-adv-accordion-content5b59bf7b13521 fl-clearfix uabb-accordion-desc uabb-text-editor\">\n<table class=\"tableau_nutritionnel\">\n<tbody>\n<tr>\n<th>Analyse nutritionnelle<\/th>\n<th>Par stick<\/th>\n<th>AR<sup>*<\/sup><\/th>\n<\/tr>\n<tr>\n<td>Vitamine C (avec Ester-C<sup>\u00ae<\/sup>)<br \/>Vitamine D3<\/td>\n<td>320 mg<br \/>5 \u00b5g<\/td>\n<td>400%<br \/>100%<\/td>\n<\/tr>\n<tr>\n<td>Zinc<br \/>S\u00e9l\u00e9nium<\/td>\n<td>15 mg<br \/>55 \u00b5g<\/td>\n<td>150%<br \/>100%<\/td>\n<\/tr>\n<tr>\n<td>L-histidine<\/td>\n<td>25 mg<\/td>\n<td>-<\/td>\n<\/tr>\n<tr>\n<td>Phyto-Matrix<sup>\u2122<\/sup><br \/>dont polyph\u00e9nols<\/td>\n<td>120 mg<br \/>28 mg<\/td>\n<td>-<br \/>-<\/td>\n<\/tr>\n<\/tbody>\n<\/table>\n<div>\u00a0<\/div>\n<div class=\"uabb-adv-accordion-button uabb-adv-accordion-button5b59bf7b13521 uabb-adv-after-text\">\n<h4 class=\"uabb-adv-accordion-button-label\">CONSEILS D'UTILISATION<\/h4>\n<\/div>\n<div class=\"uabb-adv-accordion-content uabb-adv-accordion-content5b59bf7b13521 fl-clearfix uabb-accordion-desc uabb-text-editor\">\n<p>Chrono C-Zinc Direct est un compl\u00e9ment alimentaire r\u00e9serv\u00e9 \u00e0 l\u2019adulte.<\/p>\n<p>1 stick par jour, \u00e0 prendre sans eau, de pr\u00e9f\u00e9rence le matin apr\u00e8s le petit d\u00e9jeuner. Verser directement le contenu du stick sur la langue.<\/p>\n<p>En programme de 14 jours, \u00e0 renouveler plusieurs fois dans l\u2019ann\u00e9e si n\u00e9cessaire.<\/p>\n<p><strong>Le plus ?<\/strong>\u00a0Une forme tr\u00e8s pratique, facile \u00e0 transporter et sans eau !<\/p>\n<p>Les produits Biofar Direct sont\u00a0<strong>sans sucre, sans aspartame, sans colorant artificiel\u00a0<\/strong>et\u00a0<strong>au bon go\u00fbt fruit\u00e9.<\/strong><\/p>\n<p>Demandez conseil \u00e0 votre pharmacien ou \u00e0 votre m\u00e9decin.<\/p>\n<\/div>\n<\/div>","protected":false},"excerpt":{"rendered":"<div class=\"fl-module fl-module-heading fl-node-5b597ce00d6ac smooth majuscules\" data-node=\"5b597ce00d6ac\">\n<div class=\"fl-module-content fl-node-content\">\n<div class=\"woocommerce-product-details__short-description\">\n<p>POUR UNE IMMUNIT\u00c9 RENFORC\u00c9E<\/p>\n<\/div>\n<\/div>\n<\/div>\n<div class=\"fl-module fl-module-fl-woo-product-description fl-node-5b5857323f430\" data-node=\"5b5857323f430\">\n<div class=\"fl-module-content fl-node-content\">\n<p>Notre corps fait constamment face \u00e0 des agressions\u00a0: bact\u00e9ries, virus, changement de temp\u00e9rature\u2026 Aidez-le en soutenant votre syst\u00e8me immunitaire\u00a0! Les Laboratoires Biofar ont d\u00e9velopp\u00e9 pour vous \u00ab\u00a0<strong>Chrono C-Zinc Direct<\/strong>\u00a0\u00bb, une formule\u00a0<strong>synergique\u00a0<\/strong>au bon go\u00fbt fruit\u00e9, pour aider votre corps \u00e0 se d\u00e9fendre tout au long de la journ\u00e9e.<\/p>\n<p>Des vitamines C et D, du zinc et du s\u00e9l\u00e9nium hautement biodisponibles pour une efficacit\u00e9 optimale\u2026 Les Laboratoires Biofar ont r\u00e9uni les \u00e9l\u00e9ments n\u00e9cessaires pour\u00a0<strong>soutenir vos d\u00e9fenses naturelles<\/strong>. En effet, les vitamines C et D, le zinc et le s\u00e9l\u00e9nium participent tous au\u00a0<strong>fonctionnement normal de votre syst\u00e8me immunitaire<\/strong>.<\/p>\n<\/div>\n<\/div>","protected":false},"featured_media":24441,"template":"","meta":{"arc_restricted_post":false},"product_cat":[338,49],"product_tag":[],"_links":{"self":[{"href":"https:\/\/www.sopha-sahara.com\/en\/wp-json\/wp\/v2\/product\/24428"}],"collection":[{"href":"https:\/\/www.sopha-sahara.com\/en\/wp-json\/wp\/v2\/product"}],"about":[{"href":"https:\/\/www.sopha-sahara.com\/en\/wp-json\/wp\/v2\/types\/product"}],"wp:featuredmedia":[{"embeddable":true,"href":"https:\/\/www.sopha-sahara.com\/en\/wp-json\/wp\/v2\/media\/24441"}],"wp:attachment":[{"href":"https:\/\/www.sopha-sahara.com\/en\/wp-json\/wp\/v2\/media?parent=24428"}],"wp:term":[{"taxonomy":"product_cat","embeddable":true,"href":"https:\/\/www.sopha-sahara.com\/en\/wp-json\/wp\/v2\/product_cat?post=24428"},{"taxonomy":"product_tag","embeddable":true,"href":"https:\/\/www.sopha-sahara.com\/en\/wp-json\/wp\/v2\/product_tag?post=24428"}],"curies":[{"name":"wp","href":"https:\/\/api.w.org\/{rel}","templated":true}]}}