{"id":24427,"date":"2020-12-18T13:11:02","date_gmt":"2020-12-18T12:11:02","guid":{"rendered":"https:\/\/www.interbusinesschamber.com\/produit\/cardio-q10-direct\/"},"modified":"2020-12-28T15:06:37","modified_gmt":"2020-12-28T14:06:37","slug":"cardio-q10-direct","status":"publish","type":"product","link":"https:\/\/www.sopha-sahara.com\/en\/product\/cardio-q10-direct\/","title":{"rendered":"CARDIO Q10 DIRECT"},"content":{"rendered":"<div class=\"uabb-adv-accordion-button uabb-adv-accordion-button5b59bf7b13521 uabb-adv-after-text\">\n<h4 class=\"uabb-adv-accordion-button-label\">COMPOSITION<\/h4>\n<\/div>\n<div class=\"uabb-adv-accordion-content uabb-adv-accordion-content5b59bf7b13521 fl-clearfix uabb-accordion-desc uabb-text-editor\">\n<table class=\"tableau_nutritionnel\">\n<tbody>\n<tr>\n<th>Analyse nutritionnelle<\/th>\n<th>Par stick<\/th>\n<th>AR<sup>*<\/sup><\/th>\n<\/tr>\n<tr>\n<td>Coenzyme Q10<\/td>\n<td>50 mg<\/td>\n<td>-<\/td>\n<\/tr>\n<tr>\n<td>Choline<\/td>\n<td>82,5 mg<\/td>\n<td>-<\/td>\n<\/tr>\n<tr>\n<td>Policosanol<\/td>\n<td>20 mg<\/td>\n<td>-<\/td>\n<\/tr>\n<tr>\n<td>Vitamine B1<br \/>Vitamine B6<br \/>Vitamine B9<br \/>Vitamine B12<br \/>Vitamine C<br \/>Vitamine D3<br \/>Vitamine E<br \/>Vitamine K2<\/td>\n<td>2,2 mg<br \/>2,8 mg<br \/>400 \u00b5g<br \/>5 \u00b5g<br \/>80 mg<br \/>5 \u00b5g<br \/>12 mg<br \/>45 \u00b5g<\/td>\n<td>200%<br \/>200%<br \/>200%<br \/>200%<br \/>100%<br \/>100%<br \/>100%<br \/>60%<\/td>\n<\/tr>\n<tr>\n<td>Zinc<br \/>S\u00e9l\u00e9nium<br \/>Chrome<\/td>\n<td>10 mg<br \/>50 \u00b5g<br \/>40 \u00b5g<\/td>\n<td>100%<br \/>91%<br \/>100%<\/td>\n<\/tr>\n<tr>\n<td>Phyto-Matrix<sup>\u2122<\/sup><br \/>dont polyph\u00e9nols<\/td>\n<td>120 mg<br \/>28 mg<\/td>\n<td>-<br \/>-<\/td>\n<\/tr>\n<\/tbody>\n<\/table>\n<\/div>\n<div class=\"uabb-adv-accordion-button uabb-adv-accordion-button5b59bf7b13521 uabb-adv-after-text\">\n<h4>\u00a0<\/h4>\n<h4 class=\"uabb-adv-accordion-button-label\">CONSEILS D'UTILISATION<\/h4>\n<\/div>\n<div class=\"uabb-adv-accordion-content uabb-adv-accordion-content5b59bf7b13521 fl-clearfix uabb-accordion-desc uabb-text-editor\">\n<p>Cardio Q10 Direct\u00a0est un compl\u00e9ment alimentaire r\u00e9serv\u00e9 \u00e0 l\u2019adulte.<\/p>\n<p>1 stick par jour, \u00e0 prendre sans eau, de pr\u00e9f\u00e9rence le matin apr\u00e8s le petit d\u00e9jeuner. Verser directement le contenu du stick sur la langue.<\/p>\n<p>En programme de 14 jours, \u00e0 renouveler plusieurs fois dans l\u2019ann\u00e9e si n\u00e9cessaire.<\/p>\n<p><strong>Le plus ?<\/strong>\u00a0Une forme tr\u00e8s pratique, facile \u00e0 transporter et sans eau !<\/p>\n<p>Les produits Biofar Direct sont\u00a0<strong>sans sucre, sans aspartame, sans colorant artificiel\u00a0<\/strong>et\u00a0<strong>au bon go\u00fbt fruit\u00e9.<\/strong><\/p>\n<p>Demandez conseil \u00e0 votre pharmacien ou \u00e0 votre m\u00e9decin.<\/p>\n<\/div>","protected":false},"excerpt":{"rendered":"<div class=\"fl-module fl-module-heading fl-node-5b597ce00d6ac smooth majuscules\" data-node=\"5b597ce00d6ac\">\n<div class=\"fl-module-content fl-node-content\">\n<div class=\"woocommerce-product-details__short-description\">\n<p>POUR UNE FONCTION CARDIAQUE NORMALE<\/p>\n<\/div>\n<\/div>\n<\/div>\n<div class=\"fl-module fl-module-fl-woo-product-description fl-node-5b5857323f430\" data-node=\"5b5857323f430\">\n<div class=\"fl-module-content fl-node-content\">\n<p>Les maladies cardiovasculaires sont la 2<sup>\u00e8me<\/sup>\u00a0cause de mortalit\u00e9 en France (Minist\u00e8re de la Sant\u00e9). Adopter une bonne hygi\u00e8ne de vie comme une alimentation saine et une activit\u00e9 physique r\u00e9guli\u00e8re participe \u00e0 r\u00e9duire le risque de maladies cardiovasculaires. La prise d\u2019un compl\u00e9ment alimentaire peut vous aider \u00e0 maintenir un\u00a0<strong>fonctionnement normal de votre syst\u00e8me cardiaque<\/strong>. Les Laboratoires Biofar ont d\u00e9velopp\u00e9 pour vous \u00ab\u00a0<strong>Cardio Q10 Direct<\/strong>\u00a0\u00bb, une formule\u00a0<strong>riche et synergique<\/strong><strong>\u00a0<\/strong>au bon\u00a0<strong>go\u00fbt fruit\u00e9<\/strong>, pour que votre c\u0153ur se porte bien.<\/p>\n<p>Une\u00a0<strong>association compl\u00e8te<\/strong>\u00a0de Coenzyme Q10, choline, policosanol, vitamines et min\u00e9raux pour un effet optimal\u2026 Les Laboratoires Biofar ont r\u00e9uni les \u00e9l\u00e9ments n\u00e9cessaires pour\u00a0<strong>votre syst\u00e8me cardiaque<\/strong>. En effet, la vitamine B1 participe \u00e0 une fonction cardiaque normale, les vitamines B6, B9, B12 et la choline contribuent au m\u00e9tabolisme normal de l\u2019homocyst\u00e9ine, impliqu\u00e9 dans les pathologies cardiovasculaires et ath\u00e9roscl\u00e9rotiques.<\/p>\n<\/div>\n<\/div>","protected":false},"featured_media":24438,"template":"","meta":{"arc_restricted_post":false},"product_cat":[338,49],"product_tag":[],"_links":{"self":[{"href":"https:\/\/www.sopha-sahara.com\/en\/wp-json\/wp\/v2\/product\/24427"}],"collection":[{"href":"https:\/\/www.sopha-sahara.com\/en\/wp-json\/wp\/v2\/product"}],"about":[{"href":"https:\/\/www.sopha-sahara.com\/en\/wp-json\/wp\/v2\/types\/product"}],"wp:featuredmedia":[{"embeddable":true,"href":"https:\/\/www.sopha-sahara.com\/en\/wp-json\/wp\/v2\/media\/24438"}],"wp:attachment":[{"href":"https:\/\/www.sopha-sahara.com\/en\/wp-json\/wp\/v2\/media?parent=24427"}],"wp:term":[{"taxonomy":"product_cat","embeddable":true,"href":"https:\/\/www.sopha-sahara.com\/en\/wp-json\/wp\/v2\/product_cat?post=24427"},{"taxonomy":"product_tag","embeddable":true,"href":"https:\/\/www.sopha-sahara.com\/en\/wp-json\/wp\/v2\/product_tag?post=24427"}],"curies":[{"name":"wp","href":"https:\/\/api.w.org\/{rel}","templated":true}]}}