{"id":24426,"date":"2020-12-18T13:11:02","date_gmt":"2020-12-18T12:11:02","guid":{"rendered":"https:\/\/www.interbusinesschamber.com\/produit\/anti-ox-sod-direct\/"},"modified":"2020-12-28T15:06:10","modified_gmt":"2020-12-28T14:06:10","slug":"anti-ox-sod-direct","status":"publish","type":"product","link":"https:\/\/www.sopha-sahara.com\/en\/product\/anti-ox-sod-direct\/","title":{"rendered":"ANTI-OX SOD DIRECT"},"content":{"rendered":"<div class=\"uabb-adv-accordion-item uabb-adv-accordion-item-active\" data-index=\"1\">\n<div class=\"uabb-adv-accordion-button uabb-adv-accordion-button5b59bf7b13521 uabb-adv-after-text\">\n<h4 class=\"uabb-adv-accordion-button-label\">COMPOSITION<\/h4>\n<\/div>\n<div class=\"uabb-adv-accordion-content uabb-adv-accordion-content5b59bf7b13521 fl-clearfix uabb-accordion-desc uabb-text-editor\">\n<table class=\"tableau_nutritionnel\">\n<tbody>\n<tr>\n<th>Analyse nutritionnelle<\/th>\n<th>Par stick<\/th>\n<th>AR<sup>*<\/sup><\/th>\n<\/tr>\n<tr>\n<td>GliSODin<sup>\u00ae<\/sup>\u00a0(extrait de melon)<br \/>dont SOD<\/td>\n<td>250 mg<br \/>250 UI<\/td>\n<td>-<br \/>-<\/td>\n<\/tr>\n<tr>\n<td>Vitamine A<br \/>Vitamine C<br \/>Vitamine E<\/td>\n<td>800 \u00b5g<br \/>120 mg<br \/>12 mg<\/td>\n<td>100%<br \/>150%<br \/>100%<\/td>\n<\/tr>\n<tr>\n<td>Zinc<br \/>S\u00e9l\u00e9nium<\/td>\n<td>15 mg<br \/>100 \u00b5g<\/td>\n<td>150%<br \/>182%<\/td>\n<\/tr>\n<tr>\n<td>Phyto-Matrix<sup>\u2122<\/sup><br \/>dont polyph\u00e9nols<\/td>\n<td>120 mg<br \/>28 mg<\/td>\n<td>-<br \/>-<\/td>\n<\/tr>\n<\/tbody>\n<\/table>\n<p>&nbsp;<\/p>\n<\/div>\n<\/div>\n<div class=\"uabb-adv-accordion-item\" data-index=\"2\">\n<div class=\"uabb-adv-accordion-button uabb-adv-accordion-button5b59bf7b13521 uabb-adv-after-text\">\n<div class=\"uabb-adv-accordion-button uabb-adv-accordion-button5b59bf7b13521 uabb-adv-after-text\">\n<h4 class=\"uabb-adv-accordion-button-label\">CONSEILS D'UTILISATION<\/h4>\n<\/div>\n<div class=\"uabb-adv-accordion-content uabb-adv-accordion-content5b59bf7b13521 fl-clearfix uabb-accordion-desc uabb-text-editor\">\n<p>Anti-Ox SOD Direct est un compl\u00e9ment alimentaire r\u00e9serv\u00e9 \u00e0 l\u2019adulte.<\/p>\n<p>1 stick par jour, \u00e0 prendre sans eau, de pr\u00e9f\u00e9rence le matin apr\u00e8s le petit d\u00e9jeuner. Verser directement le contenu du stick sur la langue.<\/p>\n<p>En programme de 14 jours, \u00e0 renouveler plusieurs fois dans l\u2019ann\u00e9e si n\u00e9cessaire.<\/p>\n<p><strong>Le plus ?<\/strong>\u00a0Une forme tr\u00e8s pratique, facile \u00e0 transporter et sans eau !<\/p>\n<p>Les produits Biofar Direct sont\u00a0<b>sans sucre, sans aspartame, sans colorant artificiel\u00a0<\/b>et\u00a0<strong>au bon go\u00fbt fruit\u00e9.<\/strong><\/p>\n<p>Demandez conseil \u00e0 votre pharmacien ou \u00e0 votre m\u00e9decin.<\/p>\n<\/div>\n<div class=\"uabb-adv-accordion-icon-wrap\">\u00a0<\/div>\n<\/div>\n<\/div>","protected":false},"excerpt":{"rendered":"<div class=\"fl-module fl-module-heading fl-node-5b597ce00d6ac smooth majuscules\" data-node=\"5b597ce00d6ac\">\n<div class=\"fl-module-content fl-node-content\">\n<div class=\"woocommerce-product-details__short-description\">\n<p>POUR UNE PROTECTION CELLULAIRE<\/p>\n<\/div>\n<\/div>\n<\/div>\n<div class=\"fl-module fl-module-fl-woo-product-description fl-node-5b5857323f430\" data-node=\"5b5857323f430\">\n<div class=\"fl-module-content fl-node-content\">\n<p>Pollution, processus oxydatif, rayons du soleil, activit\u00e9 sportive intense\u2026 Votre corps est soumis \u00e0 un stress oxydatif permanent. Pr\u00e9servez votre capital sant\u00e9 gr\u00e2ce aux antioxydants\u00a0! Les Laboratoires Biofar ont d\u00e9velopp\u00e9 pour vous \u00ab\u00a0<strong>Anti-Ox SOD Direct<\/strong>\u00a0\u00bb, une formule\u00a0<strong>synergique\u00a0<\/strong>au bon go\u00fbt\u00a0<strong>fruit\u00e9\u00a0<\/strong>; votre meilleur\u00a0<strong>alli\u00e9 contre le stress oxydatif<\/strong>.<\/p>\n<p>Une formule\u00a0<strong>riche<\/strong>\u00a0en\u00a0<strong>pr\u00e9curseurs d\u2019antioxydants endog\u00e8nes<\/strong>\u00a0(SOD, catalase, glutathion) et en\u00a0<strong>antioxydants exog\u00e8nes<\/strong>\u00a0(SOD brevet\u00e9e, s\u00e9l\u00e9nium, zinc, vitamines A,C,E)\u2026 Les Laboratoires Biofar ont r\u00e9uni les \u00e9l\u00e9ments n\u00e9cessaires pour\u00a0<strong>lutter contre le stress oxydatif et pr\u00e9venir le vieillissement cellulaire<\/strong>. En effet, les vitamines C, E ainsi que le zinc et le s\u00e9l\u00e9nium contribuent \u00e0 prot\u00e9ger les cellules du stress oxydatif.\u00a0<\/p>\n<\/div>\n<\/div>","protected":false},"featured_media":24435,"template":"","meta":{"arc_restricted_post":false},"product_cat":[338,49],"product_tag":[],"_links":{"self":[{"href":"https:\/\/www.sopha-sahara.com\/en\/wp-json\/wp\/v2\/product\/24426"}],"collection":[{"href":"https:\/\/www.sopha-sahara.com\/en\/wp-json\/wp\/v2\/product"}],"about":[{"href":"https:\/\/www.sopha-sahara.com\/en\/wp-json\/wp\/v2\/types\/product"}],"wp:featuredmedia":[{"embeddable":true,"href":"https:\/\/www.sopha-sahara.com\/en\/wp-json\/wp\/v2\/media\/24435"}],"wp:attachment":[{"href":"https:\/\/www.sopha-sahara.com\/en\/wp-json\/wp\/v2\/media?parent=24426"}],"wp:term":[{"taxonomy":"product_cat","embeddable":true,"href":"https:\/\/www.sopha-sahara.com\/en\/wp-json\/wp\/v2\/product_cat?post=24426"},{"taxonomy":"product_tag","embeddable":true,"href":"https:\/\/www.sopha-sahara.com\/en\/wp-json\/wp\/v2\/product_tag?post=24426"}],"curies":[{"name":"wp","href":"https:\/\/api.w.org\/{rel}","templated":true}]}}