{"id":24425,"date":"2020-12-18T13:11:02","date_gmt":"2020-12-18T12:11:02","guid":{"rendered":"https:\/\/www.interbusinesschamber.com\/produit\/zero-stress-300-direct\/"},"modified":"2020-12-28T14:43:26","modified_gmt":"2020-12-28T13:43:26","slug":"zero-stress-300-direct","status":"publish","type":"product","link":"https:\/\/www.sopha-sahara.com\/en\/product\/zero-stress-300-direct\/","title":{"rendered":"ZERO STRESS 300 DIRECT"},"content":{"rendered":"<div class=\"uabb-adv-accordion-button uabb-adv-accordion-button5b59bf7b13521 uabb-adv-after-text\">\n<h4 class=\"uabb-adv-accordion-button-label\">COMPOSITION<\/h4>\n<\/div>\n<div class=\"uabb-adv-accordion-content uabb-adv-accordion-content5b59bf7b13521 fl-clearfix uabb-accordion-desc uabb-text-editor\">\n<table class=\"tableau_nutritionnel\">\n<tbody>\n<tr>\n<th>Analyse nutritionnelle<\/th>\n<th>Pour 2 sticks<\/th>\n<th>AR<sup>*<\/sup><\/th>\n<\/tr>\n<tr>\n<td>Lactium<sup>\u00ae<\/sup><br \/>Taurine<br \/>L-glycine<\/td>\n<td>300 mg<br \/>200 mg<br \/>200 mg<\/td>\n<td>-<br \/>-<br \/>-<\/td>\n<\/tr>\n<tr>\n<td>Extrait de rhodiole<br \/>(\u00e9quivalent plante s\u00e8che)<\/td>\n<td>40 mg<br \/>280 mg<\/td>\n<td>-<\/td>\n<\/tr>\n<tr>\n<td>Magn\u00e9sium<br \/>Zinc<\/td>\n<td>300 mg<br \/>10 mg<\/td>\n<td>80%<br \/>100%<\/td>\n<\/tr>\n<tr>\n<td>Vitamine B1<br \/>Vitamine B2<br \/>Vitamine B3<br \/>Vitamine B5<br \/>Vitamine B6<br \/>Vitamine B8<br \/>Vitamine B9<br \/>Vitamine B12<\/td>\n<td>2,2 mg<br \/>2,8 mg<br \/>32 mg<br \/>12 mg<br \/>2,8 mg<br \/>100 \u03bcg<br \/>400 \u03bcg<br \/>5 \u03bcg<\/td>\n<td>200%<br \/>200%<br \/>200%<br \/>200%<br \/>200%<br \/>200%<br \/>200%<br \/>200%<\/td>\n<\/tr>\n<tr>\n<td>Phyto-Matrix<sup>\u2122<\/sup><br \/>dont polyph\u00e9nois<\/td>\n<td>240 mg<br \/>56 mg<\/td>\n<td>-<br \/>-<\/td>\n<\/tr>\n<\/tbody>\n<\/table>\n<div class=\"uabb-adv-accordion-button uabb-adv-accordion-button5b59bf7b13521 uabb-adv-after-text\">\n<h4>\u00a0<\/h4>\n<h4 class=\"uabb-adv-accordion-button-label\">CONSEILS D'UTILISATION<\/h4>\n<\/div>\n<div class=\"uabb-adv-accordion-content uabb-adv-accordion-content5b59bf7b13521 fl-clearfix uabb-accordion-desc uabb-text-editor\">\n<p>Z\u00e9ro Stress 300 Direct est un compl\u00e9ment alimentaire r\u00e9serv\u00e9 \u00e0 l\u2019adulte.<\/p>\n<p>2 sticks par jour \u00e0 prendre sans eau de pr\u00e9f\u00e9rence le matin apr\u00e8s le petit d\u00e9jeuner et apr\u00e8s le repas de midi.<\/p>\n<p>En programme de 7 jours, \u00e0 renouveler plusieurs fois dans l\u2019ann\u00e9e si n\u00e9cessaire.<\/p>\n<p><strong>Le plus ?<\/strong>\u00a0Une forme tr\u00e8s pratique, facile \u00e0 transporter et sans eau !<\/p>\n<p>Les produits Biofar Direct sont\u00a0<strong>sans sucre, sans aspartame, sans colorant artificiel\u00a0<\/strong>et\u00a0<strong>au bon go\u00fbt fruit\u00e9.<\/strong><\/p>\n<p>Demandez conseil \u00e0 votre pharmacien ou \u00e0 votre m\u00e9decin.<\/p>\n<\/div>\n<\/div>","protected":false},"excerpt":{"rendered":"<div class=\"fl-module fl-module-heading fl-node-5b597ce00d6ac smooth majuscules\" data-node=\"5b597ce00d6ac\">\n<div class=\"fl-module-content fl-node-content\">\n<div class=\"woocommerce-product-details__short-description\">\n<p>POUR LUTTER CONTRE LE STRESS PASSAGER<\/p>\n<\/div>\n<\/div>\n<\/div>\n<div class=\"fl-module fl-module-fl-woo-product-description fl-node-5b5857323f430\" data-node=\"5b5857323f430\">\n<div class=\"fl-module-content fl-node-content\">\n<p>Le stress se g\u00e9n\u00e9ralise et est une des causes de nombreux soucis\u2026 Lutter contre lui est indispensable\u00a0! Les Laboratoires Biofar ont d\u00e9velopp\u00e9 pour vous \u00ab\u00a0<strong>Z\u00e9ro Stress 300 Direct<\/strong>\u00a0\u00bb, une formule\u00a0<strong>riche et compl\u00e8te\u00a0<\/strong>au bon\u00a0<strong>go\u00fbt fruit\u00e9<\/strong>, pour vous aider \u00e0 am\u00e9liorer votre\u00a0<strong>r\u00e9sistance au stress<\/strong>\u00a0!<\/p>\n<p>Une association de\u00a0<strong>Lactium<sup>\u00ae<\/sup>\u00a0hautement dos\u00e9<\/strong>, d\u2019extrait de\u00a0<strong>rhodiole<\/strong>\u00a0et de\u00a0<strong>magn\u00e9sium hautement biodisponible<\/strong>, pour\u00a0<strong>un effet optimal\u2026<\/strong>Les Laboratoires\u00a0Biofar ont r\u00e9uni les \u00e9l\u00e9ments n\u00e9cessaires pour vous aider \u00e0\u00a0<strong>lutter contre le stress.<\/strong><\/p>\n<\/div>\n<\/div>","protected":false},"featured_media":24460,"template":"","meta":{"arc_restricted_post":false},"product_cat":[338,49],"product_tag":[],"_links":{"self":[{"href":"https:\/\/www.sopha-sahara.com\/en\/wp-json\/wp\/v2\/product\/24425"}],"collection":[{"href":"https:\/\/www.sopha-sahara.com\/en\/wp-json\/wp\/v2\/product"}],"about":[{"href":"https:\/\/www.sopha-sahara.com\/en\/wp-json\/wp\/v2\/types\/product"}],"wp:featuredmedia":[{"embeddable":true,"href":"https:\/\/www.sopha-sahara.com\/en\/wp-json\/wp\/v2\/media\/24460"}],"wp:attachment":[{"href":"https:\/\/www.sopha-sahara.com\/en\/wp-json\/wp\/v2\/media?parent=24425"}],"wp:term":[{"taxonomy":"product_cat","embeddable":true,"href":"https:\/\/www.sopha-sahara.com\/en\/wp-json\/wp\/v2\/product_cat?post=24425"},{"taxonomy":"product_tag","embeddable":true,"href":"https:\/\/www.sopha-sahara.com\/en\/wp-json\/wp\/v2\/product_tag?post=24425"}],"curies":[{"name":"wp","href":"https:\/\/api.w.org\/{rel}","templated":true}]}}