{"id":24424,"date":"2020-12-18T13:11:02","date_gmt":"2020-12-18T12:11:02","guid":{"rendered":"https:\/\/www.interbusinesschamber.com\/produit\/green-boost-b-ca-direct\/"},"modified":"2020-12-28T15:09:39","modified_gmt":"2020-12-28T14:09:39","slug":"green-boost-b-ca-direct","status":"publish","type":"product","link":"https:\/\/www.sopha-sahara.com\/en\/product\/green-boost-b-ca-direct\/","title":{"rendered":"GREEN BOOST B-Ca DIRECT"},"content":{"rendered":"<div class=\"uabb-adv-accordion-button uabb-adv-accordion-button5b59bf7b13521 uabb-adv-after-text\">\n<h4 class=\"uabb-adv-accordion-button-label\">COMPOSITION<\/h4>\n<\/div>\n<div class=\"uabb-adv-accordion-content uabb-adv-accordion-content5b59bf7b13521 fl-clearfix uabb-accordion-desc uabb-text-editor\">\n<table class=\"tableau_nutritionnel\">\n<tbody>\n<tr>\n<th>Analyse nutritionnelle<\/th>\n<th>Par stick<\/th>\n<th>AR<sup>*<\/sup><\/th>\n<\/tr>\n<tr>\n<td>Extrait de guarana<br \/>Extrait d\u2019ac\u00e9rola<\/td>\n<td>80 mg<br \/>80 mg<\/td>\n<td>-<br \/>-<\/td>\n<\/tr>\n<tr>\n<td>Caf\u00e9ine totale<br \/>L-th\u00e9anine<br \/>Taurine<\/td>\n<td>75 mg<br \/>100 mg<br \/>75 mg<\/td>\n<td>-<br \/>-<br \/>-<\/td>\n<\/tr>\n<tr>\n<td>Vitamine B1<br \/>Vitamine B2<br \/>Vitamine B3<br \/>Vitamine B5<br \/>Vitamine B6<br \/>Vitamine B8<br \/>Vitamine B9<br \/>Vitamine B12<br \/>Vitamine C<\/td>\n<td>1,6 mg<br \/>2,1 mg<br \/>24 mg<br \/>9 mg<br \/>2,1 mg<br \/>75 \u03bcg<br \/>300 \u03bcg<br \/>3,7 \u03bcg<br \/>80 mg<\/td>\n<td>150%<br \/>150%<br \/>150%<br \/>150%<br \/>150%<br \/>150%<br \/>150%<br \/>150%<br \/>100%<\/td>\n<\/tr>\n<tr>\n<td>Calcium<br \/>Magn\u00e9sium<br \/>Zinc<\/td>\n<td>120 mg<br \/>120 mg<br \/>10 mg<\/td>\n<td>15%<br \/>32%<br \/>100%<\/td>\n<\/tr>\n<tr>\n<td>Phyto-Matrix<sup>\u2122<\/sup><br \/>dont polyph\u00e9nois<\/td>\n<td>120 mg<br \/>28 mg<\/td>\n<td>-<br \/>-<\/td>\n<\/tr>\n<\/tbody>\n<\/table>\n<\/div>\n<p>&nbsp;<\/p>\n<div class=\"uabb-adv-accordion-button uabb-adv-accordion-button5b59bf7b13521 uabb-adv-after-text\">\n<h4 class=\"uabb-adv-accordion-button-label\">CONSEILS D'UTILISATION<\/h4>\n<\/div>\n<div class=\"uabb-adv-accordion-content uabb-adv-accordion-content5b59bf7b13521 fl-clearfix uabb-accordion-desc uabb-text-editor\">\n<p>Green Boost B-Ca Direct est un compl\u00e9ment alimentaire r\u00e9serv\u00e9 \u00e0 l\u2019adulte.<\/p>\n<p>1 stick par jour, \u00e0 prendre sans eau, de pr\u00e9f\u00e9rence le matin apr\u00e8s le petit d\u00e9jeuner. Verser directement le contenu du stick sur la langue.<\/p>\n<p>En programme de 14 jours, \u00e0 renouveler plusieurs fois dans l\u2019ann\u00e9e si n\u00e9cessaire.<\/p>\n<p><strong>Le plus ?<\/strong>\u00a0Une forme tr\u00e8s pratique, facile \u00e0 transporter et sans eau !<\/p>\n<p>Les produits Biofar Direct sont\u00a0<strong>sans sucre, sans aspartame, sans colorant artificiel\u00a0<\/strong>et\u00a0<strong>au bon go\u00fbt fruit\u00e9.<\/strong><\/p>\n<p>Demandez conseil \u00e0 votre pharmacien ou \u00e0 votre m\u00e9decin.<\/p>\n<p>&nbsp;<\/p>\n<\/div>","protected":false},"excerpt":{"rendered":"<div class=\"fl-module fl-module-heading fl-node-5b597ce00d6ac smooth majuscules\" data-node=\"5b597ce00d6ac\">\n<div class=\"fl-module-content fl-node-content\">\n<div class=\"woocommerce-product-details__short-description\">\n<p>POUR STIMULER VOTRE \u00c9NERGIE PHYSIQUE ET INTELLECTUELLE<\/p>\n<\/div>\n<\/div>\n<\/div>\n<div class=\"fl-module fl-module-fl-woo-product-description fl-node-5b5857323f430\" data-node=\"5b5857323f430\">\n<div class=\"fl-module-content fl-node-content\">\n<p>Les fatigues physique et nerveuse sont de plus en plus souvent li\u00e9es\u2026 Ne les laissez pas perturber vos activit\u00e9s\u00a0! Les Laboratoires Biofar ont d\u00e9velopp\u00e9 pour vous \u00ab\u00a0<strong>Green Boost B-Ca Direct<\/strong>\u00a0\u00bb, une formule\u00a0<strong>riche et compl\u00e8te\u00a0<\/strong>au bon\u00a0<strong>go\u00fbt fruit\u00e9<\/strong>, pour vous aider \u00e0 retrouver votre \u00e9nergie physique et intellectuelle !<\/p>\n<p>Une association d\u2019extraits de\u00a0<strong>guarana<\/strong>\u00a0et d\u2019<strong>ac\u00e9rola<\/strong>, de\u00a0<strong>L-th\u00e9anine<\/strong>, de\u00a0<strong>vitamines B et C<\/strong>, de\u00a0<strong>calcium<\/strong>, de\u00a0<strong>magn\u00e9sium<\/strong>, de\u00a0<strong>zinc<\/strong>\u00a0et de\u00a0<strong>taurine<\/strong>\u00a0pour\u00a0<strong>un effet optimal<\/strong>\u2026 Les Laboratoires Biofar ont r\u00e9uni les \u00e9l\u00e9ments n\u00e9cessaires pour\u00a0<strong>lutter contre votre\u00a0fatigue physique et intellectuelle<\/strong>.<\/p>\n<\/div>\n<\/div>","protected":false},"featured_media":24445,"template":"","meta":{"arc_restricted_post":false},"product_cat":[338,49],"product_tag":[],"_links":{"self":[{"href":"https:\/\/www.sopha-sahara.com\/en\/wp-json\/wp\/v2\/product\/24424"}],"collection":[{"href":"https:\/\/www.sopha-sahara.com\/en\/wp-json\/wp\/v2\/product"}],"about":[{"href":"https:\/\/www.sopha-sahara.com\/en\/wp-json\/wp\/v2\/types\/product"}],"wp:featuredmedia":[{"embeddable":true,"href":"https:\/\/www.sopha-sahara.com\/en\/wp-json\/wp\/v2\/media\/24445"}],"wp:attachment":[{"href":"https:\/\/www.sopha-sahara.com\/en\/wp-json\/wp\/v2\/media?parent=24424"}],"wp:term":[{"taxonomy":"product_cat","embeddable":true,"href":"https:\/\/www.sopha-sahara.com\/en\/wp-json\/wp\/v2\/product_cat?post=24424"},{"taxonomy":"product_tag","embeddable":true,"href":"https:\/\/www.sopha-sahara.com\/en\/wp-json\/wp\/v2\/product_tag?post=24424"}],"curies":[{"name":"wp","href":"https:\/\/api.w.org\/{rel}","templated":true}]}}